{"id":51396,"date":"2023-05-09T15:06:48","date_gmt":"2023-05-09T13:06:48","guid":{"rendered":"https:\/\/testsite.sneeboer.com\/tuingereedschap\/vertikutierrechen"},"modified":"2025-08-31T20:28:06","modified_gmt":"2025-08-31T18:28:06","slug":"vertikutierrechen","status":"publish","type":"product","link":"https:\/\/sneeboer.com\/de\/handgeschmiedete-gartengeraete\/vertikutierrechen","title":{"rendered":"Vertikutierrechen"},"content":{"rendered":"<p>Zwecks Wartung oder Austausch lassen sich die sechs Klingen des Vertikutierrechens leicht abnehmen. Der Rechen wird mit einem 155 cm langen Eschenholzstiel mit Knauf geliefert.<\/p>\n","protected":false},"excerpt":{"rendered":"<p>Der Vertikutierrechen wurde speziell daf\u00fcr entwickelt, den Rasen zu l\u00fcften, Moos zu entfernen und das Wachstum von neuem Gras zu f\u00f6rdern. Der Vertikutierrechen verf\u00fcgt \u00fcber sechs scharfe Klingen und ist schmaler als andere Rechentypen, um das L\u00fcften des Rasens weniger m\u00fchsam zu machen. Das Vertikutieren des Rasens entfernt Moos und schneidet die Graswurzeln ab, was ein zus\u00e4tzliches Wurzelwachstum anregt und den Rasen somit st\u00e4rkt. Der Vertikutierrechen kann auch zum Anlegen schmaler Furchen in Saatbeeten verwendet werden.<\/p>\n","protected":false},"featured_media":66206,"comment_status":"closed","ping_status":"closed","template":"","meta":{"inline_featured_image":false,"product_video_url":"","product_360_url":""},"product_brand":[],"product_cat":[423],"product_tag":[477,323,531],"weeds":[],"soil_types":[],"class_list":{"0":"post-51396","1":"product","2":"type-product","3":"status-publish","4":"has-post-thumbnail","6":"product_cat-rechen-de","7":"product_tag-harken-de","8":"product_tag-rasenpflege","9":"product_tag-unkraut-entfernen","10":"post","12":"first","13":"instock","14":"taxable","15":"shipping-taxable","16":"purchasable","17":"product-type-simple"},"exclude_global_add_ons":false,"addons":[{"name":"Gravur","type":"custom_text","position":0,"required":false,"title_format":"heading","default":"","description_enable":true,"description":"Geben Sie bis zu 50 Zeichen ein.","placeholder_enable":false,"placeholder":"","display":"select","restrictions_type":"any_text","adjust_price":true,"price":"4.92","price_type":"quantity_based","restrictions":true,"min":"1","max":"50","options":[],"id":1684165753}],"_links":{"self":[{"href":"https:\/\/sneeboer.com\/de\/wp-json\/wp\/v2\/product\/51396","targetHints":{"allow":["GET"]}}],"collection":[{"href":"https:\/\/sneeboer.com\/de\/wp-json\/wp\/v2\/product"}],"about":[{"href":"https:\/\/sneeboer.com\/de\/wp-json\/wp\/v2\/types\/product"}],"replies":[{"embeddable":true,"href":"https:\/\/sneeboer.com\/de\/wp-json\/wp\/v2\/comments?post=51396"}],"wp:featuredmedia":[{"embeddable":true,"href":"https:\/\/sneeboer.com\/de\/wp-json\/wp\/v2\/media\/66206"}],"wp:attachment":[{"href":"https:\/\/sneeboer.com\/de\/wp-json\/wp\/v2\/media?parent=51396"}],"wp:term":[{"taxonomy":"product_brand","embeddable":true,"href":"https:\/\/sneeboer.com\/de\/wp-json\/wp\/v2\/product_brand?post=51396"},{"taxonomy":"product_cat","embeddable":true,"href":"https:\/\/sneeboer.com\/de\/wp-json\/wp\/v2\/product_cat?post=51396"},{"taxonomy":"product_tag","embeddable":true,"href":"https:\/\/sneeboer.com\/de\/wp-json\/wp\/v2\/product_tag?post=51396"},{"taxonomy":"weeds","embeddable":true,"href":"https:\/\/sneeboer.com\/de\/wp-json\/wp\/v2\/weeds?post=51396"},{"taxonomy":"soil_types","embeddable":true,"href":"https:\/\/sneeboer.com\/de\/wp-json\/wp\/v2\/soil_types?post=51396"}],"curies":[{"name":"wp","href":"https:\/\/api.w.org\/{rel}","templated":true}]}}