{"id":51387,"date":"2023-05-09T15:05:47","date_gmt":"2023-05-09T13:05:47","guid":{"rendered":"https:\/\/testsite.sneeboer.com\/tuingereedschap\/laubrechen-7z-2"},"modified":"2026-03-04T18:15:05","modified_gmt":"2026-03-04T17:15:05","slug":"laubrechen-7z-2","status":"publish","type":"product","link":"https:\/\/sneeboer.com\/de\/handgeschmiedete-gartengeraete\/laubrechen-7z-2","title":{"rendered":"Laubrechen 7Z"},"content":{"rendered":"\n<p>Der Handlaubrechen ist mit Eschen- oder Kirschholzstiel oder verschiedenen Stielvarianten erh\u00e4ltlich.<\/p>\n","protected":false},"excerpt":{"rendered":"<p>Der Laubrechen mit sieben Zinken und Eschenholzstiel wurde gemeinsam mit einem renommierten englischen Rosenz\u00fcchter entworfen. Dieses Werkzeug eignet sich perfekt zum Aufsammeln von abgefallenen Bl\u00fctenbl\u00e4ttern auf engem Raum, z. B. in Rosenrabatten. Mit diesem Rechen mit sieben Zinken k\u00f6nnen abgefallene Bl\u00fctenbl\u00e4tter aufgesammelt, der Boden gel\u00fcftet und unerw\u00fcnschtes Unkraut entfernt werden, ohne sich dabei die H\u00e4nde zu verletzen. Die spezielle Konstruktion des Eschenholzstiels mit einem Durchmesser von 25 mm basiert auf einem Kern aus rostfreiem Stahl, der anschlie\u00dfend mit zwei Messingnieten vernietet wird. Die sieben flexiblen und d\u00fcnnen Zinken sind aus einer speziellen Edelstahllegierung gefertigt.<\/p>\n","protected":false},"featured_media":66179,"comment_status":"closed","ping_status":"closed","template":"","meta":{"inline_featured_image":false,"product_video_url":"","product_360_url":""},"product_brand":[],"product_cat":[104,423],"product_tag":[477,323,531],"weeds":[],"soil_types":[],"class_list":{"0":"post-51387","1":"product","2":"type-product","3":"status-publish","4":"has-post-thumbnail","6":"product_cat-handgeraete","7":"product_cat-rechen-de","8":"product_tag-harken-de","9":"product_tag-rasenpflege","10":"product_tag-unkraut-entfernen","11":"post","13":"first","14":"instock","15":"taxable","16":"shipping-taxable","17":"purchasable","18":"product-type-variable"},"exclude_global_add_ons":false,"addons":[{"name":"Gravur","type":"custom_text","position":0,"required":false,"title_format":"heading","default":"","description_enable":true,"description":"Geben Sie bis zu 50 Zeichen ein.","placeholder_enable":false,"placeholder":"","display":"select","restrictions_type":"any_text","adjust_price":true,"price":"4.92","price_type":"quantity_based","restrictions":true,"min":"1","max":"50","options":[],"id":1684165753}],"_links":{"self":[{"href":"https:\/\/sneeboer.com\/de\/wp-json\/wp\/v2\/product\/51387","targetHints":{"allow":["GET"]}}],"collection":[{"href":"https:\/\/sneeboer.com\/de\/wp-json\/wp\/v2\/product"}],"about":[{"href":"https:\/\/sneeboer.com\/de\/wp-json\/wp\/v2\/types\/product"}],"replies":[{"embeddable":true,"href":"https:\/\/sneeboer.com\/de\/wp-json\/wp\/v2\/comments?post=51387"}],"wp:featuredmedia":[{"embeddable":true,"href":"https:\/\/sneeboer.com\/de\/wp-json\/wp\/v2\/media\/66179"}],"wp:attachment":[{"href":"https:\/\/sneeboer.com\/de\/wp-json\/wp\/v2\/media?parent=51387"}],"wp:term":[{"taxonomy":"product_brand","embeddable":true,"href":"https:\/\/sneeboer.com\/de\/wp-json\/wp\/v2\/product_brand?post=51387"},{"taxonomy":"product_cat","embeddable":true,"href":"https:\/\/sneeboer.com\/de\/wp-json\/wp\/v2\/product_cat?post=51387"},{"taxonomy":"product_tag","embeddable":true,"href":"https:\/\/sneeboer.com\/de\/wp-json\/wp\/v2\/product_tag?post=51387"},{"taxonomy":"weeds","embeddable":true,"href":"https:\/\/sneeboer.com\/de\/wp-json\/wp\/v2\/weeds?post=51387"},{"taxonomy":"soil_types","embeddable":true,"href":"https:\/\/sneeboer.com\/de\/wp-json\/wp\/v2\/soil_types?post=51387"}],"curies":[{"name":"wp","href":"https:\/\/api.w.org\/{rel}","templated":true}]}}