{"id":51369,"date":"2023-05-09T15:04:46","date_gmt":"2023-05-09T13:04:46","guid":{"rendered":"https:\/\/testsite.sneeboer.com\/tuingereedschap\/laubrechen-7z-luxe"},"modified":"2026-03-22T23:43:40","modified_gmt":"2026-03-22T22:43:40","slug":"laubrechen-7z-luxe","status":"publish","type":"product","link":"https:\/\/sneeboer.com\/de\/handgeschmiedete-gartengeraete\/laubrechen-7z-luxe","title":{"rendered":"Laubrechen 7z LUXE"},"content":{"rendered":"<p>Der Laubrechen ist als schmale Version mit sieben Zinken sowie in einer gr\u00f6\u00dferen Variante mit 20 Zinken erh\u00e4ltlich. Beide sind mit einem Eschenholzstiel ausgestattet. Die Handger\u00e4t-Modelle des Laubrechens sind mit Stielen aus Eschen- oder Kirschholz in verschiedenen L\u00e4ngen erh\u00e4ltlich.<\/p>\n","protected":false},"excerpt":{"rendered":"<p>Der Laubrechen mit sieben Zinken und Eschenholzstiel wurde gemeinsam mit einem renommierten englischen Rosenz\u00fcchter entworfen. Dieses Werkzeug eignet sich perfekt zum Aufsammeln von abgefallenen Bl\u00fctenbl\u00e4ttern auf engem Raum, z. B. in Rosenrabatten. Mit diesem Rechen mit sieben Zinken k\u00f6nnen abgefallene Bl\u00fctenbl\u00e4tter aufgesammelt, der Boden gel\u00fcftet und unerw\u00fcnschtes Unkraut entfernt werden, ohne sich dabei die H\u00e4nde zu verletzen. Die spezielle Konstruktion des Eschenholzstiels mit einem Durchmesser von 25 mm basiert auf einem Kern aus rostfreiem Stahl, der anschlie\u00dfend mit zwei Messingnieten vernietet wird. Die sieben flexiblen und d\u00fcnnen Zinken sind aus einer speziellen Edelstahllegierung gefertigt.<\/p>\n","protected":false},"featured_media":7942,"comment_status":"closed","ping_status":"closed","template":"","meta":{"inline_featured_image":false,"product_video_url":"","product_360_url":""},"product_brand":[],"product_cat":[120,423],"product_tag":[471,477,323,531],"weeds":[],"soil_types":[],"class_list":{"0":"post-51369","1":"product","2":"type-product","3":"status-publish","4":"has-post-thumbnail","6":"product_cat-luxus-kollektion","7":"product_cat-rechen-de","8":"product_tag-furchung","9":"product_tag-harken-de","10":"product_tag-rasenpflege","11":"product_tag-unkraut-entfernen","12":"post","14":"first","15":"instock","16":"taxable","17":"shipping-taxable","18":"purchasable","19":"product-type-simple"},"exclude_global_add_ons":false,"addons":[{"name":"Gravur","type":"custom_text","position":0,"required":false,"title_format":"heading","default":"","description_enable":true,"description":"Geben Sie bis zu 50 Zeichen ein.","placeholder_enable":false,"placeholder":"","display":"select","restrictions_type":"any_text","adjust_price":true,"price":"4.92","price_type":"quantity_based","restrictions":true,"min":"1","max":"50","options":[],"id":1684165753}],"_links":{"self":[{"href":"https:\/\/sneeboer.com\/de\/wp-json\/wp\/v2\/product\/51369","targetHints":{"allow":["GET"]}}],"collection":[{"href":"https:\/\/sneeboer.com\/de\/wp-json\/wp\/v2\/product"}],"about":[{"href":"https:\/\/sneeboer.com\/de\/wp-json\/wp\/v2\/types\/product"}],"replies":[{"embeddable":true,"href":"https:\/\/sneeboer.com\/de\/wp-json\/wp\/v2\/comments?post=51369"}],"wp:featuredmedia":[{"embeddable":true,"href":"https:\/\/sneeboer.com\/de\/wp-json\/wp\/v2\/media\/7942"}],"wp:attachment":[{"href":"https:\/\/sneeboer.com\/de\/wp-json\/wp\/v2\/media?parent=51369"}],"wp:term":[{"taxonomy":"product_brand","embeddable":true,"href":"https:\/\/sneeboer.com\/de\/wp-json\/wp\/v2\/product_brand?post=51369"},{"taxonomy":"product_cat","embeddable":true,"href":"https:\/\/sneeboer.com\/de\/wp-json\/wp\/v2\/product_cat?post=51369"},{"taxonomy":"product_tag","embeddable":true,"href":"https:\/\/sneeboer.com\/de\/wp-json\/wp\/v2\/product_tag?post=51369"},{"taxonomy":"weeds","embeddable":true,"href":"https:\/\/sneeboer.com\/de\/wp-json\/wp\/v2\/weeds?post=51369"},{"taxonomy":"soil_types","embeddable":true,"href":"https:\/\/sneeboer.com\/de\/wp-json\/wp\/v2\/soil_types?post=51369"}],"curies":[{"name":"wp","href":"https:\/\/api.w.org\/{rel}","templated":true}]}}