{"id":51315,"date":"2023-05-09T15:01:16","date_gmt":"2023-05-09T13:01:16","guid":{"rendered":"https:\/\/testsite.sneeboer.com\/tuingereedschap\/blumenzwiebelpflanzer-2"},"modified":"2025-12-15T22:43:59","modified_gmt":"2025-12-15T21:43:59","slug":"blumenzwiebelpflanzer-2","status":"publish","type":"product","link":"https:\/\/sneeboer.com\/de\/handgeschmiedete-gartengeraete\/blumenzwiebelpflanzer-2","title":{"rendered":"Blumenzwiebelpflanzer"},"content":{"rendered":"<p>Das Pflanzen von Blumenzwiebeln ist oft eine schier endlose Gartenarbeit, die sich erst dann auszahlt, wenn die Bl\u00fcten Monate sp\u00e4ter im Garten aufgehen. Aber mit diesem Blumenzwiebelpflanzer macht das Pflanzen von Blumenzwiebeln genauso viel Spa\u00df, wie ihnen beim Wachsen zuzusehen! Zun\u00e4chst wird das Pflanzgef\u00e4\u00df mit den F\u00fc\u00dfen in den Boden getrieben, danach um 45 Grad zur Seite gedreht und schlie\u00dflich aus dem Boden gezogen. Beim Stechen des n\u00e4chsten Lochs wird die Erde aus dem vorigen Loch dann oben aus dem Ger\u00e4t herausgeschleudert. Der Blumenzwiebelpflanzer ist in dieser Ausf\u00fchrung mit Eschenholzstiel erh\u00e4ltlich, aber auch mit einem Stiel aus rostfreiem Stahl oder als einfacher zu handhabender Hand-Blumenzwiebelpflanzer.<\/p>\n","protected":false},"excerpt":{"rendered":"<p>Der Blumenzwiebelpflanzer ist an der Seite mit einem stabilen Auftritt ausgestattet. Das macht ihn zu einem idealen Werkzeug f\u00fcr das Pflanzen von Blumenzwiebeln und Gem\u00fcse in lockeren oder kompakten B\u00f6den. Der Stiel ist aus Eschenholz und der Pflanzer selbst aus Edelstahl gefertigt. Mit dieser Kombination lassen sich perfekt Pflanzl\u00f6cher mit einem Durchmesser von 5 cm anlegen.<\/p>\n","protected":false},"featured_media":66332,"comment_status":"closed","ping_status":"closed","template":"","meta":{"inline_featured_image":false,"product_video_url":"","product_360_url":"\/wp-content\/uploads\/2026\/03\/8100-140440\/8100_140440.xml"},"product_brand":[],"product_cat":[220,129],"product_tag":[493,487,477,323],"weeds":[],"soil_types":[],"class_list":{"0":"post-51315","1":"product","2":"type-product","3":"status-publish","4":"has-post-thumbnail","6":"product_cat-grundausstattung","7":"product_cat-pflanzer","8":"product_tag-bepflanzung","9":"product_tag-ernten","10":"product_tag-harken-de","11":"product_tag-rasenpflege","12":"post","14":"first","15":"instock","16":"taxable","17":"shipping-taxable","18":"purchasable","19":"product-type-simple"},"exclude_global_add_ons":false,"addons":[{"name":"Gravur","type":"custom_text","position":0,"required":false,"title_format":"heading","default":"","description_enable":true,"description":"Geben Sie bis zu 50 Zeichen ein.","placeholder_enable":false,"placeholder":"","display":"select","restrictions_type":"any_text","adjust_price":true,"price":"4.92","price_type":"quantity_based","restrictions":true,"min":"1","max":"50","options":[],"id":1684165753}],"_links":{"self":[{"href":"https:\/\/sneeboer.com\/de\/wp-json\/wp\/v2\/product\/51315","targetHints":{"allow":["GET"]}}],"collection":[{"href":"https:\/\/sneeboer.com\/de\/wp-json\/wp\/v2\/product"}],"about":[{"href":"https:\/\/sneeboer.com\/de\/wp-json\/wp\/v2\/types\/product"}],"replies":[{"embeddable":true,"href":"https:\/\/sneeboer.com\/de\/wp-json\/wp\/v2\/comments?post=51315"}],"wp:featuredmedia":[{"embeddable":true,"href":"https:\/\/sneeboer.com\/de\/wp-json\/wp\/v2\/media\/66332"}],"wp:attachment":[{"href":"https:\/\/sneeboer.com\/de\/wp-json\/wp\/v2\/media?parent=51315"}],"wp:term":[{"taxonomy":"product_brand","embeddable":true,"href":"https:\/\/sneeboer.com\/de\/wp-json\/wp\/v2\/product_brand?post=51315"},{"taxonomy":"product_cat","embeddable":true,"href":"https:\/\/sneeboer.com\/de\/wp-json\/wp\/v2\/product_cat?post=51315"},{"taxonomy":"product_tag","embeddable":true,"href":"https:\/\/sneeboer.com\/de\/wp-json\/wp\/v2\/product_tag?post=51315"},{"taxonomy":"weeds","embeddable":true,"href":"https:\/\/sneeboer.com\/de\/wp-json\/wp\/v2\/weeds?post=51315"},{"taxonomy":"soil_types","embeddable":true,"href":"https:\/\/sneeboer.com\/de\/wp-json\/wp\/v2\/soil_types?post=51315"}],"curies":[{"name":"wp","href":"https:\/\/api.w.org\/{rel}","templated":true}]}}