{"id":51297,"date":"2023-05-09T14:59:52","date_gmt":"2023-05-09T12:59:52","guid":{"rendered":"https:\/\/testsite.sneeboer.com\/tuingereedschap\/rasenkantenstecher-2"},"modified":"2026-04-11T18:37:29","modified_gmt":"2026-04-11T16:37:29","slug":"rasenkantenstecher-2","status":"publish","type":"product","link":"https:\/\/sneeboer.com\/de\/handgeschmiedete-gartengeraete\/rasenkantenstecher-2","title":{"rendered":"Rasenkantenstecher"},"content":{"rendered":"<p>Der Rasenkantenstecher ist das perfekte Werkzeug, um gerade Linien um Rasenfl\u00e4chen herum zu ziehen. Das beidseitig geschliffene Blatt aus rostfreiem Stahl schneidet m\u00fchelos durch Gras, w\u00e4hrend die Speziale holzgriffe f\u00fcr optimalen Halt und Komfort sorgen. F\u00fcr ein optimales Ergebnis sollte der Boden bei Einsatz des Rasenkantenstechers feucht sein.<\/p>\n","protected":false},"excerpt":{"rendered":"<p>Der Rasenkantenstecher ist das perfekte Werkzeug, um gerade Linien um Rasenfl\u00e4chen herum zu ziehen. Das beidseitig geschliffene Blatt aus rostfreiem Stahl schneidet m\u00fchelos durch Gras, w\u00e4hrend die gummierten Edelstahlgriffe f\u00fcr optimalen Halt und Komfort sorgen. F\u00fcr ein optimales Ergebnis sollte der Boden bei Einsatz des Rasenkantenstechers feucht sein.<\/p>\n","protected":false},"featured_media":7411,"comment_status":"closed","ping_status":"closed","template":"","meta":{"inline_featured_image":false,"product_video_url":"","product_360_url":""},"product_brand":[],"product_cat":[94],"product_tag":[331,479,531],"weeds":[],"soil_types":[],"class_list":{"0":"post-51297","1":"product","2":"type-product","3":"status-publish","4":"has-post-thumbnail","6":"product_cat-rasenkantenstecher","7":"product_tag-graben","8":"product_tag-kanten-de","9":"product_tag-unkraut-entfernen","10":"post","12":"first","13":"instock","14":"taxable","15":"shipping-taxable","16":"purchasable","17":"product-type-simple"},"exclude_global_add_ons":false,"addons":[{"name":"Gravur","type":"custom_text","position":0,"required":false,"title_format":"heading","default":"","description_enable":true,"description":"Geben Sie bis zu 50 Zeichen ein.","placeholder_enable":false,"placeholder":"","display":"select","restrictions_type":"any_text","adjust_price":true,"price":"4.92","price_type":"quantity_based","restrictions":true,"min":"1","max":"50","options":[],"id":1684165753}],"_links":{"self":[{"href":"https:\/\/sneeboer.com\/de\/wp-json\/wp\/v2\/product\/51297","targetHints":{"allow":["GET"]}}],"collection":[{"href":"https:\/\/sneeboer.com\/de\/wp-json\/wp\/v2\/product"}],"about":[{"href":"https:\/\/sneeboer.com\/de\/wp-json\/wp\/v2\/types\/product"}],"replies":[{"embeddable":true,"href":"https:\/\/sneeboer.com\/de\/wp-json\/wp\/v2\/comments?post=51297"}],"wp:featuredmedia":[{"embeddable":true,"href":"https:\/\/sneeboer.com\/de\/wp-json\/wp\/v2\/media\/7411"}],"wp:attachment":[{"href":"https:\/\/sneeboer.com\/de\/wp-json\/wp\/v2\/media?parent=51297"}],"wp:term":[{"taxonomy":"product_brand","embeddable":true,"href":"https:\/\/sneeboer.com\/de\/wp-json\/wp\/v2\/product_brand?post=51297"},{"taxonomy":"product_cat","embeddable":true,"href":"https:\/\/sneeboer.com\/de\/wp-json\/wp\/v2\/product_cat?post=51297"},{"taxonomy":"product_tag","embeddable":true,"href":"https:\/\/sneeboer.com\/de\/wp-json\/wp\/v2\/product_tag?post=51297"},{"taxonomy":"weeds","embeddable":true,"href":"https:\/\/sneeboer.com\/de\/wp-json\/wp\/v2\/weeds?post=51297"},{"taxonomy":"soil_types","embeddable":true,"href":"https:\/\/sneeboer.com\/de\/wp-json\/wp\/v2\/soil_types?post=51297"}],"curies":[{"name":"wp","href":"https:\/\/api.w.org\/{rel}","templated":true}]}}