{"id":51225,"date":"2023-05-09T14:55:23","date_gmt":"2023-05-09T12:55:23","guid":{"rendered":"https:\/\/testsite.sneeboer.com\/tuingereedschap\/kartoffelpflanzer-2"},"modified":"2025-04-13T08:33:31","modified_gmt":"2025-04-13T06:33:31","slug":"kartoffelpflanzer-2","status":"publish","type":"product","link":"https:\/\/sneeboer.com\/de\/handgeschmiedete-gartengeraete\/kartoffelpflanzer-2","title":{"rendered":"Kartoffelpflanzer"},"content":{"rendered":"<p>Noch nie war es so einfach, ein Pflanzloch f\u00fcr Kartoffeln oder gro\u00dfe Zwiebeln zu stechen! Zun\u00e4chst wird das Pflanzgef\u00e4\u00df mit den Stiefeln in den Boden gerammt, danach um 45 Grad zur Seite gedreht und schlie\u00dflich aus dem Boden gezogen. Beim Stechen des n\u00e4chsten Lochs wird die Erde aus dem vorigen Loch dann oben aus dem Ger\u00e4t herausgeschleudert. Wir haben noch einen weiteren Kartoffelpflanzer im Angebot, der komplett aus Edelstahl gefertigt ist. Dieser Kartoffelpflanzer hat einem Ring aus rostfreiem Stahl, der das gesamte Ger\u00e4t umschlie\u00dft. Dieser Ring begrenzt die maximale Tiefe des Lochs auf 140 mm bei einer maximalen Breite von 100 mm.<\/p>\n","protected":false},"excerpt":{"rendered":"<p>Der Kartoffelpflanzer ist ideal zum Pflanzen von Kartoffeln oder gro\u00dfen Blumenzwiebeln. Der Pflanzer ist komplett aus rostfreiem Stahl gefertigt und hat einen stabilen Auftritt, mit dem er sich leicht in den Boden treiben l\u00e4sst. Dazu verf\u00fcgt er \u00fcber einen komfortablen Stiel aus Eschenholz.<\/p>\n","protected":false},"featured_media":6951,"comment_status":"closed","ping_status":"closed","template":"","meta":{"inline_featured_image":false,"product_video_url":"","product_360_url":""},"product_brand":[],"product_cat":[129],"product_tag":[493,531],"weeds":[],"soil_types":[],"class_list":{"0":"post-51225","1":"product","2":"type-product","3":"status-publish","4":"has-post-thumbnail","6":"product_cat-pflanzer","7":"product_tag-bepflanzung","8":"product_tag-unkraut-entfernen","9":"post","11":"first","12":"instock","13":"taxable","14":"shipping-taxable","15":"purchasable","16":"product-type-simple"},"exclude_global_add_ons":false,"addons":[{"name":"Gravur","type":"custom_text","position":0,"required":false,"title_format":"heading","default":"","description_enable":true,"description":"Geben Sie bis zu 50 Zeichen ein.","placeholder_enable":false,"placeholder":"","display":"select","restrictions_type":"any_text","adjust_price":true,"price":"4.92","price_type":"quantity_based","restrictions":true,"min":"1","max":"50","options":[],"id":1684165753}],"_links":{"self":[{"href":"https:\/\/sneeboer.com\/de\/wp-json\/wp\/v2\/product\/51225","targetHints":{"allow":["GET"]}}],"collection":[{"href":"https:\/\/sneeboer.com\/de\/wp-json\/wp\/v2\/product"}],"about":[{"href":"https:\/\/sneeboer.com\/de\/wp-json\/wp\/v2\/types\/product"}],"replies":[{"embeddable":true,"href":"https:\/\/sneeboer.com\/de\/wp-json\/wp\/v2\/comments?post=51225"}],"wp:featuredmedia":[{"embeddable":true,"href":"https:\/\/sneeboer.com\/de\/wp-json\/wp\/v2\/media\/6951"}],"wp:attachment":[{"href":"https:\/\/sneeboer.com\/de\/wp-json\/wp\/v2\/media?parent=51225"}],"wp:term":[{"taxonomy":"product_brand","embeddable":true,"href":"https:\/\/sneeboer.com\/de\/wp-json\/wp\/v2\/product_brand?post=51225"},{"taxonomy":"product_cat","embeddable":true,"href":"https:\/\/sneeboer.com\/de\/wp-json\/wp\/v2\/product_cat?post=51225"},{"taxonomy":"product_tag","embeddable":true,"href":"https:\/\/sneeboer.com\/de\/wp-json\/wp\/v2\/product_tag?post=51225"},{"taxonomy":"weeds","embeddable":true,"href":"https:\/\/sneeboer.com\/de\/wp-json\/wp\/v2\/weeds?post=51225"},{"taxonomy":"soil_types","embeddable":true,"href":"https:\/\/sneeboer.com\/de\/wp-json\/wp\/v2\/soil_types?post=51225"}],"curies":[{"name":"wp","href":"https:\/\/api.w.org\/{rel}","templated":true}]}}