{"id":51216,"date":"2023-05-09T14:54:52","date_gmt":"2023-05-09T12:54:52","guid":{"rendered":"https:\/\/testsite.sneeboer.com\/tuingereedschap\/fugenkratzer-5"},"modified":"2025-09-22T11:39:48","modified_gmt":"2025-09-22T09:39:48","slug":"fugenkratzer-5","status":"publish","type":"product","link":"https:\/\/sneeboer.com\/de\/handgeschmiedete-gartengeraete\/fugenkratzer-5","title":{"rendered":"Fugenkratzer"},"content":{"rendered":"<p>Andere Varianten mit einem Griff aus Eschen- oder Kirschholz sind ebenfalls erh\u00e4ltlich.<\/p>\n","protected":false},"excerpt":{"rendered":"<p>Dieser flache Fugenkratzer ist ideal, um tief verwurzeltes Unkraut und Keimlinge zwischen den Ritzen von Fliesen und Pflaster zu entfernen. Durch die vielen gesch\u00e4rften Kanten ist der flache Fugenkratzer das perfekte Werkzeug, um Unkraut mit einer Vorw\u00e4rts- und R\u00fcckw\u00e4rtsbewegung zu entfernen. Dank des 155 cm langen Eschenholzstiels mit Knauf l\u00e4sst es sich mit diesem Werkzeug bequem arbeiten.<\/p>\n","protected":false},"featured_media":6897,"comment_status":"closed","ping_status":"closed","template":"","meta":{"inline_featured_image":false,"product_video_url":"","product_360_url":""},"product_brand":[],"product_cat":[202],"product_tag":[531],"weeds":[],"soil_types":[],"class_list":{"0":"post-51216","1":"product","2":"type-product","3":"status-publish","4":"has-post-thumbnail","6":"product_cat-unkrautentfernung","7":"product_tag-unkraut-entfernen","8":"post","10":"first","11":"instock","12":"taxable","13":"shipping-taxable","14":"purchasable","15":"product-type-simple"},"exclude_global_add_ons":false,"addons":[{"name":"Gravur","type":"custom_text","position":0,"required":false,"title_format":"heading","default":"","description_enable":true,"description":"Geben Sie bis zu 50 Zeichen ein.","placeholder_enable":false,"placeholder":"","display":"select","restrictions_type":"any_text","adjust_price":true,"price":"4.92","price_type":"quantity_based","restrictions":true,"min":"1","max":"50","options":[],"id":1684165753}],"_links":{"self":[{"href":"https:\/\/sneeboer.com\/de\/wp-json\/wp\/v2\/product\/51216","targetHints":{"allow":["GET"]}}],"collection":[{"href":"https:\/\/sneeboer.com\/de\/wp-json\/wp\/v2\/product"}],"about":[{"href":"https:\/\/sneeboer.com\/de\/wp-json\/wp\/v2\/types\/product"}],"replies":[{"embeddable":true,"href":"https:\/\/sneeboer.com\/de\/wp-json\/wp\/v2\/comments?post=51216"}],"wp:featuredmedia":[{"embeddable":true,"href":"https:\/\/sneeboer.com\/de\/wp-json\/wp\/v2\/media\/6897"}],"wp:attachment":[{"href":"https:\/\/sneeboer.com\/de\/wp-json\/wp\/v2\/media?parent=51216"}],"wp:term":[{"taxonomy":"product_brand","embeddable":true,"href":"https:\/\/sneeboer.com\/de\/wp-json\/wp\/v2\/product_brand?post=51216"},{"taxonomy":"product_cat","embeddable":true,"href":"https:\/\/sneeboer.com\/de\/wp-json\/wp\/v2\/product_cat?post=51216"},{"taxonomy":"product_tag","embeddable":true,"href":"https:\/\/sneeboer.com\/de\/wp-json\/wp\/v2\/product_tag?post=51216"},{"taxonomy":"weeds","embeddable":true,"href":"https:\/\/sneeboer.com\/de\/wp-json\/wp\/v2\/weeds?post=51216"},{"taxonomy":"soil_types","embeddable":true,"href":"https:\/\/sneeboer.com\/de\/wp-json\/wp\/v2\/soil_types?post=51216"}],"curies":[{"name":"wp","href":"https:\/\/api.w.org\/{rel}","templated":true}]}}