{"id":51189,"date":"2023-05-09T14:53:14","date_gmt":"2023-05-09T12:53:14","guid":{"rendered":"https:\/\/testsite.sneeboer.com\/tuingereedschap\/voegenkrabber-luxe"},"modified":"2025-02-28T14:37:44","modified_gmt":"2025-02-28T13:37:44","slug":"voegenkrabber-luxe","status":"publish","type":"product","link":"https:\/\/sneeboer.com\/de\/handgeschmiedete-gartengeraete\/voegenkrabber-luxe","title":{"rendered":"Fugenkratzer mit Klinge Luxe"},"content":{"rendered":"<p>Dieser Fugenkratzer ist mit einem 155 cm langen Eschenholzstiel mit Knauf oder einem 145 cm langen, aufwendig gestalteten Stiel aus Eschenholz erh\u00e4ltlich.<\/p>\n","protected":false},"excerpt":{"rendered":"<p>Dank des langstieligen Fugenkratzers mit Klinge geh\u00f6rt das l\u00e4stige Hinknien zum Entfernen von Unkraut auf Wegen und Pflasterfl\u00e4chen der Vergangenheit an. Diese Ger\u00e4t ist ideal, um unerw\u00fcnschtes Unkraut und Keimlinge zwischen den Ritzen von Fliesen und Pflaster zu entfernen. Die scharfe Spitze aus rostfreiem Stahl zieht Unkraut mit Leichtigkeit aus dem Boden, w\u00e4hrend die Klinge unerw\u00fcnschtes Gr\u00fcnzeug m\u00fchelos durchtrennt. Aufgrund seiner Form eignet sich der Fugenkratzer auch f\u00fcr die Bel\u00fcftung zwischen Pflanzen oder bei dicht stehenden Kulturen wie Knoblauch und Zwiebeln. Doch mit diesem Ger\u00e4t l\u00e4sst sich Unkraut nicht nur auf Wegen in Schach halten, sondern auch in Mauern und Mauerwerk.<\/p>\n","protected":false},"featured_media":6735,"comment_status":"closed","ping_status":"closed","template":"","meta":{"inline_featured_image":false,"product_video_url":"","product_360_url":""},"product_brand":[],"product_cat":[175],"product_tag":[493,531],"weeds":[],"soil_types":[],"class_list":{"0":"post-51189","1":"product","2":"type-product","3":"status-publish","4":"has-post-thumbnail","6":"product_cat-spezial-geraete","7":"product_tag-bepflanzung","8":"product_tag-unkraut-entfernen","9":"post","11":"first","12":"outofstock","13":"taxable","14":"shipping-taxable","15":"purchasable","16":"product-type-simple"},"exclude_global_add_ons":false,"addons":[{"name":"Gravur","type":"custom_text","position":0,"required":false,"title_format":"heading","default":"","description_enable":true,"description":"Geben Sie bis zu 50 Zeichen ein.","placeholder_enable":false,"placeholder":"","display":"select","restrictions_type":"any_text","adjust_price":true,"price":"4.92","price_type":"quantity_based","restrictions":true,"min":"1","max":"50","options":[],"id":1684165753}],"_links":{"self":[{"href":"https:\/\/sneeboer.com\/de\/wp-json\/wp\/v2\/product\/51189","targetHints":{"allow":["GET"]}}],"collection":[{"href":"https:\/\/sneeboer.com\/de\/wp-json\/wp\/v2\/product"}],"about":[{"href":"https:\/\/sneeboer.com\/de\/wp-json\/wp\/v2\/types\/product"}],"replies":[{"embeddable":true,"href":"https:\/\/sneeboer.com\/de\/wp-json\/wp\/v2\/comments?post=51189"}],"wp:featuredmedia":[{"embeddable":true,"href":"https:\/\/sneeboer.com\/de\/wp-json\/wp\/v2\/media\/6735"}],"wp:attachment":[{"href":"https:\/\/sneeboer.com\/de\/wp-json\/wp\/v2\/media?parent=51189"}],"wp:term":[{"taxonomy":"product_brand","embeddable":true,"href":"https:\/\/sneeboer.com\/de\/wp-json\/wp\/v2\/product_brand?post=51189"},{"taxonomy":"product_cat","embeddable":true,"href":"https:\/\/sneeboer.com\/de\/wp-json\/wp\/v2\/product_cat?post=51189"},{"taxonomy":"product_tag","embeddable":true,"href":"https:\/\/sneeboer.com\/de\/wp-json\/wp\/v2\/product_tag?post=51189"},{"taxonomy":"weeds","embeddable":true,"href":"https:\/\/sneeboer.com\/de\/wp-json\/wp\/v2\/weeds?post=51189"},{"taxonomy":"soil_types","embeddable":true,"href":"https:\/\/sneeboer.com\/de\/wp-json\/wp\/v2\/soil_types?post=51189"}],"curies":[{"name":"wp","href":"https:\/\/api.w.org\/{rel}","templated":true}]}}