{"id":51171,"date":"2023-05-09T14:52:08","date_gmt":"2023-05-09T12:52:08","guid":{"rendered":"https:\/\/testsite.sneeboer.com\/tuingereedschap\/handspaten-schmal-klein-2"},"modified":"2023-08-28T15:19:10","modified_gmt":"2023-08-28T13:19:10","slug":"handspaten-schmal-klein-2","status":"publish","type":"product","link":"https:\/\/sneeboer.com\/de\/handgeschmiedete-gartengeraete\/handspaten-schmal-klein-2","title":{"rendered":"Handspaten schmal klein"},"content":{"rendered":"<p>Der L\u00f6wenzahnstecher ist sowohl in dieser runden Variante erh\u00e4ltlich, die ein m\u00fcheloses Durchtrennen der Wurzeln erm\u00f6glicht, als auch mit einer V-f\u00f6rmigen Klinge und einem langen oder k\u00fcrzeren Blatt. F\u00fcr den Einsatz dieser Ger\u00e4te sollte der Boden leicht feucht sein. Wenn der Boden zu trocken ist, neigen die Wurzeln beim Entfernen dazu, abzubrechen, wodurch das Unkraut wieder nachwachsen kann. Die schmale Klinge des L\u00f6wenzahnstechers sorgt f\u00fcr eine schnelle Entfernung des Unkrauts, ohne dabei die umliegenden Pflanzen zu besch\u00e4digen. Der L\u00f6wenzahnstecher ist mit einem Griff aus Eschen- oder Kirschholz erh\u00e4ltlich.<\/p>\n","protected":false},"excerpt":{"rendered":"<p>Dieser L\u00f6wenzahnstecher verf\u00fcgt \u00fcber ein langes und gebogenes Blatt mit einer runden, gesch\u00e4rften Schneide. Durch die Form der Schneide kann das Werkzeug leicht in den Boden getrieben werden und ist perfekt daf\u00fcr geeignet, Unkraut mit langen Pfahlwurzeln schnell zu entfernen. Im Vergleich zum herk\u00f6mmlichen L\u00f6wenzahnstecher weist diese Variante ein k\u00fcrzeres Blatt auf, was sie ideal f\u00fcr die Arbeit in Hochbeeten oder K\u00fcbeln macht.<\/p>\n","protected":false},"featured_media":61976,"comment_status":"closed","ping_status":"closed","template":"","meta":{"inline_featured_image":false,"product_video_url":"","product_360_url":"\/wp-content\/uploads\/2025\/11\/8611-140250\/8611_140250.xml"},"product_brand":[],"product_cat":[104,202],"product_tag":[331,531],"weeds":[],"soil_types":[],"class_list":{"0":"post-51171","1":"product","2":"type-product","3":"status-publish","4":"has-post-thumbnail","6":"product_cat-handgeraete","7":"product_cat-unkrautentfernung","8":"product_tag-graben","9":"product_tag-unkraut-entfernen","10":"post","12":"first","13":"instock","14":"taxable","15":"shipping-taxable","16":"purchasable","17":"product-type-simple"},"exclude_global_add_ons":false,"addons":[{"name":"Gravur","type":"custom_text","position":0,"required":false,"title_format":"heading","default":"","description_enable":true,"description":"Geben Sie bis zu 50 Zeichen ein.","placeholder_enable":false,"placeholder":"","display":"select","restrictions_type":"any_text","adjust_price":true,"price":"4.92","price_type":"quantity_based","restrictions":true,"min":"1","max":"50","options":[],"id":1684165753}],"_links":{"self":[{"href":"https:\/\/sneeboer.com\/de\/wp-json\/wp\/v2\/product\/51171","targetHints":{"allow":["GET"]}}],"collection":[{"href":"https:\/\/sneeboer.com\/de\/wp-json\/wp\/v2\/product"}],"about":[{"href":"https:\/\/sneeboer.com\/de\/wp-json\/wp\/v2\/types\/product"}],"replies":[{"embeddable":true,"href":"https:\/\/sneeboer.com\/de\/wp-json\/wp\/v2\/comments?post=51171"}],"wp:featuredmedia":[{"embeddable":true,"href":"https:\/\/sneeboer.com\/de\/wp-json\/wp\/v2\/media\/61976"}],"wp:attachment":[{"href":"https:\/\/sneeboer.com\/de\/wp-json\/wp\/v2\/media?parent=51171"}],"wp:term":[{"taxonomy":"product_brand","embeddable":true,"href":"https:\/\/sneeboer.com\/de\/wp-json\/wp\/v2\/product_brand?post=51171"},{"taxonomy":"product_cat","embeddable":true,"href":"https:\/\/sneeboer.com\/de\/wp-json\/wp\/v2\/product_cat?post=51171"},{"taxonomy":"product_tag","embeddable":true,"href":"https:\/\/sneeboer.com\/de\/wp-json\/wp\/v2\/product_tag?post=51171"},{"taxonomy":"weeds","embeddable":true,"href":"https:\/\/sneeboer.com\/de\/wp-json\/wp\/v2\/weeds?post=51171"},{"taxonomy":"soil_types","embeddable":true,"href":"https:\/\/sneeboer.com\/de\/wp-json\/wp\/v2\/soil_types?post=51171"}],"curies":[{"name":"wp","href":"https:\/\/api.w.org\/{rel}","templated":true}]}}