{"id":51063,"date":"2023-05-09T13:52:59","date_gmt":"2023-05-09T11:52:59","guid":{"rendered":"https:\/\/testsite.sneeboer.com\/tuingereedschap\/jaeter-4-cm-hochbeet"},"modified":"2024-02-14T13:47:19","modified_gmt":"2024-02-14T12:47:19","slug":"jaeter-4-cm-hochbeet","status":"publish","type":"product","link":"https:\/\/sneeboer.com\/de\/handgeschmiedete-gartengeraete\/jaeter-4-cm-hochbeet","title":{"rendered":"J\u00e4ter 4 cm Hochbeet"},"content":{"rendered":"<p>Dieser Handj\u00e4ter verf\u00fcgt \u00fcber ein Blatt von 4 cm Breite und ist mit verschiedenen Griffen aus Eschen- oder Kirschholz erh\u00e4ltlich.<\/p>\n","protected":false},"excerpt":{"rendered":"<p>Mit dem einfach zu bedienenden Handj\u00e4ter l\u00e4sst es sich leicht in Beeten man\u00f6vrieren, um Unkraut aufzusp\u00fcren und es dann mit der 4 cm breiten Klinge zu entfernen. Der Handj\u00e4ter ist das perfekte Werkzeug, um Setzlinge auszud\u00fcnnen oder l\u00e4stiges Unkraut zwischen Pflanzen oder Gem\u00fcse sowie in dicht besetzten Beeten zu entfernen. Das scharfe Blatt dringt m\u00fchelos in den Mutterboden ein und entfernt Unkraut und andere unerw\u00fcnschte Pflanzen mit Pr\u00e4zision.<\/p>\n","protected":false},"featured_media":6003,"comment_status":"closed","ping_status":"closed","template":"","meta":{"inline_featured_image":false,"product_video_url":"","product_360_url":""},"product_brand":[],"product_cat":[134,143],"product_tag":[471,531],"weeds":[],"soil_types":[],"class_list":{"0":"post-51063","1":"product","2":"type-product","3":"status-publish","4":"has-post-thumbnail","6":"product_cat-geraete-fuers-hochbeet","7":"product_cat-schuffel-und-hacken","8":"product_tag-furchung","9":"product_tag-unkraut-entfernen","10":"post","12":"first","13":"instock","14":"taxable","15":"shipping-taxable","16":"purchasable","17":"product-type-simple"},"exclude_global_add_ons":false,"addons":[{"name":"Gravur","type":"custom_text","position":0,"required":false,"title_format":"heading","default":"","description_enable":true,"description":"Geben Sie bis zu 50 Zeichen ein.","placeholder_enable":false,"placeholder":"","display":"select","restrictions_type":"any_text","adjust_price":true,"price":"4.92","price_type":"quantity_based","restrictions":true,"min":"1","max":"50","options":[],"id":1684165753}],"_links":{"self":[{"href":"https:\/\/sneeboer.com\/de\/wp-json\/wp\/v2\/product\/51063","targetHints":{"allow":["GET"]}}],"collection":[{"href":"https:\/\/sneeboer.com\/de\/wp-json\/wp\/v2\/product"}],"about":[{"href":"https:\/\/sneeboer.com\/de\/wp-json\/wp\/v2\/types\/product"}],"replies":[{"embeddable":true,"href":"https:\/\/sneeboer.com\/de\/wp-json\/wp\/v2\/comments?post=51063"}],"wp:featuredmedia":[{"embeddable":true,"href":"https:\/\/sneeboer.com\/de\/wp-json\/wp\/v2\/media\/6003"}],"wp:attachment":[{"href":"https:\/\/sneeboer.com\/de\/wp-json\/wp\/v2\/media?parent=51063"}],"wp:term":[{"taxonomy":"product_brand","embeddable":true,"href":"https:\/\/sneeboer.com\/de\/wp-json\/wp\/v2\/product_brand?post=51063"},{"taxonomy":"product_cat","embeddable":true,"href":"https:\/\/sneeboer.com\/de\/wp-json\/wp\/v2\/product_cat?post=51063"},{"taxonomy":"product_tag","embeddable":true,"href":"https:\/\/sneeboer.com\/de\/wp-json\/wp\/v2\/product_tag?post=51063"},{"taxonomy":"weeds","embeddable":true,"href":"https:\/\/sneeboer.com\/de\/wp-json\/wp\/v2\/weeds?post=51063"},{"taxonomy":"soil_types","embeddable":true,"href":"https:\/\/sneeboer.com\/de\/wp-json\/wp\/v2\/soil_types?post=51063"}],"curies":[{"name":"wp","href":"https:\/\/api.w.org\/{rel}","templated":true}]}}