{"id":51027,"date":"2023-05-09T13:51:11","date_gmt":"2023-05-09T11:51:11","guid":{"rendered":"https:\/\/testsite.sneeboer.com\/tuingereedschap\/handhacke-10-cm"},"modified":"2023-08-28T15:19:57","modified_gmt":"2023-08-28T13:19:57","slug":"handhacke-10-cm","status":"publish","type":"product","link":"https:\/\/sneeboer.com\/de\/handgeschmiedete-gartengeraete\/handhacke-10-cm","title":{"rendered":"Handhacke 10 cm"},"content":{"rendered":"<p>Trotz ihrer geringen Gr\u00f6\u00dfe ist diese Hacke so konstruiert, dass sie eine enorme Kraft f\u00fcr das Durchtrennen von Unkraut unter der Oberfl\u00e4che von kleinen oder dichten Blumen- und Gem\u00fcsebeeten sowie f\u00fcr die Bodenbearbeitung entfaltet. Dank der Halbmondform ist sie perfekt f\u00fcr ein pr\u00e4zises Arbeiten dicht an Pflanzen und Gew\u00e4chsen geeignet. Die Handhacke ist mit einem Griff aus Eschen- oder Kirschholz erh\u00e4ltlich.<\/p>\n","protected":false},"excerpt":{"rendered":"<p>Diese halbmondf\u00f6rmige Handhacke von Sneeboer ist unter G\u00e4rtnern auch als \u201eZwiebelhacke\u201c bekannt. Sie ist perfekt geeignet, um nahe an den Pflanzen Unkraut zu entfernen und den Boden zu l\u00fcften.<\/p>\n","protected":false},"featured_media":5832,"comment_status":"closed","ping_status":"closed","template":"","meta":{"inline_featured_image":false,"product_video_url":"","product_360_url":""},"product_brand":[],"product_cat":[104,143],"product_tag":[493,471,331,531],"weeds":[],"soil_types":[],"class_list":{"0":"post-51027","1":"product","2":"type-product","3":"status-publish","4":"has-post-thumbnail","6":"product_cat-handgeraete","7":"product_cat-schuffel-und-hacken","8":"product_tag-bepflanzung","9":"product_tag-furchung","10":"product_tag-graben","11":"product_tag-unkraut-entfernen","12":"post","14":"first","15":"instock","16":"taxable","17":"shipping-taxable","18":"purchasable","19":"product-type-simple"},"exclude_global_add_ons":false,"addons":[{"name":"Gravur","type":"custom_text","position":0,"required":false,"title_format":"heading","default":"","description_enable":true,"description":"Geben Sie bis zu 50 Zeichen ein.","placeholder_enable":false,"placeholder":"","display":"select","restrictions_type":"any_text","adjust_price":true,"price":"4.92","price_type":"quantity_based","restrictions":true,"min":"1","max":"50","options":[],"id":1684165753}],"_links":{"self":[{"href":"https:\/\/sneeboer.com\/de\/wp-json\/wp\/v2\/product\/51027","targetHints":{"allow":["GET"]}}],"collection":[{"href":"https:\/\/sneeboer.com\/de\/wp-json\/wp\/v2\/product"}],"about":[{"href":"https:\/\/sneeboer.com\/de\/wp-json\/wp\/v2\/types\/product"}],"replies":[{"embeddable":true,"href":"https:\/\/sneeboer.com\/de\/wp-json\/wp\/v2\/comments?post=51027"}],"wp:featuredmedia":[{"embeddable":true,"href":"https:\/\/sneeboer.com\/de\/wp-json\/wp\/v2\/media\/5832"}],"wp:attachment":[{"href":"https:\/\/sneeboer.com\/de\/wp-json\/wp\/v2\/media?parent=51027"}],"wp:term":[{"taxonomy":"product_brand","embeddable":true,"href":"https:\/\/sneeboer.com\/de\/wp-json\/wp\/v2\/product_brand?post=51027"},{"taxonomy":"product_cat","embeddable":true,"href":"https:\/\/sneeboer.com\/de\/wp-json\/wp\/v2\/product_cat?post=51027"},{"taxonomy":"product_tag","embeddable":true,"href":"https:\/\/sneeboer.com\/de\/wp-json\/wp\/v2\/product_tag?post=51027"},{"taxonomy":"weeds","embeddable":true,"href":"https:\/\/sneeboer.com\/de\/wp-json\/wp\/v2\/weeds?post=51027"},{"taxonomy":"soil_types","embeddable":true,"href":"https:\/\/sneeboer.com\/de\/wp-json\/wp\/v2\/soil_types?post=51027"}],"curies":[{"name":"wp","href":"https:\/\/api.w.org\/{rel}","templated":true}]}}