{"id":51009,"date":"2023-05-09T13:50:16","date_gmt":"2023-05-09T11:50:16","guid":{"rendered":"https:\/\/testsite.sneeboer.com\/tuingereedschap\/handjaeter-4-cm-luxe"},"modified":"2025-05-20T21:48:51","modified_gmt":"2025-05-20T19:48:51","slug":"handjaeter-4-cm-luxe","status":"publish","type":"product","link":"https:\/\/sneeboer.com\/de\/handgeschmiedete-gartengeraete\/handjaeter-4-cm-luxe","title":{"rendered":"Handj\u00e4ter 4 cm LUXE"},"content":{"rendered":"<p>Der schmale Handj\u00e4ter ist mit einem Blatt von 4, 6 oder 8 cm Breite und verschiedenen Griffen erh\u00e4ltlich. Alle Varianten werden mit einem 120 cm langen Eschenholzstiel oder einem 120 cm langen, aufwendig gestalteten Stiel aus Eschenholz geliefert. Gr\u00f6\u00dfere Modelle mit einem 155 cm langen Eschenholzstiel mit Knauf sind ebenfalls erh\u00e4ltlich.<\/p>\n","protected":false},"excerpt":{"rendered":"<p>Mit dem einfach zu bedienenden Handj\u00e4ter l\u00e4sst es sich leicht in Beeten man\u00f6vrieren, um Unkraut aufzusp\u00fcren und es dann mit der 4 cm breiten Klinge zu entfernen. Der schmale Handj\u00e4ter ist das perfekte Werkzeug, um Setzlinge auszud\u00fcnnen oder l\u00e4stiges Unkraut zwischen Pflanzen oder Gem\u00fcse sowie in dicht besetzten Beeten zu entfernen. Das scharfe Blatt dringt m\u00fchelos in den Mutterboden ein und entfernt Unkraut und andere unerw\u00fcnschte Pflanzen mit Pr\u00e4zision.<\/p>\n","protected":false},"featured_media":5715,"comment_status":"closed","ping_status":"closed","template":"","meta":{"inline_featured_image":false,"product_video_url":"","product_360_url":""},"product_brand":[],"product_cat":[120,143],"product_tag":[531],"weeds":[],"soil_types":[],"class_list":{"0":"post-51009","1":"product","2":"type-product","3":"status-publish","4":"has-post-thumbnail","6":"product_cat-luxus-kollektion","7":"product_cat-schuffel-und-hacken","8":"product_tag-unkraut-entfernen","9":"post","11":"first","12":"instock","13":"taxable","14":"shipping-taxable","15":"purchasable","16":"product-type-simple"},"exclude_global_add_ons":false,"addons":[{"name":"Gravur","type":"custom_text","position":0,"required":false,"title_format":"heading","default":"","description_enable":true,"description":"Geben Sie bis zu 50 Zeichen ein.","placeholder_enable":false,"placeholder":"","display":"select","restrictions_type":"any_text","adjust_price":true,"price":"4.92","price_type":"quantity_based","restrictions":true,"min":"1","max":"50","options":[],"id":1684165753}],"_links":{"self":[{"href":"https:\/\/sneeboer.com\/de\/wp-json\/wp\/v2\/product\/51009","targetHints":{"allow":["GET"]}}],"collection":[{"href":"https:\/\/sneeboer.com\/de\/wp-json\/wp\/v2\/product"}],"about":[{"href":"https:\/\/sneeboer.com\/de\/wp-json\/wp\/v2\/types\/product"}],"replies":[{"embeddable":true,"href":"https:\/\/sneeboer.com\/de\/wp-json\/wp\/v2\/comments?post=51009"}],"wp:featuredmedia":[{"embeddable":true,"href":"https:\/\/sneeboer.com\/de\/wp-json\/wp\/v2\/media\/5715"}],"wp:attachment":[{"href":"https:\/\/sneeboer.com\/de\/wp-json\/wp\/v2\/media?parent=51009"}],"wp:term":[{"taxonomy":"product_brand","embeddable":true,"href":"https:\/\/sneeboer.com\/de\/wp-json\/wp\/v2\/product_brand?post=51009"},{"taxonomy":"product_cat","embeddable":true,"href":"https:\/\/sneeboer.com\/de\/wp-json\/wp\/v2\/product_cat?post=51009"},{"taxonomy":"product_tag","embeddable":true,"href":"https:\/\/sneeboer.com\/de\/wp-json\/wp\/v2\/product_tag?post=51009"},{"taxonomy":"weeds","embeddable":true,"href":"https:\/\/sneeboer.com\/de\/wp-json\/wp\/v2\/weeds?post=51009"},{"taxonomy":"soil_types","embeddable":true,"href":"https:\/\/sneeboer.com\/de\/wp-json\/wp\/v2\/soil_types?post=51009"}],"curies":[{"name":"wp","href":"https:\/\/api.w.org\/{rel}","templated":true}]}}