{"id":50991,"date":"2023-05-09T13:49:27","date_gmt":"2023-05-09T11:49:27","guid":{"rendered":"https:\/\/testsite.sneeboer.com\/tuingereedschap\/blumenzwiebelschaufel-schmal"},"modified":"2023-08-28T15:20:07","modified_gmt":"2023-08-28T13:20:07","slug":"blumenzwiebelschaufel-schmal","status":"publish","type":"product","link":"https:\/\/sneeboer.com\/de\/handgeschmiedete-gartengeraete\/blumenzwiebelschaufel-schmal","title":{"rendered":"Blumenzwiebelschaufel schmal"},"content":{"rendered":"<p>Die Blumenzwiebelschaufel wurde f\u00fcr die niederl\u00e4ndischen Tulpenz\u00fcchter entwickelt, um kranke oder anderweitig unerw\u00fcnschte Zwiebeln aus dem Beet entfernen zu k\u00f6nnen, ohne dabei gesunde Exemplare zu besch\u00e4digen. Die Blumenzwiebelschaufel wird mit einem kurzen, robusten T-Stiel aus Eschenholz geliefert, der sie zum perfekten Werkzeug f\u00fcr bodennahe Arbeiten macht und es dem Benutzer erm\u00f6glicht, viel Kraft auf das Ger\u00e4t auszu\u00fcben.<\/p>\n","protected":false},"excerpt":{"rendered":"<p>Diese klassische Blumenzwiebelschaufel wurde speziell entwickelt, um kranke Zwiebeln aus dem Beet zu entfernen und ein Ausbreiten der Krankheit auf gesunde Pflanzen zu verhindern, da dies sonst die Ernte zerst\u00f6ren k\u00f6nnte. Dank des schmalen, scharfen Blattes aus rostfreiem Stahl lassen sich kranke Zwiebeln m\u00fchelos aus dem Boden ziehen, ohne dabei gesunde Pflanzen zu besch\u00e4digen.<\/p>\n","protected":false},"featured_media":5643,"comment_status":"closed","ping_status":"closed","template":"","meta":{"inline_featured_image":false,"product_video_url":"","product_360_url":""},"product_brand":[],"product_cat":[152],"product_tag":[493,331],"weeds":[],"soil_types":[],"class_list":{"0":"post-50991","1":"product","2":"type-product","3":"status-publish","4":"has-post-thumbnail","6":"product_cat-schaufel","7":"product_tag-bepflanzung","8":"product_tag-graben","9":"post","11":"first","12":"instock","13":"taxable","14":"shipping-taxable","15":"purchasable","16":"product-type-simple"},"exclude_global_add_ons":false,"addons":[{"name":"Gravur","type":"custom_text","position":0,"required":false,"title_format":"heading","default":"","description_enable":true,"description":"Geben Sie bis zu 50 Zeichen ein.","placeholder_enable":false,"placeholder":"","display":"select","restrictions_type":"any_text","adjust_price":true,"price":"4.92","price_type":"quantity_based","restrictions":true,"min":"1","max":"50","options":[],"id":1684165753}],"_links":{"self":[{"href":"https:\/\/sneeboer.com\/de\/wp-json\/wp\/v2\/product\/50991","targetHints":{"allow":["GET"]}}],"collection":[{"href":"https:\/\/sneeboer.com\/de\/wp-json\/wp\/v2\/product"}],"about":[{"href":"https:\/\/sneeboer.com\/de\/wp-json\/wp\/v2\/types\/product"}],"replies":[{"embeddable":true,"href":"https:\/\/sneeboer.com\/de\/wp-json\/wp\/v2\/comments?post=50991"}],"wp:featuredmedia":[{"embeddable":true,"href":"https:\/\/sneeboer.com\/de\/wp-json\/wp\/v2\/media\/5643"}],"wp:attachment":[{"href":"https:\/\/sneeboer.com\/de\/wp-json\/wp\/v2\/media?parent=50991"}],"wp:term":[{"taxonomy":"product_brand","embeddable":true,"href":"https:\/\/sneeboer.com\/de\/wp-json\/wp\/v2\/product_brand?post=50991"},{"taxonomy":"product_cat","embeddable":true,"href":"https:\/\/sneeboer.com\/de\/wp-json\/wp\/v2\/product_cat?post=50991"},{"taxonomy":"product_tag","embeddable":true,"href":"https:\/\/sneeboer.com\/de\/wp-json\/wp\/v2\/product_tag?post=50991"},{"taxonomy":"weeds","embeddable":true,"href":"https:\/\/sneeboer.com\/de\/wp-json\/wp\/v2\/weeds?post=50991"},{"taxonomy":"soil_types","embeddable":true,"href":"https:\/\/sneeboer.com\/de\/wp-json\/wp\/v2\/soil_types?post=50991"}],"curies":[{"name":"wp","href":"https:\/\/api.w.org\/{rel}","templated":true}]}}