{"id":50927,"date":"2023-05-09T13:45:51","date_gmt":"2023-05-09T11:45:51","guid":{"rendered":"https:\/\/testsite.sneeboer.com\/tuingereedschap\/handhacke-cole"},"modified":"2023-08-28T15:20:26","modified_gmt":"2023-08-28T13:20:26","slug":"handhacke-cole","status":"publish","type":"product","link":"https:\/\/sneeboer.com\/de\/handgeschmiedete-gartengeraete\/handhacke-cole","title":{"rendered":"Handhacke Cole"},"content":{"rendered":"<p>Die Handhacke Cole ist vielseitig einsetzbar jedoch wurde es prim\u00e4r f\u00fcr&#8217;s Einpflanzen entworfen. Mit der einen Hand werden Pflanzl\u00f6cher mit der Handhacke Cole gegraben mit der anderen die Pflanze, Blumenzwiebel oder Samen eingesetzt. Mit Kirschholzgriff.<\/p>\n","protected":false},"excerpt":{"rendered":"<p>Dieses Sneeboer Ger\u00e4t, Handhacke Cole (9012) wurde handgeschmiedet in den Niederlanden. Gartenger\u00e4te allerh\u00f6chster Qualit\u00e4t.<\/p>\n","protected":false},"featured_media":0,"comment_status":"open","ping_status":"closed","template":"","meta":{"inline_featured_image":false,"product_video_url":"","product_360_url":""},"product_brand":[],"product_cat":[80],"product_tag":[],"weeds":[],"soil_types":[],"class_list":{"0":"post-50927","1":"product","2":"type-product","3":"status-publish","5":"product_cat-unsere-sammlung","6":"post","8":"first","9":"instock","10":"taxable","11":"shipping-taxable","12":"product-type-simple"},"exclude_global_add_ons":false,"addons":[{"name":"Gravur","type":"custom_text","position":0,"required":false,"title_format":"heading","default":"","description_enable":true,"description":"Geben Sie bis zu 50 Zeichen ein.","placeholder_enable":false,"placeholder":"","display":"select","restrictions_type":"any_text","adjust_price":true,"price":"4.92","price_type":"quantity_based","restrictions":true,"min":"1","max":"50","options":[],"id":1684165753}],"_links":{"self":[{"href":"https:\/\/sneeboer.com\/de\/wp-json\/wp\/v2\/product\/50927","targetHints":{"allow":["GET"]}}],"collection":[{"href":"https:\/\/sneeboer.com\/de\/wp-json\/wp\/v2\/product"}],"about":[{"href":"https:\/\/sneeboer.com\/de\/wp-json\/wp\/v2\/types\/product"}],"replies":[{"embeddable":true,"href":"https:\/\/sneeboer.com\/de\/wp-json\/wp\/v2\/comments?post=50927"}],"wp:attachment":[{"href":"https:\/\/sneeboer.com\/de\/wp-json\/wp\/v2\/media?parent=50927"}],"wp:term":[{"taxonomy":"product_brand","embeddable":true,"href":"https:\/\/sneeboer.com\/de\/wp-json\/wp\/v2\/product_brand?post=50927"},{"taxonomy":"product_cat","embeddable":true,"href":"https:\/\/sneeboer.com\/de\/wp-json\/wp\/v2\/product_cat?post=50927"},{"taxonomy":"product_tag","embeddable":true,"href":"https:\/\/sneeboer.com\/de\/wp-json\/wp\/v2\/product_tag?post=50927"},{"taxonomy":"weeds","embeddable":true,"href":"https:\/\/sneeboer.com\/de\/wp-json\/wp\/v2\/weeds?post=50927"},{"taxonomy":"soil_types","embeddable":true,"href":"https:\/\/sneeboer.com\/de\/wp-json\/wp\/v2\/soil_types?post=50927"}],"curies":[{"name":"wp","href":"https:\/\/api.w.org\/{rel}","templated":true}]}}