{"id":50895,"date":"2023-05-09T13:43:11","date_gmt":"2023-05-09T11:43:11","guid":{"rendered":"https:\/\/testsite.sneeboer.com\/tuingereedschap\/jaeter-12-cm-linkshaendig"},"modified":"2023-08-28T15:20:36","modified_gmt":"2023-08-28T13:20:36","slug":"jaeter-12-cm-linkshaendig","status":"publish","type":"product","link":"https:\/\/sneeboer.com\/de\/handgeschmiedete-gartengeraete\/jaeter-12-cm-linkshaendig","title":{"rendered":"J\u00e4ter 12 cm linksh\u00e4ndig"},"content":{"rendered":"<p>Im Niederl\u00e4ndischen hei\u00dft dieses Ger\u00e4t \u201eSchrepel\u201c, wobei es sich um ein Wort aus einem Dialekt der s\u00fcdlichen Provinz Zeeland handelt. Es bedeutet \u201eschlank\u201c oder \u201ed\u00fcnn\u201c, was sich auf den langen, d\u00fcnnen Hals bezieht, der die Klinge mit dem Griff verbindet. Der J\u00e4ter ist ein klassisches niederl\u00e4ndisches Gartenwerkzeug, das im 19. Jahrhundert f\u00fcr das arbeitsintensive Ausd\u00fcnnen von Zuckerr\u00fcben entwickelt wurde. Um pr\u00e4ziser arbeiten zu k\u00f6nnen, hat der J\u00e4ter eine asymmetrische Form und \u00e4hnelt in seiner Funktion der Halbmondhacke. Der J\u00e4ter ist in einer Ausf\u00fchrung f\u00fcr Links- und Rechtsh\u00e4nder sowie mit einem Griff aus Eschen- oder Kirschholz erh\u00e4ltlich. Die Klinge hat eine L\u00e4nge von 8 bis 14 cm.<\/p>\n","protected":false},"excerpt":{"rendered":"<p>Der klassische J\u00e4ter wurde urspr\u00fcnglich zum Ausd\u00fcnnen von R\u00fcben und Chicor\u00e9e im Gem\u00fcsegarten entwickelt, eignet sich aber auch hervorragend zum Entfernen von Unkraut und zum L\u00fcften des Bodens. Der Winkel zwischen Klinge und Hals ist speziell darauf ausgerichtet, das Handgelenk bei Arbeiten mit dem J\u00e4ter in Bodenn\u00e4he nicht zu belasten.<\/p>\n","protected":false},"featured_media":5043,"comment_status":"closed","ping_status":"closed","template":"","meta":{"inline_featured_image":false,"product_video_url":"","product_360_url":""},"product_brand":[],"product_cat":[104,143],"product_tag":[471,531],"weeds":[],"soil_types":[],"class_list":{"0":"post-50895","1":"product","2":"type-product","3":"status-publish","4":"has-post-thumbnail","6":"product_cat-handgeraete","7":"product_cat-schuffel-und-hacken","8":"product_tag-furchung","9":"product_tag-unkraut-entfernen","10":"post","12":"first","13":"instock","14":"taxable","15":"shipping-taxable","16":"purchasable","17":"product-type-simple"},"exclude_global_add_ons":false,"addons":[{"name":"Gravur","type":"custom_text","position":0,"required":false,"title_format":"heading","default":"","description_enable":true,"description":"Geben Sie bis zu 50 Zeichen ein.","placeholder_enable":false,"placeholder":"","display":"select","restrictions_type":"any_text","adjust_price":true,"price":"4.92","price_type":"quantity_based","restrictions":true,"min":"1","max":"50","options":[],"id":1684165753}],"_links":{"self":[{"href":"https:\/\/sneeboer.com\/de\/wp-json\/wp\/v2\/product\/50895","targetHints":{"allow":["GET"]}}],"collection":[{"href":"https:\/\/sneeboer.com\/de\/wp-json\/wp\/v2\/product"}],"about":[{"href":"https:\/\/sneeboer.com\/de\/wp-json\/wp\/v2\/types\/product"}],"replies":[{"embeddable":true,"href":"https:\/\/sneeboer.com\/de\/wp-json\/wp\/v2\/comments?post=50895"}],"wp:featuredmedia":[{"embeddable":true,"href":"https:\/\/sneeboer.com\/de\/wp-json\/wp\/v2\/media\/5043"}],"wp:attachment":[{"href":"https:\/\/sneeboer.com\/de\/wp-json\/wp\/v2\/media?parent=50895"}],"wp:term":[{"taxonomy":"product_brand","embeddable":true,"href":"https:\/\/sneeboer.com\/de\/wp-json\/wp\/v2\/product_brand?post=50895"},{"taxonomy":"product_cat","embeddable":true,"href":"https:\/\/sneeboer.com\/de\/wp-json\/wp\/v2\/product_cat?post=50895"},{"taxonomy":"product_tag","embeddable":true,"href":"https:\/\/sneeboer.com\/de\/wp-json\/wp\/v2\/product_tag?post=50895"},{"taxonomy":"weeds","embeddable":true,"href":"https:\/\/sneeboer.com\/de\/wp-json\/wp\/v2\/weeds?post=50895"},{"taxonomy":"soil_types","embeddable":true,"href":"https:\/\/sneeboer.com\/de\/wp-json\/wp\/v2\/soil_types?post=50895"}],"curies":[{"name":"wp","href":"https:\/\/api.w.org\/{rel}","templated":true}]}}