{"id":50846,"date":"2023-05-09T13:39:33","date_gmt":"2023-05-09T11:39:33","guid":{"rendered":"https:\/\/testsite.sneeboer.com\/tuingereedschap\/laubstecher"},"modified":"2026-02-21T16:47:28","modified_gmt":"2026-02-21T15:47:28","slug":"laubstecher","status":"publish","type":"product","link":"https:\/\/sneeboer.com\/de\/handgeschmiedete-gartengeraete\/laubstecher","title":{"rendered":"Laubstecher"},"content":{"rendered":"","protected":false},"excerpt":{"rendered":"<p>Der Laubstecher verf\u00fcgt \u00fcber vier kegelf\u00f6rmige, gesch\u00e4rfte Zinken, die an einen 1 Meter langen Stiel geschwei\u00dft sind. Der gesamte Kopf ist aus rostfreiem Stahl gefertigt und an einem Eschenholzstiel angebracht. Mit dem Laubstecher lassen sich Bl\u00e4tter und anderes kleines Material vom Boden aufsammeln, ohne sich dabei b\u00fccken zu m\u00fcssen.<\/p>\n","protected":false},"featured_media":4791,"comment_status":"closed","ping_status":"closed","template":"","meta":{"inline_featured_image":false,"product_video_url":"","product_360_url":""},"product_brand":[],"product_cat":[175],"product_tag":[323,503],"weeds":[],"soil_types":[],"class_list":{"0":"post-50846","1":"product","2":"type-product","3":"status-publish","4":"has-post-thumbnail","6":"product_cat-spezial-geraete","7":"product_tag-rasenpflege","8":"product_tag-schaufeln","9":"post","11":"first","12":"instock","13":"taxable","14":"shipping-taxable","15":"purchasable","16":"product-type-simple"},"exclude_global_add_ons":false,"addons":[{"name":"Gravur","type":"custom_text","position":0,"required":false,"title_format":"heading","default":"","description_enable":true,"description":"Geben Sie bis zu 50 Zeichen ein.","placeholder_enable":false,"placeholder":"","display":"select","restrictions_type":"any_text","adjust_price":true,"price":"4.92","price_type":"quantity_based","restrictions":true,"min":"1","max":"50","options":[],"id":1684165753}],"_links":{"self":[{"href":"https:\/\/sneeboer.com\/de\/wp-json\/wp\/v2\/product\/50846","targetHints":{"allow":["GET"]}}],"collection":[{"href":"https:\/\/sneeboer.com\/de\/wp-json\/wp\/v2\/product"}],"about":[{"href":"https:\/\/sneeboer.com\/de\/wp-json\/wp\/v2\/types\/product"}],"replies":[{"embeddable":true,"href":"https:\/\/sneeboer.com\/de\/wp-json\/wp\/v2\/comments?post=50846"}],"wp:featuredmedia":[{"embeddable":true,"href":"https:\/\/sneeboer.com\/de\/wp-json\/wp\/v2\/media\/4791"}],"wp:attachment":[{"href":"https:\/\/sneeboer.com\/de\/wp-json\/wp\/v2\/media?parent=50846"}],"wp:term":[{"taxonomy":"product_brand","embeddable":true,"href":"https:\/\/sneeboer.com\/de\/wp-json\/wp\/v2\/product_brand?post=50846"},{"taxonomy":"product_cat","embeddable":true,"href":"https:\/\/sneeboer.com\/de\/wp-json\/wp\/v2\/product_cat?post=50846"},{"taxonomy":"product_tag","embeddable":true,"href":"https:\/\/sneeboer.com\/de\/wp-json\/wp\/v2\/product_tag?post=50846"},{"taxonomy":"weeds","embeddable":true,"href":"https:\/\/sneeboer.com\/de\/wp-json\/wp\/v2\/weeds?post=50846"},{"taxonomy":"soil_types","embeddable":true,"href":"https:\/\/sneeboer.com\/de\/wp-json\/wp\/v2\/soil_types?post=50846"}],"curies":[{"name":"wp","href":"https:\/\/api.w.org\/{rel}","templated":true}]}}