{"id":50832,"date":"2023-05-09T13:38:33","date_gmt":"2023-05-09T11:38:33","guid":{"rendered":"https:\/\/testsite.sneeboer.com\/tuingereedschap\/unkrautspaten-mit-tritt"},"modified":"2026-02-28T17:34:04","modified_gmt":"2026-02-28T16:34:04","slug":"unkrautspaten-mit-tritt","status":"publish","type":"product","link":"https:\/\/sneeboer.com\/de\/handgeschmiedete-gartengeraete\/unkrautspaten-mit-tritt","title":{"rendered":"Unkrautspaten mit Tritt"},"content":{"rendered":"<p>Obwohl der Unkrautspaten einem alten viktorianischen Werkzeug nachempfunden ist, leistet er dennoch jedem modernen G\u00e4rtner gute Dienste. Der Unkrautspaten ist mit einem 78 cm langen T-Stiel aus Eschenholz erh\u00e4ltlich, wodurch sich die Gesamtl\u00e4nge des Ger\u00e4ts auf 96 cm bel\u00e4uft.<\/p>\n","protected":false},"excerpt":{"rendered":"<p>Der Unkrautspaten wurde speziell f\u00fcr eine bestimmte Funktion entwickelt: zum Entfernen von l\u00e4stigem L\u00f6wenzahn (und anderem Unkraut mit langen Wurzeln), das den Anblick eines gepflegten Gartens st\u00f6rt. Mit dem langen, schmalen und scharfen Blatt lassen sich L\u00f6wenzahn, G\u00e4nsebl\u00fcmchen und Butterblumen m\u00fchelos entfernen. Der Auftritt auf beiden Seiten des Blattes sorgt daf\u00fcr, dass viel Kraft aufgewendet werden kann, um das Ger\u00e4t in den Boden zu treiben.<\/p>\n","protected":false},"featured_media":4710,"comment_status":"closed","ping_status":"closed","template":"","meta":{"inline_featured_image":false,"product_video_url":"","product_360_url":""},"product_brand":[],"product_cat":[157,202],"product_tag":[471,531],"weeds":[],"soil_types":[],"class_list":{"0":"post-50832","1":"product","2":"type-product","3":"status-publish","4":"has-post-thumbnail","6":"product_cat-spaten","7":"product_cat-unkrautentfernung","8":"product_tag-furchung","9":"product_tag-unkraut-entfernen","10":"post","12":"first","13":"instock","14":"taxable","15":"shipping-taxable","16":"purchasable","17":"product-type-simple"},"exclude_global_add_ons":false,"addons":[{"name":"Gravur","type":"custom_text","position":0,"required":false,"title_format":"heading","default":"","description_enable":true,"description":"Geben Sie bis zu 50 Zeichen ein.","placeholder_enable":false,"placeholder":"","display":"select","restrictions_type":"any_text","adjust_price":true,"price":"4.92","price_type":"quantity_based","restrictions":true,"min":"1","max":"50","options":[],"id":1684165753}],"_links":{"self":[{"href":"https:\/\/sneeboer.com\/de\/wp-json\/wp\/v2\/product\/50832","targetHints":{"allow":["GET"]}}],"collection":[{"href":"https:\/\/sneeboer.com\/de\/wp-json\/wp\/v2\/product"}],"about":[{"href":"https:\/\/sneeboer.com\/de\/wp-json\/wp\/v2\/types\/product"}],"replies":[{"embeddable":true,"href":"https:\/\/sneeboer.com\/de\/wp-json\/wp\/v2\/comments?post=50832"}],"wp:featuredmedia":[{"embeddable":true,"href":"https:\/\/sneeboer.com\/de\/wp-json\/wp\/v2\/media\/4710"}],"wp:attachment":[{"href":"https:\/\/sneeboer.com\/de\/wp-json\/wp\/v2\/media?parent=50832"}],"wp:term":[{"taxonomy":"product_brand","embeddable":true,"href":"https:\/\/sneeboer.com\/de\/wp-json\/wp\/v2\/product_brand?post=50832"},{"taxonomy":"product_cat","embeddable":true,"href":"https:\/\/sneeboer.com\/de\/wp-json\/wp\/v2\/product_cat?post=50832"},{"taxonomy":"product_tag","embeddable":true,"href":"https:\/\/sneeboer.com\/de\/wp-json\/wp\/v2\/product_tag?post=50832"},{"taxonomy":"weeds","embeddable":true,"href":"https:\/\/sneeboer.com\/de\/wp-json\/wp\/v2\/weeds?post=50832"},{"taxonomy":"soil_types","embeddable":true,"href":"https:\/\/sneeboer.com\/de\/wp-json\/wp\/v2\/soil_types?post=50832"}],"curies":[{"name":"wp","href":"https:\/\/api.w.org\/{rel}","templated":true}]}}