{"id":50809,"date":"2023-05-09T13:37:02","date_gmt":"2023-05-09T11:37:02","guid":{"rendered":"https:\/\/testsite.sneeboer.com\/tuingereedschap\/jaetfinger-2"},"modified":"2025-08-15T06:12:46","modified_gmt":"2025-08-15T04:12:46","slug":"jaetfinger-2","status":"publish","type":"product","link":"https:\/\/sneeboer.com\/de\/handgeschmiedete-gartengeraete\/jaetfinger-2","title":{"rendered":"J\u00e4tfinger"},"content":{"rendered":"<p>Der J\u00e4tfinger ist mit einem Griff aus Eschen- oder Kirschholz erh\u00e4ltlich.<\/p>\n","protected":false},"excerpt":{"rendered":"<p>Bei diesem J\u00e4tfinger handelt es sich um ein kleines, aber au\u00dferordentlich handliches Ger\u00e4t zum Pflanzen kleiner Blumenzwiebeln und zum Entfernen von l\u00e4stigem oberfl\u00e4chliches Unkraut auf engstem Raum. Durch seine L\u00e4nge (20 cm insgesamt) gibt Ihnen dieses Ger\u00e4te die volle Kontrolle und erm\u00f6glicht ein pr\u00e4zises Arbeiten. Das Edelstahlteil ist so konzipiert, dass das Werkzeug tats\u00e4chlich zu einem verl\u00e4ngerten Finger wird.<\/p>\n","protected":false},"featured_media":62002,"comment_status":"closed","ping_status":"closed","template":"","meta":{"inline_featured_image":false,"product_video_url":"","product_360_url":""},"product_brand":[],"product_cat":[104,202],"product_tag":[471,531],"weeds":[],"soil_types":[],"class_list":{"0":"post-50809","1":"product","2":"type-product","3":"status-publish","4":"has-post-thumbnail","6":"product_cat-handgeraete","7":"product_cat-unkrautentfernung","8":"product_tag-furchung","9":"product_tag-unkraut-entfernen","10":"post","12":"first","13":"instock","14":"taxable","15":"shipping-taxable","16":"purchasable","17":"product-type-simple"},"exclude_global_add_ons":false,"addons":[{"name":"Gravur","type":"custom_text","position":0,"required":false,"title_format":"heading","default":"","description_enable":true,"description":"Geben Sie bis zu 50 Zeichen ein.","placeholder_enable":false,"placeholder":"","display":"select","restrictions_type":"any_text","adjust_price":true,"price":"4.92","price_type":"quantity_based","restrictions":true,"min":"1","max":"50","options":[],"id":1684165753}],"_links":{"self":[{"href":"https:\/\/sneeboer.com\/de\/wp-json\/wp\/v2\/product\/50809","targetHints":{"allow":["GET"]}}],"collection":[{"href":"https:\/\/sneeboer.com\/de\/wp-json\/wp\/v2\/product"}],"about":[{"href":"https:\/\/sneeboer.com\/de\/wp-json\/wp\/v2\/types\/product"}],"replies":[{"embeddable":true,"href":"https:\/\/sneeboer.com\/de\/wp-json\/wp\/v2\/comments?post=50809"}],"wp:featuredmedia":[{"embeddable":true,"href":"https:\/\/sneeboer.com\/de\/wp-json\/wp\/v2\/media\/62002"}],"wp:attachment":[{"href":"https:\/\/sneeboer.com\/de\/wp-json\/wp\/v2\/media?parent=50809"}],"wp:term":[{"taxonomy":"product_brand","embeddable":true,"href":"https:\/\/sneeboer.com\/de\/wp-json\/wp\/v2\/product_brand?post=50809"},{"taxonomy":"product_cat","embeddable":true,"href":"https:\/\/sneeboer.com\/de\/wp-json\/wp\/v2\/product_cat?post=50809"},{"taxonomy":"product_tag","embeddable":true,"href":"https:\/\/sneeboer.com\/de\/wp-json\/wp\/v2\/product_tag?post=50809"},{"taxonomy":"weeds","embeddable":true,"href":"https:\/\/sneeboer.com\/de\/wp-json\/wp\/v2\/weeds?post=50809"},{"taxonomy":"soil_types","embeddable":true,"href":"https:\/\/sneeboer.com\/de\/wp-json\/wp\/v2\/soil_types?post=50809"}],"curies":[{"name":"wp","href":"https:\/\/api.w.org\/{rel}","templated":true}]}}