{"id":50776,"date":"2023-05-09T13:34:43","date_gmt":"2023-05-09T11:34:43","guid":{"rendered":"https:\/\/testsite.sneeboer.com\/tuingereedschap\/set-von-6-vintage-tools-limited-edition"},"modified":"2024-07-14T15:56:05","modified_gmt":"2024-07-14T13:56:05","slug":"set-von-6-vintage-tools-limited-edition","status":"publish","type":"product","link":"https:\/\/sneeboer.com\/de\/handgeschmiedete-gartengeraete\/set-von-6-vintage-tools-limited-edition","title":{"rendered":"Vintage Tools 6 St\u00fcck (ohne 9062)"},"content":{"rendered":"<p>Die Ger\u00e4te von Sneeboer stehen f\u00fcr Tradition und Handwerkskunst. Starker, hochwertiger Edelstahl mit einem eleganten, aber robusten Stiel aus Eschenholz. Bei Sneeboer zeigt sich die Leidenschaft f\u00fcr die Herstellung der besten Gartenger\u00e4te auch in den Holzgriffen. Dies schl\u00e4gt sich auch in der Vintage-Serie nieder, deren Griffe aus dem braunen Kern, dem besten Teil des Baumes, gefertigt sind. Nur durch die Leidenschaft von Menschen, die ihren Beruf lieben, ist dieses zeitaufw\u00e4ndige Verfahren m\u00f6glich. Mit diesen Ger\u00e4ten huldigt Sneeboer der Natur und den F\u00e4higkeiten der Menschen, die sie geschaffen haben.<\/p>\n","protected":false},"excerpt":{"rendered":"<p>Dieses Set von Vintage-Ger\u00e4ten enth\u00e4lt sechs unverzichtbare Werkzeuge, die mit dem charakteristischen dunkelbraunen Griff unserer Vintage-Serie ausgestattet sind. Das Set besteht aus einem Spaten mit Tritt, einem Pflanzspaten mit Tritt, einem Beetspaten mit Tritt, einem Spitzspaten, einer Grabegabel und einer Gartengabel.<\/p>\n","protected":false},"featured_media":29079,"comment_status":"closed","ping_status":"closed","template":"","meta":{"inline_featured_image":false,"product_video_url":"","product_360_url":""},"product_brand":[],"product_cat":[157,444],"product_tag":[],"weeds":[],"soil_types":[],"class_list":{"0":"post-50776","1":"product","2":"type-product","3":"status-publish","4":"has-post-thumbnail","6":"product_cat-spaten","7":"product_cat-vintage-tools-limited-edition-de","8":"post","10":"first","11":"outofstock","12":"taxable","13":"shipping-taxable","14":"purchasable","15":"product-type-simple"},"exclude_global_add_ons":[],"addons":[],"_links":{"self":[{"href":"https:\/\/sneeboer.com\/de\/wp-json\/wp\/v2\/product\/50776","targetHints":{"allow":["GET"]}}],"collection":[{"href":"https:\/\/sneeboer.com\/de\/wp-json\/wp\/v2\/product"}],"about":[{"href":"https:\/\/sneeboer.com\/de\/wp-json\/wp\/v2\/types\/product"}],"replies":[{"embeddable":true,"href":"https:\/\/sneeboer.com\/de\/wp-json\/wp\/v2\/comments?post=50776"}],"wp:featuredmedia":[{"embeddable":true,"href":"https:\/\/sneeboer.com\/de\/wp-json\/wp\/v2\/media\/29079"}],"wp:attachment":[{"href":"https:\/\/sneeboer.com\/de\/wp-json\/wp\/v2\/media?parent=50776"}],"wp:term":[{"taxonomy":"product_brand","embeddable":true,"href":"https:\/\/sneeboer.com\/de\/wp-json\/wp\/v2\/product_brand?post=50776"},{"taxonomy":"product_cat","embeddable":true,"href":"https:\/\/sneeboer.com\/de\/wp-json\/wp\/v2\/product_cat?post=50776"},{"taxonomy":"product_tag","embeddable":true,"href":"https:\/\/sneeboer.com\/de\/wp-json\/wp\/v2\/product_tag?post=50776"},{"taxonomy":"weeds","embeddable":true,"href":"https:\/\/sneeboer.com\/de\/wp-json\/wp\/v2\/weeds?post=50776"},{"taxonomy":"soil_types","embeddable":true,"href":"https:\/\/sneeboer.com\/de\/wp-json\/wp\/v2\/soil_types?post=50776"}],"curies":[{"name":"wp","href":"https:\/\/api.w.org\/{rel}","templated":true}]}}