{"id":50762,"date":"2023-05-09T13:33:46","date_gmt":"2023-05-09T11:33:46","guid":{"rendered":"https:\/\/testsite.sneeboer.com\/tuingereedschap\/stiel"},"modified":"2026-04-25T11:01:03","modified_gmt":"2026-04-25T09:01:03","slug":"stiel-fur-verschiedene-spaten","status":"publish","type":"product","link":"https:\/\/sneeboer.com\/de\/handgeschmiedete-gartengeraete\/stiel-fur-verschiedene-spaten","title":{"rendered":"Stiel f\u00fcr verschiedene Spaten"},"content":{"rendered":"<p>Auf unserem YouTube-Kanal haben wir mehrere Videos mit Anleitungen ver\u00f6ffentlicht, wie man einen Griff oder ein Griffst\u00fcck am besten ersetzt.<\/p>\n","protected":false},"excerpt":{"rendered":"<p>Ein T-Stiel aus Eschenholz mit einer L\u00e4nge von 90 cm, der f\u00fcr alle Sneeboer-Spaten geeignet ist. F\u00fcr eine l\u00e4ngere Haltbarkeit empfehlen wir, das Holz regelm\u00e4\u00dfig mit gekochtem Lein\u00f6l zu schmieren. Wir liefern die Nieten gleich mit.<\/p>\n","protected":false},"featured_media":4292,"comment_status":"closed","ping_status":"closed","template":"","meta":{"inline_featured_image":false,"product_video_url":"","product_360_url":""},"product_brand":[],"product_cat":[284,277],"product_tag":[1407,487,1419,295],"weeds":[],"soil_types":[],"class_list":{"0":"post-50762","1":"product","2":"type-product","3":"status-publish","4":"has-post-thumbnail","6":"product_cat-geraetepflege","7":"product_cat-onderhoud","8":"product_tag-creuser","9":"product_tag-ernten","10":"product_tag-kultivieren","11":"product_tag-oogsten","12":"post","14":"first","15":"instock","16":"taxable","17":"shipping-taxable","18":"purchasable","19":"product-type-simple"},"exclude_global_add_ons":false,"addons":[{"name":"Gravur","type":"custom_text","position":0,"required":false,"title_format":"heading","default":"","description_enable":true,"description":"Geben Sie bis zu 50 Zeichen ein.","placeholder_enable":false,"placeholder":"","display":"select","restrictions_type":"any_text","adjust_price":true,"price":"4.92","price_type":"quantity_based","restrictions":true,"min":"1","max":"50","options":[],"id":1684165753}],"_links":{"self":[{"href":"https:\/\/sneeboer.com\/de\/wp-json\/wp\/v2\/product\/50762","targetHints":{"allow":["GET"]}}],"collection":[{"href":"https:\/\/sneeboer.com\/de\/wp-json\/wp\/v2\/product"}],"about":[{"href":"https:\/\/sneeboer.com\/de\/wp-json\/wp\/v2\/types\/product"}],"replies":[{"embeddable":true,"href":"https:\/\/sneeboer.com\/de\/wp-json\/wp\/v2\/comments?post=50762"}],"wp:featuredmedia":[{"embeddable":true,"href":"https:\/\/sneeboer.com\/de\/wp-json\/wp\/v2\/media\/4292"}],"wp:attachment":[{"href":"https:\/\/sneeboer.com\/de\/wp-json\/wp\/v2\/media?parent=50762"}],"wp:term":[{"taxonomy":"product_brand","embeddable":true,"href":"https:\/\/sneeboer.com\/de\/wp-json\/wp\/v2\/product_brand?post=50762"},{"taxonomy":"product_cat","embeddable":true,"href":"https:\/\/sneeboer.com\/de\/wp-json\/wp\/v2\/product_cat?post=50762"},{"taxonomy":"product_tag","embeddable":true,"href":"https:\/\/sneeboer.com\/de\/wp-json\/wp\/v2\/product_tag?post=50762"},{"taxonomy":"weeds","embeddable":true,"href":"https:\/\/sneeboer.com\/de\/wp-json\/wp\/v2\/weeds?post=50762"},{"taxonomy":"soil_types","embeddable":true,"href":"https:\/\/sneeboer.com\/de\/wp-json\/wp\/v2\/soil_types?post=50762"}],"curies":[{"name":"wp","href":"https:\/\/api.w.org\/{rel}","templated":true}]}}