{"id":50692,"date":"2023-05-09T13:28:45","date_gmt":"2023-05-09T11:28:45","guid":{"rendered":"https:\/\/testsite.sneeboer.com\/tuingereedschap\/koeniglich-hollaendische-handschuffel-2"},"modified":"2026-03-15T17:09:21","modified_gmt":"2026-03-15T16:09:21","slug":"koeniglich-hollaendische-handschuffel-2","status":"publish","type":"product","link":"https:\/\/sneeboer.com\/de\/handgeschmiedete-gartengeraete\/koeniglich-hollaendische-handschuffel-2","title":{"rendered":"K\u00f6niglich-Holl\u00e4ndische Handschuffel"},"content":{"rendered":"<p>Die k\u00f6niglich-holl\u00e4ndische Handschuffel umfasst zwei der drei Innovationen der gr\u00f6\u00dferen k\u00f6niglich-holl\u00e4ndischen Schuffel. Die Vorderseite der Klinge verf\u00fcgt \u00fcber drei Zacken, deren Zwischenr\u00e4ume mit zwei Schneidkanten versehen sind. Diese Schneidkanten k\u00f6nnen zum Durchtrennen von Unkraut verwendet werden, w\u00e4hrend die R\u00fcckseite der Klinge in der Mitte eine Spitze aufweist, mit der das abgeschnittene Unkraut zum Benutzer zur\u00fcckgezogen und somit entfernt werden kann. Die k\u00f6niglich-holl\u00e4ndische Handschuffel ist mit einem Griff aus Eschen- oder Kirschholz erh\u00e4ltlich.<\/p>\n","protected":false},"excerpt":{"rendered":"<p>Die k\u00f6niglich-holl\u00e4ndische Handschuffel ist die handlichere Version der ber\u00fchmten k\u00f6niglich-holl\u00e4ndischen Schuffel, die von Jaap Sneeboer anl\u00e4sslich des hundertj\u00e4hrigen Firmenjubil\u00e4ums von Sneeboer im Jahr 2013 entwickelt wurde. Es handelt sich hierbei um ein multifunktionales Werkzeug, das sich hervorragend f\u00fcr Hochbeete, Square-Foot-Gardening, Balkon- und Terrassenbepflanzungen, dicht bepflanzte oder ausgewachsene Staudenbeete, K\u00fcbelpflanzen und Blumenk\u00e4sten einsetzen l\u00e4sst. Es ist eines der vielseitigsten Gartenger\u00e4te im Arsenal eines jeden G\u00e4rtners.<\/p>\n","protected":false},"featured_media":61944,"comment_status":"closed","ping_status":"closed","template":"","meta":{"inline_featured_image":false,"product_video_url":"","product_360_url":"\/wp-content\/uploads\/2025\/11\/8252-140250\/8252_140250.xml"},"product_brand":[],"product_cat":[220,104,202],"product_tag":[471,531],"weeds":[],"soil_types":[],"class_list":{"0":"post-50692","1":"product","2":"type-product","3":"status-publish","4":"has-post-thumbnail","6":"product_cat-grundausstattung","7":"product_cat-handgeraete","8":"product_cat-unkrautentfernung","9":"product_tag-furchung","10":"product_tag-unkraut-entfernen","11":"post","13":"first","14":"instock","15":"taxable","16":"shipping-taxable","17":"purchasable","18":"product-type-simple"},"exclude_global_add_ons":false,"addons":[{"name":"Gravur","type":"custom_text","position":0,"required":false,"title_format":"heading","default":"","description_enable":true,"description":"Geben Sie bis zu 50 Zeichen ein.","placeholder_enable":false,"placeholder":"","display":"select","restrictions_type":"any_text","adjust_price":true,"price":"4.92","price_type":"quantity_based","restrictions":true,"min":"1","max":"50","options":[],"id":1684165753}],"_links":{"self":[{"href":"https:\/\/sneeboer.com\/de\/wp-json\/wp\/v2\/product\/50692","targetHints":{"allow":["GET"]}}],"collection":[{"href":"https:\/\/sneeboer.com\/de\/wp-json\/wp\/v2\/product"}],"about":[{"href":"https:\/\/sneeboer.com\/de\/wp-json\/wp\/v2\/types\/product"}],"replies":[{"embeddable":true,"href":"https:\/\/sneeboer.com\/de\/wp-json\/wp\/v2\/comments?post=50692"}],"wp:featuredmedia":[{"embeddable":true,"href":"https:\/\/sneeboer.com\/de\/wp-json\/wp\/v2\/media\/61944"}],"wp:attachment":[{"href":"https:\/\/sneeboer.com\/de\/wp-json\/wp\/v2\/media?parent=50692"}],"wp:term":[{"taxonomy":"product_brand","embeddable":true,"href":"https:\/\/sneeboer.com\/de\/wp-json\/wp\/v2\/product_brand?post=50692"},{"taxonomy":"product_cat","embeddable":true,"href":"https:\/\/sneeboer.com\/de\/wp-json\/wp\/v2\/product_cat?post=50692"},{"taxonomy":"product_tag","embeddable":true,"href":"https:\/\/sneeboer.com\/de\/wp-json\/wp\/v2\/product_tag?post=50692"},{"taxonomy":"weeds","embeddable":true,"href":"https:\/\/sneeboer.com\/de\/wp-json\/wp\/v2\/weeds?post=50692"},{"taxonomy":"soil_types","embeddable":true,"href":"https:\/\/sneeboer.com\/de\/wp-json\/wp\/v2\/soil_types?post=50692"}],"curies":[{"name":"wp","href":"https:\/\/api.w.org\/{rel}","templated":true}]}}