{"id":50645,"date":"2023-05-09T13:24:57","date_gmt":"2023-05-09T11:24:57","guid":{"rendered":"https:\/\/testsite.sneeboer.com\/tuingereedschap\/tina-messen-handgefertigt-in-deutschland-seit-1854"},"modified":"2025-09-09T13:19:14","modified_gmt":"2025-09-09T11:19:14","slug":"tina-veredlungsmesser-605-55cm","status":"publish","type":"product","link":"https:\/\/sneeboer.com\/de\/handgeschmiedete-gartengeraete\/tina-veredlungsmesser-605-55cm","title":{"rendered":"Tina Veredlungsmesser 605 &#8211; 5,5cm"},"content":{"rendered":"<p>Die Messer von TINA sind mit einer Klingenl\u00e4nge von 5,5 cm oder 10,5 cm erh\u00e4ltlich. Die Klinge ist aus poliertem Walnussholz gefertigt. Zum Schutz von H\u00e4nden und Klinge l\u00e4sst sich diese in den Griff einklappen, wenn das Messer nicht benutzt wird. F\u00fcr die Herstellung eines Messers von TINA werden nur \u00f6kologische Materialien verwendet \u2013 und seit 2007 ist umweltfreundliche Energie das einzige Nebenprodukt der Fabrik.<\/p>\n<p>Die Messerfabrik von TINA befindet sich im w\u00fcrttembergischen Reutlingen. Die Region ist bekannt f\u00fcr technische Innovationen und Qualit\u00e4tsarbeit, zum Beispiel in der Automobilindustrie. Dieser Fokus auf Qualit\u00e4t steht auch bei der Messerfabrik TINA im Mittelpunkt. Wo andere Messer nach etwa 400 Schnitten gesch\u00e4rft werden m\u00fcssen, ist ein Messer von TINA auch nach 1400 Schnitten noch so scharf wie neu. Es ist daher kein Wunder, dass Kunden in den 35 L\u00e4ndern, in denen die Gartenmesser von TINA verkauft werden, auf die Qualit\u00e4t dieser Marke schw\u00f6ren.<\/p>\n","protected":false},"excerpt":{"rendered":"<p>Die Gartenmesser von TINA wurden entwickelt, um Pflanzen mit Leichtigkeit und gro\u00dfer Pr\u00e4zision schneiden und veredeln zu k\u00f6nnen. Dieses Kopuliermesser verf\u00fcgt \u00fcber eine 5,5 cm lange Klinge, die sich ideal zum Veredeln und Schneiden von Pflanzen eignet. Seit \u00fcber 150 Jahren werden diese Messer in Deutschland von der Messerfabrik TINA hergestellt und sind weltweit f\u00fcr ihre Qualit\u00e4t bekannt. Sie gelten als die besten Gartenmesser der Welt.<\/p>\n","protected":false},"featured_media":3398,"comment_status":"closed","ping_status":"closed","template":"","meta":{"inline_featured_image":false,"product_video_url":"","product_360_url":""},"product_brand":[],"product_cat":[277,175],"product_tag":[487,1340],"weeds":[],"soil_types":[],"class_list":{"0":"post-50645","1":"product","2":"type-product","3":"status-publish","4":"has-post-thumbnail","6":"product_cat-onderhoud","7":"product_cat-spezial-geraete","8":"product_tag-ernten","9":"product_tag-onderhoud-de","10":"post","12":"first","13":"instock","14":"taxable","15":"shipping-taxable","16":"purchasable","17":"product-type-simple"},"exclude_global_add_ons":[],"addons":[],"_links":{"self":[{"href":"https:\/\/sneeboer.com\/de\/wp-json\/wp\/v2\/product\/50645","targetHints":{"allow":["GET"]}}],"collection":[{"href":"https:\/\/sneeboer.com\/de\/wp-json\/wp\/v2\/product"}],"about":[{"href":"https:\/\/sneeboer.com\/de\/wp-json\/wp\/v2\/types\/product"}],"replies":[{"embeddable":true,"href":"https:\/\/sneeboer.com\/de\/wp-json\/wp\/v2\/comments?post=50645"}],"wp:featuredmedia":[{"embeddable":true,"href":"https:\/\/sneeboer.com\/de\/wp-json\/wp\/v2\/media\/3398"}],"wp:attachment":[{"href":"https:\/\/sneeboer.com\/de\/wp-json\/wp\/v2\/media?parent=50645"}],"wp:term":[{"taxonomy":"product_brand","embeddable":true,"href":"https:\/\/sneeboer.com\/de\/wp-json\/wp\/v2\/product_brand?post=50645"},{"taxonomy":"product_cat","embeddable":true,"href":"https:\/\/sneeboer.com\/de\/wp-json\/wp\/v2\/product_cat?post=50645"},{"taxonomy":"product_tag","embeddable":true,"href":"https:\/\/sneeboer.com\/de\/wp-json\/wp\/v2\/product_tag?post=50645"},{"taxonomy":"weeds","embeddable":true,"href":"https:\/\/sneeboer.com\/de\/wp-json\/wp\/v2\/weeds?post=50645"},{"taxonomy":"soil_types","embeddable":true,"href":"https:\/\/sneeboer.com\/de\/wp-json\/wp\/v2\/soil_types?post=50645"}],"curies":[{"name":"wp","href":"https:\/\/api.w.org\/{rel}","templated":true}]}}