{"id":50622,"date":"2023-05-09T13:19:15","date_gmt":"2023-05-09T11:19:15","guid":{"rendered":"https:\/\/testsite.sneeboer.com\/tuingereedschap\/weihnachtgeschenke-2"},"modified":"2025-05-05T20:29:56","modified_gmt":"2025-05-05T18:29:56","slug":"weihnachtgeschenke-2","status":"publish","type":"product","link":"https:\/\/sneeboer.com\/de\/handgeschmiedete-gartengeraete\/weihnachtgeschenke-2","title":{"rendered":"Geschenkset Medium"},"content":{"rendered":"<p>Verschiedene Varianten des Sneeboer-Geschenksets sind verf\u00fcgbar. Wir bieten das Geschenkset als Medium-, Premium- und DeLuxe-Version an, jeweils mit unterschiedlichen Ger\u00e4ten. So finden Sie immer das passende Geschenk f\u00fcr besondere Momente, an dem sich der Empf\u00e4nger viele Jahre lang erfreuen kann.<\/p>\n","protected":false},"excerpt":{"rendered":"<p>Wenn Sie ein originelles und umweltfreundliches Geschenk f\u00fcr Verwandte oder Mitarbeiter suchen, sind Sie hier genau richtig! Die Gartenger\u00e4te von Sneeboer sind das ideale Geschenk f\u00fcr G\u00e4rtner, ob mit oder ohne pers\u00f6nliche Gravur. Die Ger\u00e4te werden in einer wundersch\u00f6nen blauen Schachtel mit goldener Beschriftung geliefert, was sie zu etwas ganz Besonderem macht. Das mittelgro\u00dfe Geschenkset enth\u00e4lt eine Pflanzkelle mit einem Griff aus Kirschholz.<\/p>\n","protected":false},"featured_media":16177,"comment_status":"closed","ping_status":"closed","template":"","meta":{"inline_featured_image":false,"product_video_url":"","product_360_url":""},"product_brand":[],"product_cat":[229,104],"product_tag":[1340],"weeds":[],"soil_types":[],"class_list":{"0":"post-50622","1":"product","2":"type-product","3":"status-publish","4":"has-post-thumbnail","6":"product_cat-weihnachtsgeschenke","7":"product_cat-handgeraete","8":"product_tag-onderhoud-de","9":"post","11":"first","12":"instock","13":"taxable","14":"shipping-taxable","15":"purchasable","16":"product-type-simple"},"exclude_global_add_ons":false,"addons":[{"name":"Gravur","type":"custom_text","position":0,"required":false,"title_format":"heading","default":"","description_enable":true,"description":"Geben Sie bis zu 50 Zeichen ein.","placeholder_enable":false,"placeholder":"","display":"select","restrictions_type":"any_text","adjust_price":true,"price":"4.92","price_type":"quantity_based","restrictions":true,"min":"1","max":"50","options":[],"id":1684165753}],"_links":{"self":[{"href":"https:\/\/sneeboer.com\/de\/wp-json\/wp\/v2\/product\/50622","targetHints":{"allow":["GET"]}}],"collection":[{"href":"https:\/\/sneeboer.com\/de\/wp-json\/wp\/v2\/product"}],"about":[{"href":"https:\/\/sneeboer.com\/de\/wp-json\/wp\/v2\/types\/product"}],"replies":[{"embeddable":true,"href":"https:\/\/sneeboer.com\/de\/wp-json\/wp\/v2\/comments?post=50622"}],"wp:featuredmedia":[{"embeddable":true,"href":"https:\/\/sneeboer.com\/de\/wp-json\/wp\/v2\/media\/16177"}],"wp:attachment":[{"href":"https:\/\/sneeboer.com\/de\/wp-json\/wp\/v2\/media?parent=50622"}],"wp:term":[{"taxonomy":"product_brand","embeddable":true,"href":"https:\/\/sneeboer.com\/de\/wp-json\/wp\/v2\/product_brand?post=50622"},{"taxonomy":"product_cat","embeddable":true,"href":"https:\/\/sneeboer.com\/de\/wp-json\/wp\/v2\/product_cat?post=50622"},{"taxonomy":"product_tag","embeddable":true,"href":"https:\/\/sneeboer.com\/de\/wp-json\/wp\/v2\/product_tag?post=50622"},{"taxonomy":"weeds","embeddable":true,"href":"https:\/\/sneeboer.com\/de\/wp-json\/wp\/v2\/weeds?post=50622"},{"taxonomy":"soil_types","embeddable":true,"href":"https:\/\/sneeboer.com\/de\/wp-json\/wp\/v2\/soil_types?post=50622"}],"curies":[{"name":"wp","href":"https:\/\/api.w.org\/{rel}","templated":true}]}}