{"id":50593,"date":"2023-05-09T13:17:17","date_gmt":"2023-05-09T11:17:17","guid":{"rendered":"https:\/\/testsite.sneeboer.com\/tuingereedschap\/stiel-fur-rasenkantenstecher"},"modified":"2024-09-15T16:15:09","modified_gmt":"2024-09-15T14:15:09","slug":"stiel-fur-rasenkantenstecher","status":"publish","type":"product","link":"https:\/\/sneeboer.com\/de\/handgeschmiedete-gartengeraete\/stiel-fur-rasenkantenstecher","title":{"rendered":"Stiel fur Rasenkantenstecher"},"content":{"rendered":"<p>Kennen Sie schon unseren umfangreichen YouTube-Kanal, der auch Videos mit Anleitungen f\u00fcr den Austausch von Griffen bereith\u00e4lt?<\/p>\n","protected":false},"excerpt":{"rendered":"<p>80 cm langer Eschenholzstiel f\u00fcr den Rasenkantenstecher (8075 &amp; 8080) und den Rasenbel\u00fcfter (8030) von Sneeboer. Um die Lebensdauer des Griffs zu erh\u00f6hen, empfehlen wir, das Holz mit gekochtem Lein\u00f6l einzureiben. F\u00fcr die Befestigung des Griffs am Ger\u00e4t empfehlen wir die Verwendung von Loctite Double Bubble-Kleber.<\/p>\n","protected":false},"featured_media":43880,"comment_status":"closed","ping_status":"closed","template":"","meta":{"inline_featured_image":false,"product_video_url":"","product_360_url":""},"product_brand":[],"product_cat":[284,166],"product_tag":[],"weeds":[],"soil_types":[],"class_list":{"0":"post-50593","1":"product","2":"type-product","3":"status-publish","4":"has-post-thumbnail","6":"product_cat-geraetepflege","7":"product_cat-spare-handle-7","8":"post","10":"first","11":"instock","12":"taxable","13":"shipping-taxable","14":"purchasable","15":"product-type-simple"},"exclude_global_add_ons":false,"addons":[{"name":"Gravur","type":"custom_text","position":0,"required":false,"title_format":"heading","default":"","description_enable":true,"description":"Geben Sie bis zu 50 Zeichen ein.","placeholder_enable":false,"placeholder":"","display":"select","restrictions_type":"any_text","adjust_price":true,"price":"4.92","price_type":"quantity_based","restrictions":true,"min":"1","max":"50","options":[],"id":1684165753}],"_links":{"self":[{"href":"https:\/\/sneeboer.com\/de\/wp-json\/wp\/v2\/product\/50593","targetHints":{"allow":["GET"]}}],"collection":[{"href":"https:\/\/sneeboer.com\/de\/wp-json\/wp\/v2\/product"}],"about":[{"href":"https:\/\/sneeboer.com\/de\/wp-json\/wp\/v2\/types\/product"}],"replies":[{"embeddable":true,"href":"https:\/\/sneeboer.com\/de\/wp-json\/wp\/v2\/comments?post=50593"}],"wp:featuredmedia":[{"embeddable":true,"href":"https:\/\/sneeboer.com\/de\/wp-json\/wp\/v2\/media\/43880"}],"wp:attachment":[{"href":"https:\/\/sneeboer.com\/de\/wp-json\/wp\/v2\/media?parent=50593"}],"wp:term":[{"taxonomy":"product_brand","embeddable":true,"href":"https:\/\/sneeboer.com\/de\/wp-json\/wp\/v2\/product_brand?post=50593"},{"taxonomy":"product_cat","embeddable":true,"href":"https:\/\/sneeboer.com\/de\/wp-json\/wp\/v2\/product_cat?post=50593"},{"taxonomy":"product_tag","embeddable":true,"href":"https:\/\/sneeboer.com\/de\/wp-json\/wp\/v2\/product_tag?post=50593"},{"taxonomy":"weeds","embeddable":true,"href":"https:\/\/sneeboer.com\/de\/wp-json\/wp\/v2\/weeds?post=50593"},{"taxonomy":"soil_types","embeddable":true,"href":"https:\/\/sneeboer.com\/de\/wp-json\/wp\/v2\/soil_types?post=50593"}],"curies":[{"name":"wp","href":"https:\/\/api.w.org\/{rel}","templated":true}]}}