{"id":50586,"date":"2023-05-09T13:16:47","date_gmt":"2023-05-09T11:16:47","guid":{"rendered":"https:\/\/testsite.sneeboer.com\/tuingereedschap\/pflanzkelle-herzmodel-3"},"modified":"2024-07-10T14:28:19","modified_gmt":"2024-07-10T12:28:19","slug":"pflanzkelle-herzmodel-3","status":"publish","type":"product","link":"https:\/\/sneeboer.com\/de\/handgeschmiedete-gartengeraete\/pflanzkelle-herzmodel-3","title":{"rendered":"Herzf\u00f6rmige Pflanzkelle (traditionelle Form)"},"content":{"rendered":"<p>Die Pflanzkelle ist so ausbalanciert, dass der gr\u00f6\u00dfte Teil des Gewichts auf dem Blatt des Ger\u00e4ts liegt. Dies mag seltsam erscheinen, ist aber ein perfektes Beispiel f\u00fcr das Prinzip, wonach die Form der Funktion folgt, denn die Pflanzkelle ist zum Ausheben von Pflanzl\u00f6chern gedacht und eignet sich weniger zum Schaufeln oder Graben. Mit dem schweren Blatt l\u00e4sst sich der Boden leichter und bequemer eindr\u00fccken, da weniger Kraft erforderlich ist. Um ein perfektes Pflanzloch zu erhalten, wird das Blatt fest in den Boden gesteckt und dann vor dem Entfernen aus der Erde hin und her bewegt. Die Pflanzkelle ist mit einem Griff aus Eschen- oder Kirschholz in verschiedenen Gr\u00f6\u00dfen erh\u00e4ltlich.<\/p>\n","protected":false},"excerpt":{"rendered":"<p>Diese Pflanzkelle geht auf den Anfang des 20. Jahrhunderts zur\u00fcck und kann f\u00fcr das Pflanzen von Blumenzwiebeln, Setzlingen und kleinen Pflanzen verwendet werden. Der gro\u00dfe Kopf eignet sich zudem hervorragend zum Aufbrechen und Wenden von Erde. Die Pflanzkelle ist handgeschmiedet und beidseitig gesch\u00e4rft, was sie zu einem perfekten Hilfsmittel f\u00fcr schnelles und pr\u00e4zises Arbeiten macht. Die Pflanzkellen von Sneeboer sind das bevorzugte Ger\u00e4t der G\u00e4rtner auf der niederl\u00e4ndischen Keukenhof-Ausstellung, wo sie jedes Jahr verwendet werden, um die Pflanzl\u00f6cher f\u00fcr Millionen von Blumenzwiebeln auszuheben. Au\u00dferdem ist diese Pflanzkelle das Lieblingsgartenger\u00e4t des englischen Fernsehg\u00e4rtners Monty Don, was ihre N\u00fctzlichkeit noch unterstreicht!<\/p>\n","protected":false},"featured_media":27899,"comment_status":"closed","ping_status":"closed","template":"","meta":{"inline_featured_image":false,"product_video_url":"","product_360_url":""},"product_brand":[],"product_cat":[104,184,129],"product_tag":[493,331],"weeds":[],"soil_types":[],"class_list":{"0":"post-50586","1":"product","2":"type-product","3":"status-publish","4":"has-post-thumbnail","6":"product_cat-handgeraete","7":"product_cat-kelle","8":"product_cat-pflanzer","9":"product_tag-bepflanzung","10":"product_tag-graben","11":"post","13":"first","14":"instock","15":"taxable","16":"shipping-taxable","17":"purchasable","18":"product-type-simple"},"exclude_global_add_ons":false,"addons":[{"name":"Gravur","type":"custom_text","position":0,"required":false,"title_format":"heading","default":"","description_enable":true,"description":"Geben Sie bis zu 50 Zeichen ein.","placeholder_enable":false,"placeholder":"","display":"select","restrictions_type":"any_text","adjust_price":true,"price":"4.92","price_type":"quantity_based","restrictions":true,"min":"1","max":"50","options":[],"id":1684165753}],"_links":{"self":[{"href":"https:\/\/sneeboer.com\/de\/wp-json\/wp\/v2\/product\/50586","targetHints":{"allow":["GET"]}}],"collection":[{"href":"https:\/\/sneeboer.com\/de\/wp-json\/wp\/v2\/product"}],"about":[{"href":"https:\/\/sneeboer.com\/de\/wp-json\/wp\/v2\/types\/product"}],"replies":[{"embeddable":true,"href":"https:\/\/sneeboer.com\/de\/wp-json\/wp\/v2\/comments?post=50586"}],"wp:featuredmedia":[{"embeddable":true,"href":"https:\/\/sneeboer.com\/de\/wp-json\/wp\/v2\/media\/27899"}],"wp:attachment":[{"href":"https:\/\/sneeboer.com\/de\/wp-json\/wp\/v2\/media?parent=50586"}],"wp:term":[{"taxonomy":"product_brand","embeddable":true,"href":"https:\/\/sneeboer.com\/de\/wp-json\/wp\/v2\/product_brand?post=50586"},{"taxonomy":"product_cat","embeddable":true,"href":"https:\/\/sneeboer.com\/de\/wp-json\/wp\/v2\/product_cat?post=50586"},{"taxonomy":"product_tag","embeddable":true,"href":"https:\/\/sneeboer.com\/de\/wp-json\/wp\/v2\/product_tag?post=50586"},{"taxonomy":"weeds","embeddable":true,"href":"https:\/\/sneeboer.com\/de\/wp-json\/wp\/v2\/weeds?post=50586"},{"taxonomy":"soil_types","embeddable":true,"href":"https:\/\/sneeboer.com\/de\/wp-json\/wp\/v2\/soil_types?post=50586"}],"curies":[{"name":"wp","href":"https:\/\/api.w.org\/{rel}","templated":true}]}}