{"id":50558,"date":"2023-05-09T13:14:25","date_gmt":"2023-05-09T11:14:25","guid":{"rendered":"https:\/\/testsite.sneeboer.com\/tuingereedschap\/vintage-grabegabel-limited-edition"},"modified":"2026-02-15T15:22:03","modified_gmt":"2026-02-15T14:22:03","slug":"vintage-grabegabel-limited-edition","status":"publish","type":"product","link":"https:\/\/sneeboer.com\/de\/handgeschmiedete-gartengeraete\/vintage-grabegabel-limited-edition","title":{"rendered":"Vintage Grabegabel"},"content":{"rendered":"<p>Durch die Form der Zinken und dem speziellen Winkel, in dem der Stiel an der Gabel befestigt ist, dringt dieses Ger\u00e4t m\u00fchelos in den Boden ein. Im Vergleich zu einem Spaten schneidet eine Grabegabel nicht durch den Boden. Dadurch wird das empfindliche Wurzelsystem beim Graben nicht besch\u00e4digt und die Pflanzen bleiben gesund. Die Grabegabel ist in mehreren Varianten mit drei oder vier Zinken sowie in einer kleineren Ausf\u00fchrung erh\u00e4ltlich. Diese Grabegabel wird mit einem 90 cm langen T-Griff oder einem 85 cm langen D-Griff aus Eschenholz geliefert. Dar\u00fcber hinaus bieten wir eine Vintage-Version an, die mit einem robusteren, dunkelbraunen T-Griff geliefert wird.<\/p>\n","protected":false},"excerpt":{"rendered":"<p>Die Grabegabel mit vier Zinken ist ideal zum Ernten, Umgraben und Bel\u00fcften des Bodens. Die vier Zinken aus rostfreiem Stahl sind gesch\u00e4rft, so dass die Gabel mit Leichtigkeit tief in den Boden getrieben werden kann. Die Grabegabel eignet sich perfekt zum Ernten oder Verpflanzen von Pflanzen oder B\u00e4umen, ohne dabei die Wurzeln zu besch\u00e4digen. Diese Grabegabel ist das schwerste Modell in unserem Sortiment. Mit ihr lassen sich auch gro\u00dfe Beete und sehr kompakte B\u00f6den umgraben.<\/p>\n","protected":false},"featured_media":2843,"comment_status":"closed","ping_status":"closed","template":"","meta":{"inline_featured_image":false,"product_video_url":"","product_360_url":""},"product_brand":[],"product_cat":[193,444],"product_tag":[],"weeds":[],"soil_types":[],"class_list":{"0":"post-50558","1":"product","2":"type-product","3":"status-publish","4":"has-post-thumbnail","6":"product_cat-gabel","7":"product_cat-vintage-tools-limited-edition-de","8":"post","10":"first","11":"outofstock","12":"taxable","13":"shipping-taxable","14":"purchasable","15":"product-type-simple"},"exclude_global_add_ons":[],"addons":[],"_links":{"self":[{"href":"https:\/\/sneeboer.com\/de\/wp-json\/wp\/v2\/product\/50558","targetHints":{"allow":["GET"]}}],"collection":[{"href":"https:\/\/sneeboer.com\/de\/wp-json\/wp\/v2\/product"}],"about":[{"href":"https:\/\/sneeboer.com\/de\/wp-json\/wp\/v2\/types\/product"}],"replies":[{"embeddable":true,"href":"https:\/\/sneeboer.com\/de\/wp-json\/wp\/v2\/comments?post=50558"}],"wp:featuredmedia":[{"embeddable":true,"href":"https:\/\/sneeboer.com\/de\/wp-json\/wp\/v2\/media\/2843"}],"wp:attachment":[{"href":"https:\/\/sneeboer.com\/de\/wp-json\/wp\/v2\/media?parent=50558"}],"wp:term":[{"taxonomy":"product_brand","embeddable":true,"href":"https:\/\/sneeboer.com\/de\/wp-json\/wp\/v2\/product_brand?post=50558"},{"taxonomy":"product_cat","embeddable":true,"href":"https:\/\/sneeboer.com\/de\/wp-json\/wp\/v2\/product_cat?post=50558"},{"taxonomy":"product_tag","embeddable":true,"href":"https:\/\/sneeboer.com\/de\/wp-json\/wp\/v2\/product_tag?post=50558"},{"taxonomy":"weeds","embeddable":true,"href":"https:\/\/sneeboer.com\/de\/wp-json\/wp\/v2\/weeds?post=50558"},{"taxonomy":"soil_types","embeddable":true,"href":"https:\/\/sneeboer.com\/de\/wp-json\/wp\/v2\/soil_types?post=50558"}],"curies":[{"name":"wp","href":"https:\/\/api.w.org\/{rel}","templated":true}]}}