{"id":50512,"date":"2023-05-09T13:10:35","date_gmt":"2023-05-09T11:10:35","guid":{"rendered":"https:\/\/testsite.sneeboer.com\/tuingereedschap\/blumentopf-terracotta-messer"},"modified":"2026-04-17T10:16:26","modified_gmt":"2026-04-17T08:16:26","slug":"blumentopf-terracotta-messer","status":"publish","type":"product","link":"https:\/\/sneeboer.com\/de\/handgeschmiedete-gartengeraete\/blumentopf-terracotta-messer","title":{"rendered":"Blumentopf\/ Terracotta Messer"},"content":{"rendered":"<p>Um eine Pflanze im Fr\u00fchjahr zu verj\u00fcngen, sollte sie geteilt oder gerupft werden, wozu sie zun\u00e4chst aus dem Topf genommen werden muss. Dies kann sich jedoch als Herausforderung erweisen, wenn die Wurzeln der Pflanze in die por\u00f6sen Teile des Topfes eingewachsen sind. Um Pflanzen aus T\u00f6pfen herauszuschneiden, haben wir 2019 dieses Terracottamesser entwickelt, das 2020 in die engere Wahl bei der RHS Chelsea Flower Show gekommen ist!<br \/>\n1.\tBeide Seiten der Klinge sind geschliffen, so dass die Wurzeln sowohl mit einer Vorw\u00e4rts- als auch mit einer R\u00fcckw\u00e4rtsbewegung durchtrennt werden k\u00f6nnen.<br \/>\n2.\tDer Griff wurde so konstruiert, dass die Hand bei der Vorw\u00e4rts- oder R\u00fcckw\u00e4rtsbewegung nicht auf die Klinge rutscht.<br \/>\n3.\tAufgrund der vielen Arten von T\u00f6pfen und K\u00fcbeln ist das Messer relativ lang gehalten, um mit den verschiedenen Gr\u00f6\u00dfen und Formen zurecht zu kommen.<br \/>\n4.\tDas Ende der Klinge ist fast quadratisch und verf\u00fcgt \u00fcber eine scharfe Kante. Auch Wurzeln, die durch das Abflussloch gewachsen sind, lassen sich so leicht abtrennen.<\/p>\n","protected":false},"excerpt":{"rendered":"<p>Haben Sie Schwierigkeiten, Pflanzen und Str\u00e4ucher beim Umtopfen aus Terrakotta-T\u00f6pfen oder -K\u00fcbeln zu l\u00f6sen? Mit seiner langen, flachen, flexiblen und beidseitig geschliffenen Klinge ist das Blumentopf-\/Terracottamesser von Sneeboer die L\u00f6sung!<\/p>\n","protected":false},"featured_media":2519,"comment_status":"closed","ping_status":"closed","template":"","meta":{"inline_featured_image":false,"product_video_url":"","product_360_url":""},"product_brand":[],"product_cat":[220,104],"product_tag":[493,499,523],"weeds":[],"soil_types":[],"class_list":{"0":"post-50512","1":"product","2":"type-product","3":"status-publish","4":"has-post-thumbnail","6":"product_cat-grundausstattung","7":"product_cat-handgeraete","8":"product_tag-bepflanzung","9":"product_tag-eintopfen","10":"product_tag-umpflanzen","11":"post","13":"first","14":"instock","15":"taxable","16":"shipping-taxable","17":"purchasable","18":"product-type-simple"},"exclude_global_add_ons":[],"addons":[],"_links":{"self":[{"href":"https:\/\/sneeboer.com\/de\/wp-json\/wp\/v2\/product\/50512","targetHints":{"allow":["GET"]}}],"collection":[{"href":"https:\/\/sneeboer.com\/de\/wp-json\/wp\/v2\/product"}],"about":[{"href":"https:\/\/sneeboer.com\/de\/wp-json\/wp\/v2\/types\/product"}],"replies":[{"embeddable":true,"href":"https:\/\/sneeboer.com\/de\/wp-json\/wp\/v2\/comments?post=50512"}],"wp:featuredmedia":[{"embeddable":true,"href":"https:\/\/sneeboer.com\/de\/wp-json\/wp\/v2\/media\/2519"}],"wp:attachment":[{"href":"https:\/\/sneeboer.com\/de\/wp-json\/wp\/v2\/media?parent=50512"}],"wp:term":[{"taxonomy":"product_brand","embeddable":true,"href":"https:\/\/sneeboer.com\/de\/wp-json\/wp\/v2\/product_brand?post=50512"},{"taxonomy":"product_cat","embeddable":true,"href":"https:\/\/sneeboer.com\/de\/wp-json\/wp\/v2\/product_cat?post=50512"},{"taxonomy":"product_tag","embeddable":true,"href":"https:\/\/sneeboer.com\/de\/wp-json\/wp\/v2\/product_tag?post=50512"},{"taxonomy":"weeds","embeddable":true,"href":"https:\/\/sneeboer.com\/de\/wp-json\/wp\/v2\/weeds?post=50512"},{"taxonomy":"soil_types","embeddable":true,"href":"https:\/\/sneeboer.com\/de\/wp-json\/wp\/v2\/soil_types?post=50512"}],"curies":[{"name":"wp","href":"https:\/\/api.w.org\/{rel}","templated":true}]}}