{"id":50480,"date":"2023-05-09T13:07:57","date_gmt":"2023-05-09T11:07:57","guid":{"rendered":"https:\/\/testsite.sneeboer.com\/tuingereedschap\/jaeter-10-cm-rechtshaendig-kurz-model"},"modified":"2024-10-20T14:43:09","modified_gmt":"2024-10-20T12:43:09","slug":"jaeter-10-cm-rechtshaendig-kurz-model","status":"publish","type":"product","link":"https:\/\/sneeboer.com\/de\/handgeschmiedete-gartengeraete\/jaeter-10-cm-rechtshaendig-kurz-model","title":{"rendered":"J\u00e4ter 10 cm rechtsh\u00e4ndig kurz model"},"content":{"rendered":"<p>Im Niederl\u00e4ndischen hei\u00dft dieses Ger\u00e4t \u201eSchrepel\u201c, wobei es sich um ein Wort aus einem Dialekt der s\u00fcdlichen Provinz Zeeland handelt. Es bedeutet \u201eschlank\u201c oder \u201ed\u00fcnn\u201c, was sich auf den langen, d\u00fcnnen Hals bezieht, der die Klinge mit dem Griff verbindet. Der J\u00e4ter ist ein klassisches niederl\u00e4ndisches Gartenwerkzeug, das im 19. Jahrhundert f\u00fcr das arbeitsintensive Ausd\u00fcnnen von Zuckerr\u00fcben entwickelt wurde. Um pr\u00e4ziser arbeiten zu k\u00f6nnen, hat der J\u00e4ter eine asymmetrische Form und \u00e4hnelt in seiner Funktion der Halbmondhacke. Diese Handhacke hat einen k\u00fcrzeren Hals von 28 cm und ist mit einem Eschenstiel ausgestattet.<\/p>\n","protected":false},"excerpt":{"rendered":"<p>Der klassische J\u00e4ter wurde urspr\u00fcnglich zum Ausd\u00fcnnen von R\u00fcben und Chicor\u00e9e im Gem\u00fcsegarten entwickelt, eignet sich aber auch hervorragend zum Entfernen von Unkraut und zum L\u00fcften des Bodens. Der Winkel zwischen Klinge und Hals ist speziell darauf ausgerichtet, das Handgelenk bei Arbeiten mit dem J\u00e4ter in Bodenn\u00e4he nicht zu belasten.<\/p>\n","protected":false},"featured_media":62078,"comment_status":"closed","ping_status":"closed","template":"","meta":{"inline_featured_image":false,"product_video_url":"","product_360_url":""},"product_brand":[],"product_cat":[104,143],"product_tag":[471,523,531],"weeds":[],"soil_types":[],"class_list":{"0":"post-50480","1":"product","2":"type-product","3":"status-publish","4":"has-post-thumbnail","6":"product_cat-handgeraete","7":"product_cat-schuffel-und-hacken","8":"product_tag-furchung","9":"product_tag-umpflanzen","10":"product_tag-unkraut-entfernen","11":"post","13":"first","14":"instock","15":"taxable","16":"shipping-taxable","17":"purchasable","18":"product-type-simple"},"exclude_global_add_ons":false,"addons":[{"name":"Gravur","type":"custom_text","position":0,"required":false,"title_format":"heading","default":"","description_enable":true,"description":"Geben Sie bis zu 50 Zeichen ein.","placeholder_enable":false,"placeholder":"","display":"select","restrictions_type":"any_text","adjust_price":true,"price":"4.92","price_type":"quantity_based","restrictions":true,"min":"1","max":"50","options":[],"id":1684165753}],"_links":{"self":[{"href":"https:\/\/sneeboer.com\/de\/wp-json\/wp\/v2\/product\/50480","targetHints":{"allow":["GET"]}}],"collection":[{"href":"https:\/\/sneeboer.com\/de\/wp-json\/wp\/v2\/product"}],"about":[{"href":"https:\/\/sneeboer.com\/de\/wp-json\/wp\/v2\/types\/product"}],"replies":[{"embeddable":true,"href":"https:\/\/sneeboer.com\/de\/wp-json\/wp\/v2\/comments?post=50480"}],"wp:featuredmedia":[{"embeddable":true,"href":"https:\/\/sneeboer.com\/de\/wp-json\/wp\/v2\/media\/62078"}],"wp:attachment":[{"href":"https:\/\/sneeboer.com\/de\/wp-json\/wp\/v2\/media?parent=50480"}],"wp:term":[{"taxonomy":"product_brand","embeddable":true,"href":"https:\/\/sneeboer.com\/de\/wp-json\/wp\/v2\/product_brand?post=50480"},{"taxonomy":"product_cat","embeddable":true,"href":"https:\/\/sneeboer.com\/de\/wp-json\/wp\/v2\/product_cat?post=50480"},{"taxonomy":"product_tag","embeddable":true,"href":"https:\/\/sneeboer.com\/de\/wp-json\/wp\/v2\/product_tag?post=50480"},{"taxonomy":"weeds","embeddable":true,"href":"https:\/\/sneeboer.com\/de\/wp-json\/wp\/v2\/weeds?post=50480"},{"taxonomy":"soil_types","embeddable":true,"href":"https:\/\/sneeboer.com\/de\/wp-json\/wp\/v2\/soil_types?post=50480"}],"curies":[{"name":"wp","href":"https:\/\/api.w.org\/{rel}","templated":true}]}}