{"id":50445,"date":"2023-05-09T13:04:21","date_gmt":"2023-05-09T11:04:21","guid":{"rendered":"https:\/\/testsite.sneeboer.com\/tuingereedschap\/stiel-100-cm"},"modified":"2026-04-26T11:54:49","modified_gmt":"2026-04-26T09:54:49","slug":"stiel-fur-verschiedene-spaten-2","status":"publish","type":"product","link":"https:\/\/sneeboer.com\/de\/handgeschmiedete-gartengeraete\/stiel-fur-verschiedene-spaten-2","title":{"rendered":"Stiel f\u00fcr verschiedene Spaten"},"content":{"rendered":"<p>Auf unserem YouTube-Kanal haben wir mehrere Videos mit Anleitungen ver\u00f6ffentlicht, wie man einen Griff oder ein Griffst\u00fcck am besten ersetzt.<\/p>\n","protected":false},"excerpt":{"rendered":"<p>Ein T-Stiel aus Eschenholz mit einer L\u00e4nge von 100 cm, der f\u00fcr alle Sneeboer-Spaten geeignet ist. F\u00fcr eine l\u00e4ngere Haltbarkeit empfehlen wir, das Holz regelm\u00e4\u00dfig mit gekochtem Lein\u00f6l zu schmieren. Wir liefern die Nieten gleich mit.<\/p>\n","protected":false},"featured_media":2254,"comment_status":"closed","ping_status":"closed","template":"","meta":{"inline_featured_image":false,"product_video_url":"","product_360_url":""},"product_brand":[],"product_cat":[284,159,277,166],"product_tag":[459,485],"weeds":[],"soil_types":[],"class_list":{"0":"post-50445","1":"product","2":"type-product","3":"status-publish","4":"has-post-thumbnail","6":"product_cat-geraetepflege","7":"product_cat-losse-stelen","8":"product_cat-onderhoud","9":"product_cat-spare-handle-7","10":"product_tag-maintenance","11":"product_tag-wartung","12":"post","14":"first","15":"instock","16":"taxable","17":"shipping-taxable","18":"purchasable","19":"product-type-simple"},"exclude_global_add_ons":false,"addons":[{"name":"Gravur","type":"custom_text","position":0,"required":false,"title_format":"heading","default":"","description_enable":true,"description":"Geben Sie bis zu 50 Zeichen ein.","placeholder_enable":false,"placeholder":"","display":"select","restrictions_type":"any_text","adjust_price":true,"price":"4.92","price_type":"quantity_based","restrictions":true,"min":"1","max":"50","options":[],"id":1684165753}],"_links":{"self":[{"href":"https:\/\/sneeboer.com\/de\/wp-json\/wp\/v2\/product\/50445","targetHints":{"allow":["GET"]}}],"collection":[{"href":"https:\/\/sneeboer.com\/de\/wp-json\/wp\/v2\/product"}],"about":[{"href":"https:\/\/sneeboer.com\/de\/wp-json\/wp\/v2\/types\/product"}],"replies":[{"embeddable":true,"href":"https:\/\/sneeboer.com\/de\/wp-json\/wp\/v2\/comments?post=50445"}],"wp:featuredmedia":[{"embeddable":true,"href":"https:\/\/sneeboer.com\/de\/wp-json\/wp\/v2\/media\/2254"}],"wp:attachment":[{"href":"https:\/\/sneeboer.com\/de\/wp-json\/wp\/v2\/media?parent=50445"}],"wp:term":[{"taxonomy":"product_brand","embeddable":true,"href":"https:\/\/sneeboer.com\/de\/wp-json\/wp\/v2\/product_brand?post=50445"},{"taxonomy":"product_cat","embeddable":true,"href":"https:\/\/sneeboer.com\/de\/wp-json\/wp\/v2\/product_cat?post=50445"},{"taxonomy":"product_tag","embeddable":true,"href":"https:\/\/sneeboer.com\/de\/wp-json\/wp\/v2\/product_tag?post=50445"},{"taxonomy":"weeds","embeddable":true,"href":"https:\/\/sneeboer.com\/de\/wp-json\/wp\/v2\/weeds?post=50445"},{"taxonomy":"soil_types","embeddable":true,"href":"https:\/\/sneeboer.com\/de\/wp-json\/wp\/v2\/soil_types?post=50445"}],"curies":[{"name":"wp","href":"https:\/\/api.w.org\/{rel}","templated":true}]}}