{"id":50403,"date":"2023-05-09T13:01:01","date_gmt":"2023-05-09T11:01:01","guid":{"rendered":"https:\/\/testsite.sneeboer.com\/tuingereedschap\/laubrechen-20z"},"modified":"2023-08-28T15:23:11","modified_gmt":"2023-08-28T13:23:11","slug":"laubrechen-20z","status":"publish","type":"product","link":"https:\/\/sneeboer.com\/de\/handgeschmiedete-gartengeraete\/laubrechen-20z","title":{"rendered":"Laubrechen 20Z"},"content":{"rendered":"<p>Wo Eleganz, Funktionalit\u00e4t und Stabilit\u00e4t sich treffen. Bis 02-2012 hatten wir keine Laub-Besen im Programm, obwohl sehr oft danach gefragt wurde. Bei der Entwicklung h\u00e4tten wir 3 Anforderungen: Eleganz, Funktionalit\u00e4t und Stabilit\u00e4t und meiner Meinung nach ist uns das gelungen. Das gr\u00f6sste Problem war die exakte Qualit\u00e4t der Zinken: mindestens Diameter in der Markt ist 6 mm und wird dann kalt zogen bis nach 2.5 mm, aber wie verh\u00e4lt sich die Struktur? Es hat 2 Jahre gedauert bis dieses Endergebnis fertig gestellt wurde &#8211; eine sehr hohe dehnbare Zinke. Diese haben wir dann weiter verarbeitet zu zwei stabilen, funktionellen und eleganten Edelstahl-Laub-Besen, der vom Gewicht her 350 gram leichter ist als die Standart-Version. 20 Zinkige Laub-Besen. Die Standard Version, die das Sammeln von Rasenresten und Bl\u00e4ttern sowie das S\u00e4ubern von Pfaden und Gr\u00fcnanlagen erm\u00f6glicht, bel\u00fcftet und die Entfernung von ungew\u00fcnschten Unkr\u00e4uter vornimmt. Der Laub-Besen ist so konstruiert, dass &#8220;der Kopf&#8221; in einem 25 mm FSC Eschen Holzstiel, der perfekt im Hand &#8220;liegt&#8221;, verarbeitet und dann mit 2 Messingnieten vernietet ist.<\/p>\n","protected":false},"excerpt":{"rendered":"<p>Artikelnr: 6045<\/p>\n","protected":false},"featured_media":0,"comment_status":"open","ping_status":"closed","template":"","meta":{"inline_featured_image":false,"product_video_url":"","product_360_url":""},"product_brand":[],"product_cat":[80],"product_tag":[290],"weeds":[],"soil_types":[],"class_list":{"0":"post-50403","1":"product","2":"type-product","3":"status-publish","5":"product_cat-unsere-sammlung","6":"product_tag-onderhoud","7":"post","9":"first","10":"instock","11":"taxable","12":"shipping-taxable","13":"product-type-simple"},"exclude_global_add_ons":false,"addons":[{"name":"Gravur","type":"custom_text","position":0,"required":false,"title_format":"heading","default":"","description_enable":true,"description":"Geben Sie bis zu 50 Zeichen ein.","placeholder_enable":false,"placeholder":"","display":"select","restrictions_type":"any_text","adjust_price":true,"price":"4.92","price_type":"quantity_based","restrictions":true,"min":"1","max":"50","options":[],"id":1684165753}],"_links":{"self":[{"href":"https:\/\/sneeboer.com\/de\/wp-json\/wp\/v2\/product\/50403","targetHints":{"allow":["GET"]}}],"collection":[{"href":"https:\/\/sneeboer.com\/de\/wp-json\/wp\/v2\/product"}],"about":[{"href":"https:\/\/sneeboer.com\/de\/wp-json\/wp\/v2\/types\/product"}],"replies":[{"embeddable":true,"href":"https:\/\/sneeboer.com\/de\/wp-json\/wp\/v2\/comments?post=50403"}],"wp:attachment":[{"href":"https:\/\/sneeboer.com\/de\/wp-json\/wp\/v2\/media?parent=50403"}],"wp:term":[{"taxonomy":"product_brand","embeddable":true,"href":"https:\/\/sneeboer.com\/de\/wp-json\/wp\/v2\/product_brand?post=50403"},{"taxonomy":"product_cat","embeddable":true,"href":"https:\/\/sneeboer.com\/de\/wp-json\/wp\/v2\/product_cat?post=50403"},{"taxonomy":"product_tag","embeddable":true,"href":"https:\/\/sneeboer.com\/de\/wp-json\/wp\/v2\/product_tag?post=50403"},{"taxonomy":"weeds","embeddable":true,"href":"https:\/\/sneeboer.com\/de\/wp-json\/wp\/v2\/weeds?post=50403"},{"taxonomy":"soil_types","embeddable":true,"href":"https:\/\/sneeboer.com\/de\/wp-json\/wp\/v2\/soil_types?post=50403"}],"curies":[{"name":"wp","href":"https:\/\/api.w.org\/{rel}","templated":true}]}}