{"id":50392,"date":"2023-05-09T12:59:42","date_gmt":"2023-05-09T10:59:42","guid":{"rendered":"https:\/\/testsite.sneeboer.com\/tuingereedschap\/geschenkgutschein-6"},"modified":"2026-04-14T13:17:06","modified_gmt":"2026-04-14T11:17:06","slug":"geschenkgutschein-6","status":"publish","type":"product","link":"https:\/\/sneeboer.com\/de\/handgeschmiedete-gartengeraete\/geschenkgutschein-6","title":{"rendered":"Geschenkgutschein"},"content":{"rendered":"<p>Geschenkgutscheine sind mit einem Wert von 25 bis 1.000 Euro erh\u00e4ltlich.<\/p>\n","protected":false},"excerpt":{"rendered":"<p>Sie m\u00f6chten jemandem ein originelles, tolles und nachhaltiges Geschenk machen, k\u00f6nnen sich aber nicht f\u00fcr das richtige Ger\u00e4t entscheiden? Dann liegen Sie mit einem unserer Geschenkgutscheine genau richtig. Mit diesem Gutschein machen Sie dem Empf\u00e4nger ein originelles Geschenk, w\u00e4hrend er sich sein perfektes Gartenger\u00e4t selbst aussuchen kann!<\/p>\n","protected":false},"featured_media":1828,"comment_status":"closed","ping_status":"closed","template":"","meta":{"inline_featured_image":false,"product_video_url":"","product_360_url":""},"product_brand":[],"product_cat":[229,266],"product_tag":[1340],"weeds":[],"soil_types":[],"class_list":{"0":"post-50392","1":"product","2":"type-product","3":"status-publish","4":"has-post-thumbnail","6":"product_cat-weihnachtsgeschenke","7":"product_cat-geschenkkarten","8":"product_tag-onderhoud-de","9":"post","11":"first","12":"instock","13":"taxable","14":"shipping-taxable","15":"purchasable","16":"product-type-variable"},"exclude_global_add_ons":[],"addons":[],"_links":{"self":[{"href":"https:\/\/sneeboer.com\/de\/wp-json\/wp\/v2\/product\/50392","targetHints":{"allow":["GET"]}}],"collection":[{"href":"https:\/\/sneeboer.com\/de\/wp-json\/wp\/v2\/product"}],"about":[{"href":"https:\/\/sneeboer.com\/de\/wp-json\/wp\/v2\/types\/product"}],"replies":[{"embeddable":true,"href":"https:\/\/sneeboer.com\/de\/wp-json\/wp\/v2\/comments?post=50392"}],"wp:featuredmedia":[{"embeddable":true,"href":"https:\/\/sneeboer.com\/de\/wp-json\/wp\/v2\/media\/1828"}],"wp:attachment":[{"href":"https:\/\/sneeboer.com\/de\/wp-json\/wp\/v2\/media?parent=50392"}],"wp:term":[{"taxonomy":"product_brand","embeddable":true,"href":"https:\/\/sneeboer.com\/de\/wp-json\/wp\/v2\/product_brand?post=50392"},{"taxonomy":"product_cat","embeddable":true,"href":"https:\/\/sneeboer.com\/de\/wp-json\/wp\/v2\/product_cat?post=50392"},{"taxonomy":"product_tag","embeddable":true,"href":"https:\/\/sneeboer.com\/de\/wp-json\/wp\/v2\/product_tag?post=50392"},{"taxonomy":"weeds","embeddable":true,"href":"https:\/\/sneeboer.com\/de\/wp-json\/wp\/v2\/weeds?post=50392"},{"taxonomy":"soil_types","embeddable":true,"href":"https:\/\/sneeboer.com\/de\/wp-json\/wp\/v2\/soil_types?post=50392"}],"curies":[{"name":"wp","href":"https:\/\/api.w.org\/{rel}","templated":true}]}}