{"id":50352,"date":"2023-05-09T12:53:13","date_gmt":"2023-05-09T10:53:13","guid":{"rendered":"https:\/\/testsite.sneeboer.com\/tuingereedschap\/titan-set"},"modified":"2023-08-28T15:23:41","modified_gmt":"2023-08-28T13:23:41","slug":"titan-set","status":"publish","type":"product","link":"https:\/\/sneeboer.com\/de\/handgeschmiedete-gartengeraete\/titan-set","title":{"rendered":"Titan Set"},"content":{"rendered":"<p>Zur Feier des 100-j\u00e4hrigen Jubil\u00e4ums der Firma Sneeboer im Jahr 2013 wurde die Titan-Werkzeuglinie entwickelt. Dieses Set enth\u00e4lt drei Werkzeuge aus Titan, wie die Pflanzkelle, die Unkrautgabel und die Handhacke, die in ihrer Art wirklich einzigartig sind, mit einem Griff aus Walnussholz und einem Messingring mit eingraviertem Sneeboer-Logo am Ende des Griffs. Die Titanlegierung wurde mit Sorgfalt veredelt und ist ein Geheimnis des Schmieds. Die handgeschmiedete Klinge ist geh\u00e4rtet und leicht poliert, so dass sie die Farbe beh\u00e4lt, die ihr das Kohlefeuer verleiht.<\/p>\n","protected":false},"excerpt":{"rendered":"<p>Die drei Werkzeuge der Titanserie sind auch als Set erh\u00e4ltlich. Dieses Werkzeugset wird in einer ma\u00dfgefertigten Geschenkbox aus Holz geliefert und enth\u00e4lt eine Titan-Pflanzkelle, eine Unkrautgabel und eine Handhacke. Das Set wird mit einem Lederetui zur Aufbewahrung der Werkzeuge und einem Echtheitszertifikat geliefert.<\/p>\n","protected":false},"featured_media":1573,"comment_status":"closed","ping_status":"closed","template":"","meta":{"inline_featured_image":false,"product_video_url":"","product_360_url":""},"product_brand":[],"product_cat":[120,247],"product_tag":[1340],"weeds":[],"soil_types":[],"class_list":{"0":"post-50352","1":"product","2":"type-product","3":"status-publish","4":"has-post-thumbnail","6":"product_cat-luxus-kollektion","7":"product_cat-ensemble-de-titane-3","8":"product_tag-onderhoud-de","9":"post","11":"first","12":"instock","13":"taxable","14":"shipping-taxable","15":"purchasable","16":"product-type-simple"},"exclude_global_add_ons":[],"addons":[],"_links":{"self":[{"href":"https:\/\/sneeboer.com\/de\/wp-json\/wp\/v2\/product\/50352","targetHints":{"allow":["GET"]}}],"collection":[{"href":"https:\/\/sneeboer.com\/de\/wp-json\/wp\/v2\/product"}],"about":[{"href":"https:\/\/sneeboer.com\/de\/wp-json\/wp\/v2\/types\/product"}],"replies":[{"embeddable":true,"href":"https:\/\/sneeboer.com\/de\/wp-json\/wp\/v2\/comments?post=50352"}],"wp:featuredmedia":[{"embeddable":true,"href":"https:\/\/sneeboer.com\/de\/wp-json\/wp\/v2\/media\/1573"}],"wp:attachment":[{"href":"https:\/\/sneeboer.com\/de\/wp-json\/wp\/v2\/media?parent=50352"}],"wp:term":[{"taxonomy":"product_brand","embeddable":true,"href":"https:\/\/sneeboer.com\/de\/wp-json\/wp\/v2\/product_brand?post=50352"},{"taxonomy":"product_cat","embeddable":true,"href":"https:\/\/sneeboer.com\/de\/wp-json\/wp\/v2\/product_cat?post=50352"},{"taxonomy":"product_tag","embeddable":true,"href":"https:\/\/sneeboer.com\/de\/wp-json\/wp\/v2\/product_tag?post=50352"},{"taxonomy":"weeds","embeddable":true,"href":"https:\/\/sneeboer.com\/de\/wp-json\/wp\/v2\/weeds?post=50352"},{"taxonomy":"soil_types","embeddable":true,"href":"https:\/\/sneeboer.com\/de\/wp-json\/wp\/v2\/soil_types?post=50352"}],"curies":[{"name":"wp","href":"https:\/\/api.w.org\/{rel}","templated":true}]}}