{"id":50338,"date":"2023-05-09T12:51:19","date_gmt":"2023-05-09T10:51:19","guid":{"rendered":"https:\/\/testsite.sneeboer.com\/tuingereedschap\/samenbox"},"modified":"2023-12-15T08:40:21","modified_gmt":"2023-12-15T07:40:21","slug":"samenbox","status":"publish","type":"product","link":"https:\/\/sneeboer.com\/de\/handgeschmiedete-gartengeraete\/samenbox","title":{"rendered":"Samenbox"},"content":{"rendered":"<p>In der Geschenkbox sind keine Werkzeuge oder Samen enthalten.<\/p>\n","protected":false},"excerpt":{"rendered":"<p>Mit dieser Geschenkverpackung aus FSC-Holz lassen sich Geschenke f\u00fcr Ihre Liebsten richtig in Szene setzen. Und nachdem die Werkzeuge verschenkt wurden, dient sie als perfekte Aufbewahrungsbox f\u00fcr Samen und kleine Blumenzwiebeln. So dient die Box nicht nur als formsch\u00f6ne Verpackung, sondern hat auch eine zweite Funktion, die f\u00fcr jeden G\u00e4rtner von Nutzen ist.<\/p>\n","protected":false},"featured_media":1456,"comment_status":"closed","ping_status":"closed","template":"","meta":{"inline_featured_image":false,"product_video_url":"","product_360_url":""},"product_brand":[],"product_cat":[284,229],"product_tag":[493,331,523],"weeds":[],"soil_types":[],"class_list":{"0":"post-50338","1":"product","2":"type-product","3":"status-publish","4":"has-post-thumbnail","6":"product_cat-geraetepflege","7":"product_cat-weihnachtsgeschenke","8":"product_tag-bepflanzung","9":"product_tag-graben","10":"product_tag-umpflanzen","11":"post","13":"first","14":"instock","15":"taxable","16":"shipping-taxable","17":"purchasable","18":"product-type-simple"},"exclude_global_add_ons":false,"addons":[{"name":"Gravur","type":"custom_text","position":0,"required":false,"title_format":"heading","default":"","description_enable":true,"description":"Geben Sie bis zu 50 Zeichen ein.","placeholder_enable":false,"placeholder":"","display":"select","restrictions_type":"any_text","adjust_price":true,"price":"4.92","price_type":"quantity_based","restrictions":true,"min":"1","max":"50","options":[],"id":1684165753}],"_links":{"self":[{"href":"https:\/\/sneeboer.com\/de\/wp-json\/wp\/v2\/product\/50338","targetHints":{"allow":["GET"]}}],"collection":[{"href":"https:\/\/sneeboer.com\/de\/wp-json\/wp\/v2\/product"}],"about":[{"href":"https:\/\/sneeboer.com\/de\/wp-json\/wp\/v2\/types\/product"}],"replies":[{"embeddable":true,"href":"https:\/\/sneeboer.com\/de\/wp-json\/wp\/v2\/comments?post=50338"}],"wp:featuredmedia":[{"embeddable":true,"href":"https:\/\/sneeboer.com\/de\/wp-json\/wp\/v2\/media\/1456"}],"wp:attachment":[{"href":"https:\/\/sneeboer.com\/de\/wp-json\/wp\/v2\/media?parent=50338"}],"wp:term":[{"taxonomy":"product_brand","embeddable":true,"href":"https:\/\/sneeboer.com\/de\/wp-json\/wp\/v2\/product_brand?post=50338"},{"taxonomy":"product_cat","embeddable":true,"href":"https:\/\/sneeboer.com\/de\/wp-json\/wp\/v2\/product_cat?post=50338"},{"taxonomy":"product_tag","embeddable":true,"href":"https:\/\/sneeboer.com\/de\/wp-json\/wp\/v2\/product_tag?post=50338"},{"taxonomy":"weeds","embeddable":true,"href":"https:\/\/sneeboer.com\/de\/wp-json\/wp\/v2\/weeds?post=50338"},{"taxonomy":"soil_types","embeddable":true,"href":"https:\/\/sneeboer.com\/de\/wp-json\/wp\/v2\/soil_types?post=50338"}],"curies":[{"name":"wp","href":"https:\/\/api.w.org\/{rel}","templated":true}]}}