{"id":50332,"date":"2023-05-09T12:50:33","date_gmt":"2023-05-09T10:50:33","guid":{"rendered":"https:\/\/testsite.sneeboer.com\/tuingereedschap\/locker-griff"},"modified":"2024-04-20T08:31:30","modified_gmt":"2024-04-20T06:31:30","slug":"locker-griff","status":"publish","type":"product","link":"https:\/\/sneeboer.com\/de\/handgeschmiedete-gartengeraete\/locker-griff","title":{"rendered":"Locker Griff."},"content":{"rendered":"<div class=\"flex-1 overflow-hidden\">\n<div class=\"react-scroll-to-bottom--css-baoxn-79elbk h-full dark:bg-gray-800\">\n<div class=\"react-scroll-to-bottom--css-baoxn-1n7m0yu\">\n<div class=\"flex flex-col items-center text-sm dark:bg-gray-800\">\n<div class=\"group w-full text-gray-800 dark:text-gray-100 border-b border-black\/10 dark:border-gray-900\/50 bg-gray-50 dark:bg-[#444654]\">\n<div class=\"text-base gap-4 md:gap-6 md:max-w-2xl lg:max-w-2xl xl:max-w-3xl p-4 md:py-6 flex lg:px-0 m-auto\">\n<div class=\"relative flex w-[calc(100%-50px)] flex-col gap-1 md:gap-3 lg:w-[calc(100%-115px)]\">\n<div class=\"flex flex-grow flex-col gap-3\">\n<div class=\"min-h-[20px] flex flex-col items-start gap-4 whitespace-pre-wrap\">\n<div class=\"markdown prose w-full break-words dark:prose-invert light\">\n<p>Locker Griff.<\/p>\n<p>Diese lockeren Griffe sind f\u00fcr alle Sneeboer-Spaten geeignet.<\/p>\n<p>F\u00fcr eine l\u00e4ngere Lebensdauer empfehlen wir, das Holz regelm\u00e4\u00dfig mit gekochtem Lein\u00f6l einzureiben.<br \/>\nF\u00fcr die Befestigung des Griffs wird Locktite Double Bubble Klebstoff empfohlen.<br \/>\nDies ist ein starker Zweikomponentenklebstoff, der f\u00fcr das Verbinden verschiedener Materialien geeignet ist, einschlie\u00dflich Holz und Metall. Stellen Sie sicher, dass die Oberfl\u00e4chen vor dem Auftragen des Klebstoffs sauber und trocken sind.<\/p>\n<\/div>\n<\/div>\n<\/div>\n<div class=\"flex justify-between\">\n<div class=\"text-gray-400 flex self-end lg:self-center justify-center mt-2 gap-3 md:gap-4 lg:gap-1 lg:absolute lg:top-0 lg:translate-x-full lg:right-0 lg:mt-0 lg:pl-2 visible\"><\/div>\n<\/div>\n<\/div>\n<\/div>\n<\/div>\n<div class=\"w-full h-32 md:h-48 flex-shrink-0\"><\/div>\n<\/div>\n<p><button class=\"cursor-pointer absolute right-6 bottom-[124px] md:bottom-[120px] z-10 rounded-full border border-gray-200 bg-gray-50 text-gray-600 dark:border-white\/10 dark:bg-white\/10 dark:text-gray-200\"><\/button><\/div>\n<\/div>\n<\/div>\n<div class=\"absolute bottom-0 left-0 w-full border-t md:border-t-0 dark:border-white\/20 md:border-transparent md:dark:border-transparent md:bg-vert-light-gradient bg-white dark:bg-gray-800 md:!bg-transparent dark:md:bg-vert-dark-gradient pt-2\">\n<div class=\"relative flex h-full flex-1 md:flex-col\">\n<div class=\"flex ml-1 md:w-full md:m-auto md:mb-2 gap-0 md:gap-2 justify-center\"><\/div>\n<\/div>\n<\/div>\n","protected":false},"excerpt":{"rendered":"<p>Locker Griff. Diese lockeren Griffe sind f\u00fcr alle Sneeboer-Spaten geeignet. F\u00fcr eine l\u00e4ngere Lebensdauer empfehlen wir, das Holz regelm\u00e4\u00dfig mit gekochtem Lein\u00f6l einzureiben.<\/p>\n","protected":false},"featured_media":1429,"comment_status":"closed","ping_status":"closed","template":"","meta":{"inline_featured_image":false,"product_video_url":"","product_360_url":""},"product_brand":[],"product_cat":[166],"product_tag":[493,499,487,503,523],"weeds":[],"soil_types":[],"class_list":{"0":"post-50332","1":"product","2":"type-product","3":"status-publish","4":"has-post-thumbnail","6":"product_cat-spare-handle-7","7":"product_tag-bepflanzung","8":"product_tag-eintopfen","9":"product_tag-ernten","10":"product_tag-schaufeln","11":"product_tag-umpflanzen","12":"post","14":"first","15":"instock","16":"taxable","17":"shipping-taxable","18":"purchasable","19":"product-type-simple"},"exclude_global_add_ons":false,"addons":[{"name":"Gravur","type":"custom_text","position":0,"required":false,"title_format":"heading","default":"","description_enable":true,"description":"Geben Sie bis zu 50 Zeichen ein.","placeholder_enable":false,"placeholder":"","display":"select","restrictions_type":"any_text","adjust_price":true,"price":"4.92","price_type":"quantity_based","restrictions":true,"min":"1","max":"50","options":[],"id":1684165753}],"_links":{"self":[{"href":"https:\/\/sneeboer.com\/de\/wp-json\/wp\/v2\/product\/50332","targetHints":{"allow":["GET"]}}],"collection":[{"href":"https:\/\/sneeboer.com\/de\/wp-json\/wp\/v2\/product"}],"about":[{"href":"https:\/\/sneeboer.com\/de\/wp-json\/wp\/v2\/types\/product"}],"replies":[{"embeddable":true,"href":"https:\/\/sneeboer.com\/de\/wp-json\/wp\/v2\/comments?post=50332"}],"wp:featuredmedia":[{"embeddable":true,"href":"https:\/\/sneeboer.com\/de\/wp-json\/wp\/v2\/media\/1429"}],"wp:attachment":[{"href":"https:\/\/sneeboer.com\/de\/wp-json\/wp\/v2\/media?parent=50332"}],"wp:term":[{"taxonomy":"product_brand","embeddable":true,"href":"https:\/\/sneeboer.com\/de\/wp-json\/wp\/v2\/product_brand?post=50332"},{"taxonomy":"product_cat","embeddable":true,"href":"https:\/\/sneeboer.com\/de\/wp-json\/wp\/v2\/product_cat?post=50332"},{"taxonomy":"product_tag","embeddable":true,"href":"https:\/\/sneeboer.com\/de\/wp-json\/wp\/v2\/product_tag?post=50332"},{"taxonomy":"weeds","embeddable":true,"href":"https:\/\/sneeboer.com\/de\/wp-json\/wp\/v2\/weeds?post=50332"},{"taxonomy":"soil_types","embeddable":true,"href":"https:\/\/sneeboer.com\/de\/wp-json\/wp\/v2\/soil_types?post=50332"}],"curies":[{"name":"wp","href":"https:\/\/api.w.org\/{rel}","templated":true}]}}