{"id":50324,"date":"2023-05-09T12:35:51","date_gmt":"2023-05-09T10:35:51","guid":{"rendered":"https:\/\/testsite.sneeboer.com\/tuingereedschap\/titanium-verplantschopje"},"modified":"2026-04-23T09:08:42","modified_gmt":"2026-04-23T07:08:42","slug":"titan-pflanzschaufel","status":"publish","type":"product","link":"https:\/\/sneeboer.com\/de\/handgeschmiedete-gartengeraete\/titan-pflanzschaufel","title":{"rendered":"Titan-Pflanzschaufel"},"content":{"rendered":"<p>Zu Ehren des 100-j\u00e4hrigen Bestehens von Sneeboer im Jahr 2013 wurde dieses Werkzeug entwickelt. Die Transplantatschaufel aus Titan ist ein Unikat mit einem Griff aus Walnussholz mit einem Messingring und dem eingravierten Sneeboer-Logo auf der Oberseite des Griffs.<\/p>\n","protected":false},"excerpt":{"rendered":"<p>Zu Ehren des 100-j\u00e4hrigen Bestehens von Sneeboer im Jahr 2013 wurde dieses Werkzeug entwickelt. Die Titan-Transplantatschaufel ist ein Unikat mit einem Griff aus Nussbaumholz mit einem Messingring und dem eingravierten Sneeboer-Logo auf der Oberseite des Griffs. Die Legierung ist das Geheimnis des Schmieds. Die handgeschmiedete Klinge ist geh\u00e4rtet und leicht geschliffen, damit die Schaufel das Aussehen des Schmiedefeuers beibeh\u00e4lt. Die Titan-Gartenger\u00e4te von Sneeboer sind mit Abstand die luxuri\u00f6sesten und exklusivsten Gartenger\u00e4te!<\/p>\n","protected":false},"featured_media":1301,"comment_status":"closed","ping_status":"closed","template":"","meta":{"inline_featured_image":false,"product_video_url":"","product_360_url":""},"product_brand":[],"product_cat":[104,97,113,120,240,247],"product_tag":[1439,1421,1440,503,1441],"weeds":[],"soil_types":[],"class_list":{"0":"post-50324","1":"product","2":"type-product","3":"status-publish","4":"has-post-thumbnail","6":"product_cat-handgeraete","7":"product_cat-handtuingereedschap","8":"product_cat-luxe-lijn","9":"product_cat-luxus-kollektion","10":"product_cat-titanium","11":"product_cat-ensemble-de-titane-3","12":"product_tag-empotage","13":"product_tag-pflanzen","14":"product_tag-recolte","15":"product_tag-schaufeln","16":"product_tag-transplantation","17":"post","19":"first","20":"instock","21":"taxable","22":"shipping-taxable","23":"purchasable","24":"product-type-simple"},"exclude_global_add_ons":[],"addons":[],"_links":{"self":[{"href":"https:\/\/sneeboer.com\/de\/wp-json\/wp\/v2\/product\/50324","targetHints":{"allow":["GET"]}}],"collection":[{"href":"https:\/\/sneeboer.com\/de\/wp-json\/wp\/v2\/product"}],"about":[{"href":"https:\/\/sneeboer.com\/de\/wp-json\/wp\/v2\/types\/product"}],"replies":[{"embeddable":true,"href":"https:\/\/sneeboer.com\/de\/wp-json\/wp\/v2\/comments?post=50324"}],"wp:featuredmedia":[{"embeddable":true,"href":"https:\/\/sneeboer.com\/de\/wp-json\/wp\/v2\/media\/1301"}],"wp:attachment":[{"href":"https:\/\/sneeboer.com\/de\/wp-json\/wp\/v2\/media?parent=50324"}],"wp:term":[{"taxonomy":"product_brand","embeddable":true,"href":"https:\/\/sneeboer.com\/de\/wp-json\/wp\/v2\/product_brand?post=50324"},{"taxonomy":"product_cat","embeddable":true,"href":"https:\/\/sneeboer.com\/de\/wp-json\/wp\/v2\/product_cat?post=50324"},{"taxonomy":"product_tag","embeddable":true,"href":"https:\/\/sneeboer.com\/de\/wp-json\/wp\/v2\/product_tag?post=50324"},{"taxonomy":"weeds","embeddable":true,"href":"https:\/\/sneeboer.com\/de\/wp-json\/wp\/v2\/weeds?post=50324"},{"taxonomy":"soil_types","embeddable":true,"href":"https:\/\/sneeboer.com\/de\/wp-json\/wp\/v2\/soil_types?post=50324"}],"curies":[{"name":"wp","href":"https:\/\/api.w.org\/{rel}","templated":true}]}}