{"id":50061,"date":"2025-02-19T14:50:22","date_gmt":"2025-02-19T13:50:22","guid":{"rendered":"https:\/\/sneeboer.ratiodesign.dev\/?page_id=50061"},"modified":"2025-11-10T14:20:51","modified_gmt":"2025-11-10T13:20:51","slug":"haeufig-gestellte-fragen","status":"publish","type":"page","link":"https:\/\/sneeboer.com\/de\/haeufig-gestellte-fragen","title":{"rendered":"H\u00e4ufig gestellte Fragen"},"content":{"rendered":"\n<section class=\"wp-block-group alignfull base-grid layer layer-faq layer-faq-left is-layout-grid wp-container-core-group-is-layout-205bcd65 wp-block-group-is-layout-grid\">\n<div class=\"wp-block-group layer-faq-text wp-container-content-0562d7ac has-global-padding is-layout-constrained wp-block-group-is-layout-constrained\">\n<div class=\"faqs-list wp-block-sneeboer-faqs\">\n\n    <h2 class=\"wp-block-heading\">Bestellungen<\/h2><details class=\"wp-block-details\">\n                <summary>\n                    <h3 class=\"wp-block-heading is-style-normal\">Angezeigte Preise<\/h3>\n                <\/summary>\n                <p>Die auf unserer Website angegebenen Preise enthalten die in den Niederlanden geltende Mehrwertsteuer von 21 %, jedoch nicht die Versandkosten. Bitte beachten Sie, dass sich die Preise an der Kasse \u00e4ndern k\u00f6nnen, wenn in Ihrem Land ein h\u00f6herer oder niedrigerer Mehrwertsteuersatz gilt. Die Preise in GBP verstehen sich ohne Mehrwertsteuer. Die Mehrwertsteuer muss an den Spediteur gezahlt werden, wenn die Bestellung im Vereinigten K\u00f6nigreich ankommt.<\/p>\n            <\/details><details class=\"wp-block-details\">\n                <summary>\n                    <h3 class=\"wp-block-heading is-style-normal\">Wie kann ich bei Sneeboer bestellen?<\/h3>\n                <\/summary>\n                <p>Um in unserem Online-Shop zu bestellen, f\u00fchren Sie bitte die folgenden Schritte aus:<\/p>\n\n<ol class=\"wp-block-list\">\n\n\n\n\n\n\n\n\n\n\n\n\n\n\n\n<\/ol><li>Finden Sie Ihr(e) Produkt(e);<\/li>\n\n<li>Legen Sie Ihr(e) Produkt(e) in den <a href=\"https:\/\/sneeboer.com\/de\/einkaufswagen\" data-type=\"page\" data-id=\"48344\">Einkaufskorb<\/a>;<\/li>\n\n<li>Sie k\u00f6nnen nun Ihren Einkauf fortsetzen oder Ihren Einkaufskorb ansehen, \u00e4ndern oder leeren;<\/li>\n\n<li>Wenn sich Ihre ausgew\u00e4hlten Produkte im Warenkorb befinden und Sie die Bestellung weiter abschlie\u00dfen m\u00f6chten, klicken Sie auf &lt;&gt;;<\/li>\n\n<li>Geben Sie Ihre pers\u00f6nlichen Daten, die gew\u00fcnschte Lieferung und die Zahlungsmethode ein;<\/li>\n\n<li>Bitte \u00fcberpr\u00fcfen Sie Ihre Bestellung und korrigieren Sie eventuelle Eingabefehler;<\/li>\n\n<li>Lesen Sie die <a href=\"https:\/\/sneeboer.com\/de\/allgemeine-geschaeftsbedingungen\" data-type=\"page\" data-id=\"48348\">Gesch\u00e4ftsbedingungen<\/a> und kreuzen Sie an, um zuzustimmen;<\/li>\n\n<li>Geben Sie Ihre Bestellung auf, indem Sie auf die Schaltfl\u00e4che &lt;&gt; klicken;<\/li>\n\n<li>F\u00fcllen Sie die von Ihnen gew\u00e4hlte Zahlungsmethode aus und Sie erhalten von uns eine Auftragsbest\u00e4tigung.<\/li><ol class=\"wp-block-list\">\n\n\n\n\n\n\n\n\n\n\n\n\n\n\n\n<\/ol>\n\n<p>M\u00f6chten Sie w\u00e4hrend des Bestellvorgangs Eingabefehler korrigieren oder Ihre Bestellung \u00e4ndern? Dann k\u00f6nnen Sie jederzeit zu Ihrem Warenkorb zur\u00fcckkehren. Nachdem Sie Ihre Bestellung aufgegeben haben, erhalten Sie von uns umgehend eine Best\u00e4tigung per E-Mail. Selbstverst\u00e4ndlich speichern wir diese Bestellbest\u00e4tigung selbst. Sollten Sie Ihre Best\u00e4tigung wider Erwarten verloren haben oder aus anderen Gr\u00fcnden erneut erhalten wollen, k\u00f6nnen wir Ihnen diese per E-Mail zusenden. Bitte senden Sie eine E-Mail an <a href=\"mailto:info@sneeboer.com\">info@sneeboer.com.<\/a><\/p>\n            <\/details><details class=\"wp-block-details\">\n                <summary>\n                    <h3 class=\"wp-block-heading is-style-normal\">Wie kann ich meine Bestellung bezahlen?<\/h3>\n                <\/summary>\n                <p>Wir haben mehrere Zahlungsmethoden ausgew\u00e4hlt, die Sie verwenden k\u00f6nnen, aber diese k\u00f6nnen je nach Land variieren. Sie k\u00f6nnen bezahlen mit:<\/p>\n\n<ul class=\"wp-block-list\">\n\n\n\n\n\n<\/ul><li>Bezahlung mit g\u00e4ngigen Kreditkarten wie VISA, Maestro oder Mastercard.<\/li>\n\n<li>iDEAL<\/li>\n\n<li>Paypal.<\/li>\n\n<li>Bancontact<\/li><ul class=\"wp-block-list\">\n\n\n\n\n\n<\/ul>\n\n<p>Nach Eingang des vollst\u00e4ndigen Betrages wird der Auftrag in Produktion gegeben.<\/p>\n            <\/details><details class=\"wp-block-details\">\n                <summary>\n                    <h3 class=\"wp-block-heading is-style-normal\">Wie kann ich meine Bestellung \u00e4ndern oder stornieren?<\/h3>\n                <\/summary>\n                <p>Wenn Sie eine Bestellung \u00e4ndern m\u00f6chten, rufen Sie uns am besten so bald wie m\u00f6glich an oder senden Sie eine E-Mail an <a href=\"mailto:info@sneeboer.com\">info@sneeboer.com.<\/a> Wir werden dann die beste L\u00f6sung finden. Wenn Ihre Bestellung zum Zeitpunkt der Stornierung bereits versandt wurde, k\u00f6nnen Sie die Sendung zur\u00fccksenden. Wir erstatten Ihnen dann so schnell wie m\u00f6glich den Rechnungsbetrag ohne Versandkosten.<\/p>\n            <\/details>\n<\/div>\n\n<\/div>\n\n\n\n<div class=\"wp-block-group layer-faq-cta has-global-padding is-layout-constrained wp-block-group-is-layout-constrained\">\n<div class=\"wp-block-group layer-faq-cta-wrap is-layout-flex wp-block-group-is-layout-flex\">\n<h2 class=\"wp-block-heading has-text-align-right is-style-alt layer-faq-cta-title has-xx-large-font-size\">Kommst <br>du nicht <br>weiter?<\/h2>\n\n\n\n<ul class=\"wp-block-social-links has-visible-labels has-icon-color is-style-buttons layer-faq-cta-buttons is-vertical is-nowrap is-layout-flex wp-container-core-social-links-is-layout-3655d5c7 wp-block-social-links-is-layout-flex\">\n<div class=\"wp-block-outermost-icon-block\"><a class=\"icon-container has-icon-color has-white-color\" href=\"tel:+31-228511365\" style=\"color:#ffffff;width:48px;transform:rotate(0deg) scaleX(1) scaleY(1)\" aria-label=\"Ruf an\"><svg xmlns=\"http:\/\/www.w3.org\/2000\/svg\" viewBox=\"0 0 512 512\" aria-label=\"Ruf an\"><path d=\"M493.4 24.6l-104-24c-11.3-2.6-22.9 3.3-27.5 13.9l-48 112c-4.2 9.8-1.4 21.3 6.9 28l60.6 49.6c-36 76.7-98.9 140.5-177.2 177.2l-49.6-60.6c-6.8-8.3-18.2-11.1-28-6.9l-112 48C3.9 366.5-2 378.1.6 389.4l24 104C27.1 504.2 36.7 512 48 512c256.1 0 464-207.5 464-464 0-11.2-7.7-20.9-18.6-23.4z\"><\/path><\/svg><\/a><\/div>\n\n\n<li style=\"color:#ffffff;\" class=\"wp-social-link wp-social-link-mail has-white-color wp-block-social-link\"><a rel=\"noopener nofollow\" target=\"_blank\" href=\"mailto:info@sneeboer.com\" class=\"wp-block-social-link-anchor\"><svg width=\"24\" height=\"24\" viewBox=\"0 0 24 24\" version=\"1.1\" xmlns=\"http:\/\/www.w3.org\/2000\/svg\" aria-hidden=\"true\" focusable=\"false\"><path d=\"M19,5H5c-1.1,0-2,.9-2,2v10c0,1.1.9,2,2,2h14c1.1,0,2-.9,2-2V7c0-1.1-.9-2-2-2zm.5,12c0,.3-.2.5-.5.5H5c-.3,0-.5-.2-.5-.5V9.8l7.5,5.6,7.5-5.6V17zm0-9.1L12,13.6,4.5,7.9V7c0-.3.2-.5.5-.5h14c.3,0,.5.2.5.5v.9z\"><\/path><\/svg><span class=\"wp-block-social-link-label\">Mail<\/span><\/a><\/li><\/ul>\n<\/div>\n<\/div>\n\n\n\n<div class=\"wp-block-group layer-faq-img is-content-justification-right is-nowrap is-layout-flex wp-container-core-group-is-layout-17124a9a wp-block-group-is-layout-flex\">\n<figure class=\"wp-block-image alignright size-large is-resized\"><img loading=\"lazy\" decoding=\"async\" width=\"500\" height=\"343\" src=\"\/wp-content\/uploads\/2025\/02\/faq-example-product-500x343.png\" alt=\"\" class=\"wp-image-47297\" style=\"width:350px\" srcset=\"https:\/\/sneeboer.com\/wp-content\/uploads\/2025\/02\/faq-example-product-500x343.png 500w, https:\/\/sneeboer.com\/wp-content\/uploads\/2025\/02\/faq-example-product-250x171.png 250w, https:\/\/sneeboer.com\/wp-content\/uploads\/2025\/02\/faq-example-product-768x527.png 768w, https:\/\/sneeboer.com\/wp-content\/uploads\/2025\/02\/faq-example-product-1536x1053.png 1536w, https:\/\/sneeboer.com\/wp-content\/uploads\/2025\/02\/faq-example-product-600x411.png 600w, https:\/\/sneeboer.com\/wp-content\/uploads\/2025\/02\/faq-example-product.png 1775w\" sizes=\"auto, (max-width: 500px) 100vw, 500px\" \/><\/figure>\n<\/div>\n<\/section>\n\n\n\n<section class=\"wp-block-group alignfull base-grid layer layer-faq layer-faq-right has-salmon-light-background-color has-background is-layout-grid wp-container-core-group-is-layout-205bcd65 wp-block-group-is-layout-grid\">\n<div class=\"wp-block-group layer-faq-img has-global-padding is-layout-constrained wp-block-group-is-layout-constrained\">\n<figure class=\"wp-block-image alignfull size-large\"><img loading=\"lazy\" decoding=\"async\" width=\"500\" height=\"336\" src=\"http:\/\/localhost\/wp-content\/uploads\/2025\/02\/sneeboer-loading-500x336.jpg\" alt=\"\" class=\"wp-image-47317\" srcset=\"https:\/\/sneeboer.com\/wp-content\/uploads\/2025\/02\/sneeboer-loading-500x336.jpg 500w, https:\/\/sneeboer.com\/wp-content\/uploads\/2025\/02\/sneeboer-loading-250x168.jpg 250w, https:\/\/sneeboer.com\/wp-content\/uploads\/2025\/02\/sneeboer-loading-768x516.jpg 768w, https:\/\/sneeboer.com\/wp-content\/uploads\/2025\/02\/sneeboer-loading-1536x1032.jpg 1536w, https:\/\/sneeboer.com\/wp-content\/uploads\/2025\/02\/sneeboer-loading-600x403.jpg 600w, https:\/\/sneeboer.com\/wp-content\/uploads\/2025\/02\/sneeboer-loading.jpg 2048w\" sizes=\"auto, (max-width: 500px) 100vw, 500px\" \/><\/figure>\n<\/div>\n\n\n\n<div class=\"wp-block-group layer-faq-text has-global-padding is-layout-constrained wp-block-group-is-layout-constrained\">\n<div class=\"faqs-list wp-block-sneeboer-faqs\">\n\n    <h2 class=\"wp-block-heading\">R\u00fccksendungen<\/h2><details class=\"wp-block-details\">\n                <summary>\n                    <h3 class=\"wp-block-heading is-style-normal\">Kann ich meine Bestellung zur\u00fcckgeben?<\/h3>\n                <\/summary>\n                <p>Wir m\u00f6chten, dass Sie mit Ihrer Bestellung vollkommen zufrieden sind. Sollten Sie dennoch aus irgendeinem Grund nicht zufrieden sein, k\u00f6nnen Sie die Bestellung zur\u00fcckgeben, sofern Sie die folgenden Bedingungen erf\u00fcllen:<\/p>\n\n<ul class=\"wp-block-list\">\n\n\n\n\n\n<\/ul><li>Das R\u00fcckgaberecht, auch Bedenkzeit genannt, bedeutet, dass Sie das Recht haben, die bestellte Ware innerhalb von 14 Tagen ohne Angabe von Gr\u00fcnden gegen Erstattung des von Ihnen gezahlten Betrages zur\u00fcckzugeben.<\/li>\n\n<li>Sie k\u00f6nnen innerhalb von 14 Tagen ab dem Tag, an dem Sie das Produkt physisch in Besitz nehmen, eine R\u00fcckgabe beschlie\u00dfen. Ihre Entscheidung zur R\u00fcckgabe muss innerhalb dieser Frist bei uns eingehen.<\/li>\n\n<li>Um das R\u00fcckgaberecht auszu\u00fcben, m\u00fcssen Sie uns durch eine eindeutige Erkl\u00e4rung (z. B. per Telefon oder E-Mail) mitteilen, dass Sie die Ware zur\u00fcckgeben m\u00f6chten. Auf unserer Website finden Sie auch ein Kontaktformular, das Sie jedoch nicht verwenden m\u00fcssen.<\/li>\n\n<li>Sie m\u00fcssen die Produkte so schnell wie m\u00f6glich an uns zur\u00fccksenden oder \u00fcbergeben, sp\u00e4testens jedoch 14 Tage nach dem Tag, an dem Sie uns \u00fcber Ihren Wunsch nach R\u00fcckgabe der bestellten Artikel informiert haben. Sie haben die unmittelbaren Kosten der R\u00fccksendung der Waren zu tragen.<\/li><ul>\n\n\n\n\n\n<\/ul>\n\n<p>Wir werden die zur\u00fcckgesandten Produkte bei Erhalt \u00fcberpr\u00fcfen. Wenn wir Sch\u00e4den oder Spuren feststellen, die darauf hindeuten, dass die Produkte in einer Weise verwendet wurden, die \u00fcber die Art, die Eigenschaften und die Funktionsweise des Produkts hinausgeht, sind Sie f\u00fcr die Wertminderung der Produkte verantwortlich.<\/p>\n\n<p>Sobald Sie die Produkte zur\u00fcckgeschickt haben, erstatten wir Ihnen alle bis zu diesem Zeitpunkt geleisteten Zahlungen. Die Versandkosten werden nur dann zur\u00fcckerstattet, wenn der Artikel besch\u00e4digt, defekt oder falsch an Sie geliefert wurde. Sie erhalten die Zahlungen so schnell wie m\u00f6glich von uns zur\u00fcck, sp\u00e4testens jedoch 14 Tage, nachdem wir Ihre Entscheidung zur R\u00fcckgabe erhalten haben.<\/p>\n\n<p>Wir erstatten Ihnen den Betrag mit demselben Zahlungsmittel, mit dem Sie die urspr\u00fcngliche Zahlung geleistet haben, es sei denn, Sie haben ausdr\u00fccklich einer anderen Erstattungsmethode zugestimmt. In jedem Fall werden wir Ihnen diese R\u00fcckzahlung nicht in Rechnung stellen. Wir k\u00f6nnen mit der R\u00fcckzahlung warten, bis wir die Waren wieder zur\u00fcckerhalten haben oder bis Sie den Nachweis erbracht haben, dass Sie die Waren zur\u00fcckgesandt haben, je nachdem, welches der fr\u00fchere Zeitpunkt ist.<\/p>\n            <\/details>\n<\/div>\n\n\n\n\n<div class=\"faqs-list wp-block-sneeboer-faqs\">\n\n    <h2 class=\"wp-block-heading\">Versand &amp; Lieferung<\/h2><details class=\"wp-block-details\">\n                <summary>\n                    <h3 class=\"wp-block-heading is-style-normal\">Kann ich eine andere Lieferadresse angeben?<\/h3>\n                <\/summary>\n                <p>Es ist m\u00f6glich, bei der Bestelladresse eine zweite Adresse anzugeben, an die wir das Paket liefern lassen k\u00f6nnen, z.B. Ihre Arbeitsadresse. Am Ende des Bestellvorgangs k\u00f6nnen Sie uns im Feld &#8220;Bemerkungen&#8221; zus\u00e4tzliche Informationen geben.<\/p>\n            <\/details><details class=\"wp-block-details\">\n                <summary>\n                    <h3 class=\"wp-block-heading is-style-normal\">Paket zur Sammelstelle schicken<\/h3>\n                <\/summary>\n                <p>Beim Versand innerhalb der Niederlande ist es leider nicht m\u00f6glich, Ihr Paket an eine Abholstelle in Ihrer N\u00e4he zu liefern. Bei Abwesenheit hinterl\u00e4sst der Zusteller einen Zettel in Ihrem Briefkasten und versucht es einen Tag sp\u00e4ter erneut.<\/p>\n            <\/details><details class=\"wp-block-details\">\n                <summary>\n                    <h3 class=\"wp-block-heading is-style-normal\">Versand nach UK, nach dem Brexit<\/h3>\n                <\/summary>\n                <p>Seit dem 1. Januar 2021 gelten neue Regeln f\u00fcr den Versand nach Gro\u00dfbritannien. Unsere Werkzeuge sind von den Einfuhrz\u00f6llen befreit, aber die Mehrwertsteuer muss bei der Ankunft im Land bezahlt werden. Sie erhalten vom Spediteur eine Rechnung, um diese zu bezahlen. Bei uns zahlen Sie die Kosten f\u00fcr den Transport zu Ihrer Adresse, aber die Mehrwertsteuer muss anschlie\u00dfend mit dem Spediteur abgerechnet werden.<\/p>\n\n<p>Wenn der Gesamtbetrag &lt;\u00a3135 ist, wird FedEx die Zahlung der Mehrwertsteuer vor der Lieferung verlangen. Liegt der Gesamtbetrag \u00fcber 135 \u20ac, k\u00f6nnen Sie nach der Lieferung eine weitere Rechnung von FedEx erwarten.<\/p>\n\n<p>Neben der Mehrwertsteuer erhebt FedEx auch eine Verwaltungsgeb\u00fchr, die von der H\u00f6he der Mehrwertsteuer abh\u00e4ngt.<\/p>\n\n<ul class=\"wp-block-list\">\n\n\n\n<\/ul><li>Wenn die Mehrwertsteuer zwischen 0,01 und 42,50 \u00a3 liegt, betr\u00e4gt die Geb\u00fchr 30 % des Mehrwertsteuerbetrags, mindestens jedoch 4,25 \u00a3.<\/li>\n\n<li>Wenn die Mehrwertsteuer \u00a342,50 &#8211; \u00a3510,00 betr\u00e4gt, betr\u00e4gt die Geb\u00fchr \u00a312,75<\/li>\n\n<li>Betr\u00e4gt die Mehrwertsteuer \u00a3510,00 oder mehr, betr\u00e4gt die Geb\u00fchr 2,5 % des Mehrwertsteuerbetrags.<\/li><ul>\n\n\n\n<\/ul>\n            <\/details><details class=\"wp-block-details\">\n                <summary>\n                    <h3 class=\"wp-block-heading is-style-normal\">Wie sind die Lieferzeiten?<\/h3>\n                <\/summary>\n                <p>Wir stellen alle Werkzeuge auf Bestellung her. Nachdem wir Ihre Bestellung erhalten haben, senden wir Ihnen eine E-Mail mit der voraussichtlichen Lieferzeit. Jedes <a href=\"https:\/\/sneeboer.com\/de\/gartengeraete\/unsere-sammlung\">Sneeboer-Gartenger\u00e4t<\/a> wird von unserem kleinen Team in Holland handgefertigt.<\/p>\n            <\/details><details class=\"wp-block-details\">\n                <summary>\n                    <h3 class=\"wp-block-heading is-style-normal\">Wie hoch sind die Versandkosten?<\/h3>\n                <\/summary>\n                <p>Die Versandkosten h\u00e4ngen von der Gr\u00f6\u00dfe, dem Gewicht und dem Lieferort des Pakets ab. Wenn Sie Ihre Bestellung eingeben, werden die Versandkosten berechnet und f\u00fcr Sie sichtbar.<\/p>\n\n<p>In den Niederlanden versenden wir alle unsere Bestellungen mit Beentjes von Heerhugowaard.<br>Ins Ausland liefern wir mit FedEx international und DPD. FedEx hat eine Liste von Ausnahmen, Postleitzahlen, die weit weg sind wie Inseln usw. In einigen F\u00e4llen k\u00f6nnen die Versandkosten h\u00f6her sein als von unserem System berechnet. In diesem Fall werden wir Sie kontaktieren.<\/p>\n\n<p>Hier finden Sie eine \u00dcbersicht der Versandarten und Zuschl\u00e4ge.<\/p>\n\n<ul class=\"wp-block-list\">\n\n\n\n\n\n<\/ul><li><strong>UK<\/strong>: FedEx: L\u00e4ngenzuschlag \u00a320<\/li>\n\n<li><strong>US &amp; Kanada<\/strong>: L\u00e4ngenzuschlag $28<\/li>\n\n<li><strong>Europa<\/strong>: DPD oder FedEx: L\u00e4ngenzuschlag \u20ac18,90 (exkl. MwSt.)<\/li>\n\n<li><strong>Andere L\u00e4nder<\/strong>: FedEx; L\u00e4ngenzuschlag \u20ac22,50<\/li><ul class=\"wp-block-list\">\n\n\n\n\n\n<\/ul>\n\n<p>Dieser Zuschlag wird beim Check-out zu den Gesamtversandkosten hinzugerechnet und richtet sich nach der L\u00e4nge eines Gartenger\u00e4ts.<\/p>\n            <\/details>\n<\/div>\n\n<\/div>\n<\/section>\n\n\n\n<section class=\"wp-block-group alignfull base-grid layer layer-contact is-layout-grid wp-container-core-group-is-layout-205bcd65 wp-block-group-is-layout-grid\">\n<div class=\"wp-block-cover alignfull layer-contact-content\"><img loading=\"lazy\" decoding=\"async\" width=\"2048\" height=\"1458\" class=\"wp-block-cover__image-background wp-image-47335\" alt=\"\" src=\"http:\/\/localhost\/wp-content\/uploads\/2025\/02\/296366184_5447336408648324_5166215579200988054_n.jpg\" data-object-fit=\"cover\" srcset=\"https:\/\/sneeboer.com\/wp-content\/uploads\/2025\/02\/296366184_5447336408648324_5166215579200988054_n.jpg 2048w, https:\/\/sneeboer.com\/wp-content\/uploads\/2025\/02\/296366184_5447336408648324_5166215579200988054_n-250x178.jpg 250w, https:\/\/sneeboer.com\/wp-content\/uploads\/2025\/02\/296366184_5447336408648324_5166215579200988054_n-500x356.jpg 500w, https:\/\/sneeboer.com\/wp-content\/uploads\/2025\/02\/296366184_5447336408648324_5166215579200988054_n-768x547.jpg 768w, https:\/\/sneeboer.com\/wp-content\/uploads\/2025\/02\/296366184_5447336408648324_5166215579200988054_n-1536x1094.jpg 1536w, https:\/\/sneeboer.com\/wp-content\/uploads\/2025\/02\/296366184_5447336408648324_5166215579200988054_n-600x427.jpg 600w\" sizes=\"auto, (max-width: 2048px) 100vw, 2048px\" \/><span aria-hidden=\"true\" class=\"wp-block-cover__background has-background-dim-0 has-background-dim\"><\/span><div class=\"wp-block-cover__inner-container is-layout-flow wp-block-cover-is-layout-flow\">\n<h2 class=\"wp-block-heading has-text-align-right is-style-alt layer-contact-title has-xx-large-font-size\">Kommst<br>du nicht<br>weiter?<\/h2>\n\n\n\n<div class=\"wp-block-group layer-contact-text has-global-padding is-layout-constrained wp-block-group-is-layout-constrained\">\n<h2 class=\"wp-block-heading\">Kontaktieren Sie uns<\/h2>\n\n\n\n<p>Bei Sneeboer sind wir immer bereit, anderen zu helfen. Bei Fragen k\u00f6nnen Sie uns gerne anrufen oder eine E-Mail schreiben. Wir werden Ihre Frage dann schnellstm\u00f6glich beantworten.<\/p>\n\n\n\n<ul class=\"wp-block-social-links has-visible-labels has-icon-color is-style-buttons layer-faq-cta-buttons is-horizontal is-layout-flex wp-block-social-links-is-layout-flex\">\n<div class=\"wp-block-outermost-icon-block\"><a class=\"icon-container has-icon-color has-red-color\" href=\"tel:+31-228511365\" style=\"color:#CC0A04;width:48px;transform:rotate(0deg) scaleX(1) scaleY(1)\" aria-label=\"Ruf an\"><svg xmlns=\"http:\/\/www.w3.org\/2000\/svg\" viewBox=\"0 0 512 512\" aria-label=\"Ruf an\"><path d=\"M493.4 24.6l-104-24c-11.3-2.6-22.9 3.3-27.5 13.9l-48 112c-4.2 9.8-1.4 21.3 6.9 28l60.6 49.6c-36 76.7-98.9 140.5-177.2 177.2l-49.6-60.6c-6.8-8.3-18.2-11.1-28-6.9l-112 48C3.9 366.5-2 378.1.6 389.4l24 104C27.1 504.2 36.7 512 48 512c256.1 0 464-207.5 464-464 0-11.2-7.7-20.9-18.6-23.4z\"><\/path><\/svg><\/a><\/div>\n\n\n<li style=\"color:#CC0A04;\" class=\"wp-social-link wp-social-link-mail has-red-color wp-block-social-link\"><a rel=\"noopener nofollow\" target=\"_blank\" href=\"mailto:info@sneeboer.com\" class=\"wp-block-social-link-anchor\"><svg width=\"24\" height=\"24\" viewBox=\"0 0 24 24\" version=\"1.1\" xmlns=\"http:\/\/www.w3.org\/2000\/svg\" aria-hidden=\"true\" focusable=\"false\"><path d=\"M19,5H5c-1.1,0-2,.9-2,2v10c0,1.1.9,2,2,2h14c1.1,0,2-.9,2-2V7c0-1.1-.9-2-2-2zm.5,12c0,.3-.2.5-.5.5H5c-.3,0-.5-.2-.5-.5V9.8l7.5,5.6,7.5-5.6V17zm0-9.1L12,13.6,4.5,7.9V7c0-.3.2-.5.5-.5h14c.3,0,.5.2.5.5v.9z\"><\/path><\/svg><span class=\"wp-block-social-link-label\">Mail<\/span><\/a><\/li><\/ul>\n<\/div>\n<\/div><\/div>\n<\/section>\n","protected":false},"excerpt":{"rendered":"<p>Kommst du nicht weiter?<\/p>\n","protected":false},"author":8062,"featured_media":0,"parent":0,"menu_order":60,"comment_status":"closed","ping_status":"closed","template":"","meta":{"inline_featured_image":false,"home_video_url":"","home_alt_img_url":"","footnotes":""},"class_list":["post-50061","page","type-page","status-publish","hentry","post"],"_links":{"self":[{"href":"https:\/\/sneeboer.com\/de\/wp-json\/wp\/v2\/pages\/50061","targetHints":{"allow":["GET"]}}],"collection":[{"href":"https:\/\/sneeboer.com\/de\/wp-json\/wp\/v2\/pages"}],"about":[{"href":"https:\/\/sneeboer.com\/de\/wp-json\/wp\/v2\/types\/page"}],"author":[{"embeddable":true,"href":"https:\/\/sneeboer.com\/de\/wp-json\/wp\/v2\/users\/8062"}],"replies":[{"embeddable":true,"href":"https:\/\/sneeboer.com\/de\/wp-json\/wp\/v2\/comments?post=50061"}],"version-history":[{"count":1,"href":"https:\/\/sneeboer.com\/de\/wp-json\/wp\/v2\/pages\/50061\/revisions"}],"predecessor-version":[{"id":62263,"href":"https:\/\/sneeboer.com\/de\/wp-json\/wp\/v2\/pages\/50061\/revisions\/62263"}],"wp:attachment":[{"href":"https:\/\/sneeboer.com\/de\/wp-json\/wp\/v2\/media?parent=50061"}],"curies":[{"name":"wp","href":"https:\/\/api.w.org\/{rel}","templated":true}]}}