{"id":68137,"date":"2026-04-20T08:49:13","date_gmt":"2026-04-20T08:49:13","guid":{"rendered":"https:\/\/sneeboer.com\/?p=68137"},"modified":"2026-04-20T08:49:13","modified_gmt":"2026-04-20T08:49:13","slug":"gebogener-griff-fur-einen-stock","status":"publish","type":"product","link":"https:\/\/sneeboer.com\/de-ch\/handgeschmiedete-gartengeraete\/gebogener-griff-fur-einen-stock","title":{"rendered":"Gebogener Griff f\u00fcr einen Stock"},"content":{"rendered":"<p>Wundersch\u00f6ner, mit Dampf gebogener Griff f\u00fcr den Sneeboer-Pflanzstock<\/p>\n<p>Das Biegen von Holz mit Dampf ist eine handwerkliche Technik, die viel Geschick erfordert. Diese gebogenen Griffe wurden von De Jong\u2019s Houtwarenfabriek in Drogeham, Friesland, hergestellt.<\/p>\n","protected":false},"excerpt":{"rendered":"<p>Wundersch\u00f6ner, mit Dampf gebogener Griff f\u00fcr den Sneeboer-Pflanzstock<\/p>\n<p>Das Biegen von Holz mit Dampf ist eine handwerkliche Technik, die viel Geschick erfordert. Diese gebogenen Griffe wurden von De Jong\u2019s Houtwarenfabriek in Drogeham, Friesland, hergestellt.<\/p>\n","protected":false},"featured_media":25255,"comment_status":"closed","ping_status":"closed","template":"","meta":{"inline_featured_image":false,"product_video_url":"","product_360_url":""},"product_brand":[1349],"product_cat":[285,167],"product_tag":[],"weeds":[],"soil_types":[],"class_list":{"0":"post-68137","1":"product","2":"type-product","3":"status-publish","4":"has-post-thumbnail","6":"product_brand-sneeboer","7":"product_cat-geraetepflege-2","8":"product_cat-spare-handle-8","9":"post","11":"first","12":"instock","13":"taxable","14":"shipping-taxable","15":"purchasable","16":"product-type-simple"},"exclude_global_add_ons":[],"addons":[],"_links":{"self":[{"href":"https:\/\/sneeboer.com\/de-ch\/wp-json\/wp\/v2\/product\/68137","targetHints":{"allow":["GET"]}}],"collection":[{"href":"https:\/\/sneeboer.com\/de-ch\/wp-json\/wp\/v2\/product"}],"about":[{"href":"https:\/\/sneeboer.com\/de-ch\/wp-json\/wp\/v2\/types\/product"}],"replies":[{"embeddable":true,"href":"https:\/\/sneeboer.com\/de-ch\/wp-json\/wp\/v2\/comments?post=68137"}],"wp:featuredmedia":[{"embeddable":true,"href":"https:\/\/sneeboer.com\/de-ch\/wp-json\/wp\/v2\/media\/25255"}],"wp:attachment":[{"href":"https:\/\/sneeboer.com\/de-ch\/wp-json\/wp\/v2\/media?parent=68137"}],"wp:term":[{"taxonomy":"product_brand","embeddable":true,"href":"https:\/\/sneeboer.com\/de-ch\/wp-json\/wp\/v2\/product_brand?post=68137"},{"taxonomy":"product_cat","embeddable":true,"href":"https:\/\/sneeboer.com\/de-ch\/wp-json\/wp\/v2\/product_cat?post=68137"},{"taxonomy":"product_tag","embeddable":true,"href":"https:\/\/sneeboer.com\/de-ch\/wp-json\/wp\/v2\/product_tag?post=68137"},{"taxonomy":"weeds","embeddable":true,"href":"https:\/\/sneeboer.com\/de-ch\/wp-json\/wp\/v2\/weeds?post=68137"},{"taxonomy":"soil_types","embeddable":true,"href":"https:\/\/sneeboer.com\/de-ch\/wp-json\/wp\/v2\/soil_types?post=68137"}],"curies":[{"name":"wp","href":"https:\/\/api.w.org\/{rel}","templated":true}]}}