{"id":68134,"date":"2026-04-20T08:49:13","date_gmt":"2026-04-20T08:49:13","guid":{"rendered":"https:\/\/sneeboer.com\/?p=68134"},"modified":"2026-04-20T08:49:13","modified_gmt":"2026-04-20T08:49:13","slug":"hollandische-sandschaufel","status":"publish","type":"product","link":"https:\/\/sneeboer.com\/de-ch\/handgeschmiedete-gartengeraete\/hollandische-sandschaufel","title":{"rendered":"Holl\u00e4ndische Sandschaufel"},"content":{"rendered":"<p>Die Schaufel zeichnet sich durch die Gr\u00f6\u00dfe des Blattes und den Winkel des Blattes zum Stiel aus. Aufgrund dieser Form eignet sich die Schaufel besser zum Aufschaufeln von losem Material als ein Spaten. Bei der L\u00e4nge des Stiels stehen verschiedene Optionen zur Auswahl.<\/p>\n","protected":false},"excerpt":{"rendered":"<p>Die Schaufel, auch \u201eBats\u201c genannt, eignet sich ideal zum Schaufeln von losem Material wie Sand, Kies, Erde, Holzsp\u00e4nen und vielem mehr.<\/p>\n","protected":false},"featured_media":1618,"comment_status":"closed","ping_status":"closed","template":"","meta":{"inline_featured_image":false,"product_video_url":"","product_360_url":""},"product_brand":[],"product_cat":[153],"product_tag":[504],"weeds":[],"soil_types":[],"class_list":{"0":"post-68134","1":"product","2":"type-product","3":"status-publish","4":"has-post-thumbnail","6":"product_cat-schaufel-2","7":"product_tag-schaufeln-de-ch","8":"post","10":"first","11":"outofstock","12":"taxable","13":"shipping-taxable","14":"purchasable","15":"product-type-variable"},"exclude_global_add_ons":false,"addons":[{"name":"Gravur","type":"custom_text","position":0,"required":false,"title_format":"heading","default":"","description_enable":true,"description":"Geben Sie bis zu 50 Zeichen ein.","placeholder_enable":false,"placeholder":"","display":"select","restrictions_type":"any_text","adjust_price":true,"price":"4.92","price_type":"quantity_based","restrictions":true,"min":"1","max":"50","options":[],"id":1684165753}],"_links":{"self":[{"href":"https:\/\/sneeboer.com\/de-ch\/wp-json\/wp\/v2\/product\/68134","targetHints":{"allow":["GET"]}}],"collection":[{"href":"https:\/\/sneeboer.com\/de-ch\/wp-json\/wp\/v2\/product"}],"about":[{"href":"https:\/\/sneeboer.com\/de-ch\/wp-json\/wp\/v2\/types\/product"}],"replies":[{"embeddable":true,"href":"https:\/\/sneeboer.com\/de-ch\/wp-json\/wp\/v2\/comments?post=68134"}],"wp:featuredmedia":[{"embeddable":true,"href":"https:\/\/sneeboer.com\/de-ch\/wp-json\/wp\/v2\/media\/1618"}],"wp:attachment":[{"href":"https:\/\/sneeboer.com\/de-ch\/wp-json\/wp\/v2\/media?parent=68134"}],"wp:term":[{"taxonomy":"product_brand","embeddable":true,"href":"https:\/\/sneeboer.com\/de-ch\/wp-json\/wp\/v2\/product_brand?post=68134"},{"taxonomy":"product_cat","embeddable":true,"href":"https:\/\/sneeboer.com\/de-ch\/wp-json\/wp\/v2\/product_cat?post=68134"},{"taxonomy":"product_tag","embeddable":true,"href":"https:\/\/sneeboer.com\/de-ch\/wp-json\/wp\/v2\/product_tag?post=68134"},{"taxonomy":"weeds","embeddable":true,"href":"https:\/\/sneeboer.com\/de-ch\/wp-json\/wp\/v2\/weeds?post=68134"},{"taxonomy":"soil_types","embeddable":true,"href":"https:\/\/sneeboer.com\/de-ch\/wp-json\/wp\/v2\/soil_types?post=68134"}],"curies":[{"name":"wp","href":"https:\/\/api.w.org\/{rel}","templated":true}]}}