{"id":68132,"date":"2023-05-09T12:19:29","date_gmt":"2023-05-09T10:19:29","guid":{"rendered":"https:\/\/sneeboer.com\/?p=68132"},"modified":"2026-04-22T16:14:45","modified_gmt":"2026-04-22T14:14:45","slug":"titan-handwildergabel","status":"publish","type":"product","link":"https:\/\/sneeboer.com\/de-ch\/handgeschmiedete-gartengeraete\/titan-handwildergabel","title":{"rendered":"Titan-Handwildergabel"},"content":{"rendered":"<p style=\"text-align: left;\">Die Titanlinie ist auch als Set erh\u00e4ltlich. Dieses Set wird in einer h\u00f6lzernen Geschenkbox geliefert und umfasst eine Transplantationsschaufel, eine Handgabel und einen Schaber, komplett mit Lederetui und mit einem Zertifikat versehen.<\/p>\n","protected":false},"excerpt":{"rendered":"<p style=\"text-align: left;\">Zu Ehren des 100-j\u00e4hrigen Bestehens von Sneeboer im Jahr 2013 wurde dieses Werkzeug entwickelt. Die Handlesegabel aus Titan ist ein Unikat mit einem Griff aus Walnussholz mit einem Messingring und dem eingravierten Sneeboer-Logo am oberen Ende des Griffs. Die Legierung ist das Geheimnis des Schmieds. Die handgeschmiedeten Zinken sind leicht geschliffen, so dass die Handlesegabel das Aussehen des Schmiedefeuers beibeh\u00e4lt. Die Titan-Gartenger\u00e4te von Sneeboer sind mit Abstand die luxuri\u00f6sesten und exklusivsten Gartenger\u00e4te!<\/p>\n<p>><\/p>\n","protected":false},"featured_media":25124,"comment_status":"closed","ping_status":"closed","template":"","meta":{"inline_featured_image":false,"product_video_url":"","product_360_url":""},"product_brand":[],"product_cat":[101,105,117,121,244,248],"product_tag":[1180,621,1429,1436,1427,1438,1428,1437],"weeds":[],"soil_types":[],"class_list":{"0":"post-68132","1":"product","2":"type-product","3":"status-publish","4":"has-post-thumbnail","6":"product_cat-hand-tools-4","7":"product_cat-handgeraete-2","8":"product_cat-luxury-line-4","9":"product_cat-luxus-kollektion-2","10":"product_cat-titanium-en-us","11":"product_cat-ensemble-de-titane-4","12":"product_tag-aerate-en-us","13":"product_tag-beluchten-de-ch","14":"product_tag-cultifying","15":"product_tag-graben","17":"product_tag-kultivierung","18":"product_tag-unkraut-entfernen","20":"post","22":"first","23":"instock","24":"taxable","25":"shipping-taxable","26":"purchasable","27":"product-type-simple"},"exclude_global_add_ons":[],"addons":[],"_links":{"self":[{"href":"https:\/\/sneeboer.com\/de-ch\/wp-json\/wp\/v2\/product\/68132","targetHints":{"allow":["GET"]}}],"collection":[{"href":"https:\/\/sneeboer.com\/de-ch\/wp-json\/wp\/v2\/product"}],"about":[{"href":"https:\/\/sneeboer.com\/de-ch\/wp-json\/wp\/v2\/types\/product"}],"replies":[{"embeddable":true,"href":"https:\/\/sneeboer.com\/de-ch\/wp-json\/wp\/v2\/comments?post=68132"}],"wp:featuredmedia":[{"embeddable":true,"href":"https:\/\/sneeboer.com\/de-ch\/wp-json\/wp\/v2\/media\/25124"}],"wp:attachment":[{"href":"https:\/\/sneeboer.com\/de-ch\/wp-json\/wp\/v2\/media?parent=68132"}],"wp:term":[{"taxonomy":"product_brand","embeddable":true,"href":"https:\/\/sneeboer.com\/de-ch\/wp-json\/wp\/v2\/product_brand?post=68132"},{"taxonomy":"product_cat","embeddable":true,"href":"https:\/\/sneeboer.com\/de-ch\/wp-json\/wp\/v2\/product_cat?post=68132"},{"taxonomy":"product_tag","embeddable":true,"href":"https:\/\/sneeboer.com\/de-ch\/wp-json\/wp\/v2\/product_tag?post=68132"},{"taxonomy":"weeds","embeddable":true,"href":"https:\/\/sneeboer.com\/de-ch\/wp-json\/wp\/v2\/weeds?post=68132"},{"taxonomy":"soil_types","embeddable":true,"href":"https:\/\/sneeboer.com\/de-ch\/wp-json\/wp\/v2\/soil_types?post=68132"}],"curies":[{"name":"wp","href":"https:\/\/api.w.org\/{rel}","templated":true}]}}