{"id":68130,"date":"2026-04-20T08:49:12","date_gmt":"2026-04-20T08:49:12","guid":{"rendered":"https:\/\/sneeboer.com\/?p=68130"},"modified":"2026-04-20T08:49:12","modified_gmt":"2026-04-20T08:49:12","slug":"bodenbohrer-mit-gebogenem-griff","status":"publish","type":"product","link":"https:\/\/sneeboer.com\/de-ch\/handgeschmiedete-gartengeraete\/bodenbohrer-mit-gebogenem-griff","title":{"rendered":"Bodenbohrer mit gebogenem Griff"},"content":{"rendered":"<p>Der Bodenprobenehmer kommt zum Einsatz, wenn die Qualit\u00e4t und Zusammensetzung des Bodens bestimmt werden m\u00fcssen. Die Bodenprobe erm\u00f6glicht eine genaue Analyse dessen, was der Boden ben\u00f6tigt, um das Pflanzenwachstum zu f\u00f6rdern. Der Bodenprobenehmer ist mit Gummigriffen und einem Werkzeug (\u201eDaumen\u201c) ausgestattet, um den Boden einfach und sicher aus dem Loch zu dr\u00fccken.<\/p>\n","protected":false},"excerpt":{"rendered":"<p>Der Bodenprobenehmer wurde f\u00fcr die Entnahme von Bodenproben aus dem Boden entwickelt. Er besteht aus Edelstahl und dringt m\u00fchelos in den Boden ein. Der breite Griff sorgt daf\u00fcr, dass betr\u00e4chtliche Kraft auf den Probenehmer ausge\u00fcbt werden kann und dass er sich leicht drehen l\u00e4sst.<\/p>\n","protected":false},"featured_media":32680,"comment_status":"closed","ping_status":"closed","template":"","meta":{"inline_featured_image":false,"product_video_url":"","product_360_url":""},"product_brand":[1349],"product_cat":[212],"product_tag":[949],"weeds":[],"soil_types":[],"class_list":{"0":"post-68130","1":"product","2":"type-product","3":"status-publish","4":"has-post-thumbnail","6":"product_brand-sneeboer","7":"product_cat-special-collections-6","8":"product_tag-guts","9":"post","11":"first","12":"instock","13":"taxable","14":"shipping-taxable","15":"purchasable","16":"product-type-simple"},"exclude_global_add_ons":[],"addons":[],"_links":{"self":[{"href":"https:\/\/sneeboer.com\/de-ch\/wp-json\/wp\/v2\/product\/68130","targetHints":{"allow":["GET"]}}],"collection":[{"href":"https:\/\/sneeboer.com\/de-ch\/wp-json\/wp\/v2\/product"}],"about":[{"href":"https:\/\/sneeboer.com\/de-ch\/wp-json\/wp\/v2\/types\/product"}],"replies":[{"embeddable":true,"href":"https:\/\/sneeboer.com\/de-ch\/wp-json\/wp\/v2\/comments?post=68130"}],"wp:featuredmedia":[{"embeddable":true,"href":"https:\/\/sneeboer.com\/de-ch\/wp-json\/wp\/v2\/media\/32680"}],"wp:attachment":[{"href":"https:\/\/sneeboer.com\/de-ch\/wp-json\/wp\/v2\/media?parent=68130"}],"wp:term":[{"taxonomy":"product_brand","embeddable":true,"href":"https:\/\/sneeboer.com\/de-ch\/wp-json\/wp\/v2\/product_brand?post=68130"},{"taxonomy":"product_cat","embeddable":true,"href":"https:\/\/sneeboer.com\/de-ch\/wp-json\/wp\/v2\/product_cat?post=68130"},{"taxonomy":"product_tag","embeddable":true,"href":"https:\/\/sneeboer.com\/de-ch\/wp-json\/wp\/v2\/product_tag?post=68130"},{"taxonomy":"weeds","embeddable":true,"href":"https:\/\/sneeboer.com\/de-ch\/wp-json\/wp\/v2\/weeds?post=68130"},{"taxonomy":"soil_types","embeddable":true,"href":"https:\/\/sneeboer.com\/de-ch\/wp-json\/wp\/v2\/soil_types?post=68130"}],"curies":[{"name":"wp","href":"https:\/\/api.w.org\/{rel}","templated":true}]}}