{"id":68128,"date":"2026-04-20T08:49:12","date_gmt":"2026-04-20T08:49:12","guid":{"rendered":"https:\/\/sneeboer.com\/?p=68128"},"modified":"2026-04-20T08:49:12","modified_gmt":"2026-04-20T08:49:12","slug":"titan-set","status":"publish","type":"product","link":"https:\/\/sneeboer.com\/de-ch\/handgeschmiedete-gartengeraete\/titan-set","title":{"rendered":"Titan set"},"content":{"rendered":"<p>Die Titan-Serie ist auch als Set erh\u00e4ltlich. Dieses Set wird in einer Geschenkbox aus Holz geliefert und enth\u00e4lt eine Pflanzschaufel,<\/p>\n<p>eine Handgabel und einen Schaber, komplett mit einem Lederetui und einem Zertifikat.<\/p>\n","protected":false},"excerpt":{"rendered":"<p>Dieses Titanwerkzeug wurde anl\u00e4sslich des 100-j\u00e4hrigen Jubil\u00e4ums von Sneeboer im Jahr 2013 entwickelt. Das Titanset ist ein Unikat. Das Set besteht aus einer Pflanzkelle, einer Handgabel und einem Schaber, die jeweils mit einem Walnussholzgriff mit Messingring versehen sind und auf deren Griffoberseite das Sneeboer-Logo eingraviert ist. Die Legierung ist das Geheimnis des Schmieds. Die handgeschmiedeten Werkzeuge sind geh\u00e4rtet und leicht geschliffen, sodass sie das vom Schmiedefeuer gepr\u00e4gte Aussehen behalten.<\/p>\n","protected":false},"featured_media":0,"comment_status":"closed","ping_status":"closed","template":"","meta":{"inline_featured_image":false,"product_video_url":"","product_360_url":""},"product_brand":[],"product_cat":[248],"product_tag":[494,500,524,532],"weeds":[],"soil_types":[],"class_list":{"0":"post-68128","1":"product","2":"type-product","3":"status-publish","5":"product_cat-ensemble-de-titane-4","6":"product_tag-bepflanzung-de-ch","7":"product_tag-eintopfen-de-ch","8":"product_tag-umpflanzen-de-ch","9":"product_tag-unkraut-entfernen-de-ch","10":"post","12":"first","13":"instock","14":"taxable","15":"shipping-taxable","16":"purchasable","17":"product-type-simple"},"exclude_global_add_ons":false,"addons":[{"name":"Gravur","type":"custom_text","position":0,"required":false,"title_format":"heading","default":"","description_enable":true,"description":"Geben Sie bis zu 50 Zeichen ein.","placeholder_enable":false,"placeholder":"","display":"select","restrictions_type":"any_text","adjust_price":true,"price":"4.92","price_type":"quantity_based","restrictions":true,"min":"1","max":"50","options":[],"id":1684165753}],"_links":{"self":[{"href":"https:\/\/sneeboer.com\/de-ch\/wp-json\/wp\/v2\/product\/68128","targetHints":{"allow":["GET"]}}],"collection":[{"href":"https:\/\/sneeboer.com\/de-ch\/wp-json\/wp\/v2\/product"}],"about":[{"href":"https:\/\/sneeboer.com\/de-ch\/wp-json\/wp\/v2\/types\/product"}],"replies":[{"embeddable":true,"href":"https:\/\/sneeboer.com\/de-ch\/wp-json\/wp\/v2\/comments?post=68128"}],"wp:attachment":[{"href":"https:\/\/sneeboer.com\/de-ch\/wp-json\/wp\/v2\/media?parent=68128"}],"wp:term":[{"taxonomy":"product_brand","embeddable":true,"href":"https:\/\/sneeboer.com\/de-ch\/wp-json\/wp\/v2\/product_brand?post=68128"},{"taxonomy":"product_cat","embeddable":true,"href":"https:\/\/sneeboer.com\/de-ch\/wp-json\/wp\/v2\/product_cat?post=68128"},{"taxonomy":"product_tag","embeddable":true,"href":"https:\/\/sneeboer.com\/de-ch\/wp-json\/wp\/v2\/product_tag?post=68128"},{"taxonomy":"weeds","embeddable":true,"href":"https:\/\/sneeboer.com\/de-ch\/wp-json\/wp\/v2\/weeds?post=68128"},{"taxonomy":"soil_types","embeddable":true,"href":"https:\/\/sneeboer.com\/de-ch\/wp-json\/wp\/v2\/soil_types?post=68128"}],"curies":[{"name":"wp","href":"https:\/\/api.w.org\/{rel}","templated":true}]}}