{"id":68124,"date":"2023-05-09T12:34:29","date_gmt":"2023-05-09T10:34:29","guid":{"rendered":"https:\/\/sneeboer.com\/?p=68124"},"modified":"2026-04-21T10:26:44","modified_gmt":"2026-04-21T08:26:44","slug":"schaufel-aus-titan-12-cm","status":"publish","type":"product","link":"https:\/\/sneeboer.com\/de-ch\/handgeschmiedete-gartengeraete\/schaufel-aus-titan-12-cm","title":{"rendered":"Schaufel aus Titan 12 cm"},"content":{"rendered":"<p style=\"text-align: left\">Die Titanlinie ist auch als Set erh\u00e4ltlich. Dieses Set wird in einer h\u00f6lzernen Geschenkbox geliefert und umfasst eine Transplantationsschaufel, eine Handgabel und einen Schaber, komplett mit Lederetui und mit einem Zertifikat versehen.<\/p>\n","protected":false},"excerpt":{"rendered":"<p style=\"text-align: left\">Zu Ehren des 100-j\u00e4hrigen Bestehens von Sneeboer im Jahr 2013 wurde dieses Werkzeug entwickelt. Der Titanschaber ist ein Unikat mit einem Griff aus Walnussholz mit einem Messingring und dem eingravierten Sneeboer-Logo auf der Oberseite des Griffs. Die Legierung ist das Geheimnis des Schmieds. Die handgeschmiedete Klinge ist geh\u00e4rtet und leicht geschliffen, damit die Schaufel das Aussehen des Schmiedefeuers beibeh\u00e4lt. Die Titan-Gartenger\u00e4te von Sneeboer sind mit Abstand die luxuri\u00f6sesten und exklusivsten Gartenger\u00e4te!<\/p>\n<p>&gt;<\/p>\n","protected":false},"featured_media":26481,"comment_status":"closed","ping_status":"closed","template":"","meta":{"inline_featured_image":false,"product_video_url":"","product_360_url":""},"product_brand":[],"product_cat":[105,121,248],"product_tag":[1418],"weeds":[],"soil_types":[],"class_list":{"0":"post-68124","1":"product","2":"type-product","3":"status-publish","4":"has-post-thumbnail","6":"product_cat-handgeraete-2","7":"product_cat-luxus-kollektion-2","8":"product_cat-ensemble-de-titane-4","9":"product_tag-unkraut-jaten","10":"post","12":"first","13":"instock","14":"taxable","15":"shipping-taxable","16":"purchasable","17":"product-type-simple"},"exclude_global_add_ons":[],"addons":[],"_links":{"self":[{"href":"https:\/\/sneeboer.com\/de-ch\/wp-json\/wp\/v2\/product\/68124","targetHints":{"allow":["GET"]}}],"collection":[{"href":"https:\/\/sneeboer.com\/de-ch\/wp-json\/wp\/v2\/product"}],"about":[{"href":"https:\/\/sneeboer.com\/de-ch\/wp-json\/wp\/v2\/types\/product"}],"replies":[{"embeddable":true,"href":"https:\/\/sneeboer.com\/de-ch\/wp-json\/wp\/v2\/comments?post=68124"}],"wp:featuredmedia":[{"embeddable":true,"href":"https:\/\/sneeboer.com\/de-ch\/wp-json\/wp\/v2\/media\/26481"}],"wp:attachment":[{"href":"https:\/\/sneeboer.com\/de-ch\/wp-json\/wp\/v2\/media?parent=68124"}],"wp:term":[{"taxonomy":"product_brand","embeddable":true,"href":"https:\/\/sneeboer.com\/de-ch\/wp-json\/wp\/v2\/product_brand?post=68124"},{"taxonomy":"product_cat","embeddable":true,"href":"https:\/\/sneeboer.com\/de-ch\/wp-json\/wp\/v2\/product_cat?post=68124"},{"taxonomy":"product_tag","embeddable":true,"href":"https:\/\/sneeboer.com\/de-ch\/wp-json\/wp\/v2\/product_tag?post=68124"},{"taxonomy":"weeds","embeddable":true,"href":"https:\/\/sneeboer.com\/de-ch\/wp-json\/wp\/v2\/weeds?post=68124"},{"taxonomy":"soil_types","embeddable":true,"href":"https:\/\/sneeboer.com\/de-ch\/wp-json\/wp\/v2\/soil_types?post=68124"}],"curies":[{"name":"wp","href":"https:\/\/api.w.org\/{rel}","templated":true}]}}