{"id":65824,"date":"2026-03-13T12:08:00","date_gmt":"2026-03-13T11:08:00","guid":{"rendered":"https:\/\/sneeboer.com\/handgesmeed-tuingereedschap\/arends-pflanzschaufel"},"modified":"2026-03-13T12:08:00","modified_gmt":"2026-03-13T11:08:00","slug":"arends-pflanzschaufel","status":"publish","type":"product","link":"https:\/\/sneeboer.com\/de-ch\/handgeschmiedete-gartengeraete\/arends-pflanzschaufel","title":{"rendered":"Arends-Pflanzschaufel"},"content":{"rendered":"\n<p>Die <strong>Arends-Pflanzschaufel<\/strong> wurde speziell f\u00fcr die Staudeng\u00e4rtnerei Arends entwickelt. Diese G\u00e4rtnerei wurde 1888 von Georg Arends in Ronsdorf, Deutschland, gegr\u00fcndet. Viele seiner gez\u00fcchteten Stauden erhielten h\u00f6chste Auszeichnungen der englischen Royal Horticultural Society. Um 1920 wurde die Arends-Pflanzschaufel eingef\u00fchrt. Die Grundlage bildet eine Maurerkelle f\u00fcr den professionellen Einsatz, die weiterentwickelt wurde, um die Arbeit im Garten effizienter und angenehmer zu machen. In Zusammenarbeit mit Anja Maubach, der Enkelin von Georg Arends, hat Sneeboer diese Arends-Pflanzschaufel mit gro\u00dfer Begeisterung wieder auf den Markt gebracht. Die Arends-Pflanzschaufel ist mit einem Griff aus Eschenholz oder Kirschholz erh\u00e4ltlich.<\/p>\n","protected":false},"excerpt":{"rendered":"<p>Die Arends-Pflanzschaufel hat ein breites, spitz zulaufendes Blatt, das sich ideal dazu eignet, in den Boden einzudringen und ein Pflanzloch auszuheben. Der \u00dcbergang vom Blatt zum Griff ist gebogen, sodass das Handgelenk m\u00f6glichst wenig belastet wird.<\/p>\n","protected":false},"featured_media":25841,"comment_status":"open","ping_status":"closed","template":"","meta":{"inline_featured_image":false,"product_video_url":"","product_360_url":""},"product_brand":[],"product_cat":[105,185],"product_tag":[494,332,524],"weeds":[],"soil_types":[],"class_list":{"0":"post-65824","1":"product","2":"type-product","3":"status-publish","4":"has-post-thumbnail","6":"product_cat-handgeraete-2","7":"product_cat-kelle-2","8":"product_tag-bepflanzung-de-ch","9":"product_tag-graben-de-ch","10":"product_tag-umpflanzen-de-ch","11":"post","13":"first","14":"instock","15":"taxable","16":"shipping-taxable","17":"purchasable","18":"product-type-variable"},"exclude_global_add_ons":false,"addons":[{"name":"Gravur","type":"custom_text","position":0,"required":false,"title_format":"heading","default":"","description_enable":true,"description":"Geben Sie bis zu 50 Zeichen ein.","placeholder_enable":false,"placeholder":"","display":"select","restrictions_type":"any_text","adjust_price":true,"price":"4.92","price_type":"quantity_based","restrictions":true,"min":"1","max":"50","options":[],"id":1684165753}],"_links":{"self":[{"href":"https:\/\/sneeboer.com\/de-ch\/wp-json\/wp\/v2\/product\/65824","targetHints":{"allow":["GET"]}}],"collection":[{"href":"https:\/\/sneeboer.com\/de-ch\/wp-json\/wp\/v2\/product"}],"about":[{"href":"https:\/\/sneeboer.com\/de-ch\/wp-json\/wp\/v2\/types\/product"}],"replies":[{"embeddable":true,"href":"https:\/\/sneeboer.com\/de-ch\/wp-json\/wp\/v2\/comments?post=65824"}],"wp:featuredmedia":[{"embeddable":true,"href":"https:\/\/sneeboer.com\/de-ch\/wp-json\/wp\/v2\/media\/25841"}],"wp:attachment":[{"href":"https:\/\/sneeboer.com\/de-ch\/wp-json\/wp\/v2\/media?parent=65824"}],"wp:term":[{"taxonomy":"product_brand","embeddable":true,"href":"https:\/\/sneeboer.com\/de-ch\/wp-json\/wp\/v2\/product_brand?post=65824"},{"taxonomy":"product_cat","embeddable":true,"href":"https:\/\/sneeboer.com\/de-ch\/wp-json\/wp\/v2\/product_cat?post=65824"},{"taxonomy":"product_tag","embeddable":true,"href":"https:\/\/sneeboer.com\/de-ch\/wp-json\/wp\/v2\/product_tag?post=65824"},{"taxonomy":"weeds","embeddable":true,"href":"https:\/\/sneeboer.com\/de-ch\/wp-json\/wp\/v2\/weeds?post=65824"},{"taxonomy":"soil_types","embeddable":true,"href":"https:\/\/sneeboer.com\/de-ch\/wp-json\/wp\/v2\/soil_types?post=65824"}],"curies":[{"name":"wp","href":"https:\/\/api.w.org\/{rel}","templated":true}]}}