{"id":64609,"date":"2023-05-09T12:51:50","date_gmt":"2023-05-09T10:51:50","guid":{"rendered":"https:\/\/sneeboer.com\/handgesmeed-tuingereedschap\/sneeboer-muetze"},"modified":"2023-05-09T12:51:50","modified_gmt":"2023-05-09T10:51:50","slug":"sneeboer-muetze","status":"publish","type":"product","link":"https:\/\/sneeboer.com\/de-ch\/handgeschmiedete-gartengeraete\/sneeboer-muetze","title":{"rendered":"Sneeboer M\u00fctze"},"content":{"rendered":"\n<p><strong>Eigenschaften:<\/strong><\/p>\n\n\n\n<ul class=\"wp-block-list\">\n<li>Hergestellt von einem Familienunternehmen in Portugal<\/li>\n\n\n\n<li>Unterst\u00fctzt die europ\u00e4ische Bekleidungsindustrie<\/li>\n\n\n\n<li>Kuschelig warm und bequem<\/li>\n\n\n\n<li>Rot gesticktes Sneeboer-Logo<\/li>\n\n\n\n<li>Flach ist die M\u00fctze 22 cm breit und 22 cm hoch<\/li>\n<\/ul>\n\n\n\n<p><\/p>\n","protected":false},"excerpt":{"rendered":"<p>Diese bequeme Sneeboer M\u00fctze h\u00e4lt Sie an kalten Wintertagen sch\u00f6n warm. Die M\u00fctze wird von einem Familienunternehmen in Portugal hergestellt, womit Sneeboer bewusst die europ\u00e4ische Bekleidungsindustrie unterst\u00fctzt. Eine Entscheidung, die zu unserer Vision von Handwerkskunst und Nachhaltigkeit passt.<\/p>\n<p>Der weiche Stoff ist angenehm zu tragen und bleibt sch\u00f6n in Form. Das Sneeboer-Logo ist als erkennbares und stilvolles Detail in Rot auf den Rand gestickt.<\/p>\n","protected":false},"featured_media":64603,"comment_status":"closed","ping_status":"closed","template":"","meta":{"inline_featured_image":false,"product_video_url":"","product_360_url":""},"product_brand":[],"product_cat":[258],"product_tag":[494,332,524],"weeds":[],"soil_types":[],"class_list":{"0":"post-64609","1":"product","2":"type-product","3":"status-publish","4":"has-post-thumbnail","6":"product_cat-sonstiges-2","7":"product_tag-bepflanzung-de-ch","8":"product_tag-graben-de-ch","9":"product_tag-umpflanzen-de-ch","10":"post","12":"first","13":"instock","14":"taxable","15":"shipping-taxable","16":"purchasable","17":"product-type-simple"},"exclude_global_add_ons":[],"addons":[],"_links":{"self":[{"href":"https:\/\/sneeboer.com\/de-ch\/wp-json\/wp\/v2\/product\/64609","targetHints":{"allow":["GET"]}}],"collection":[{"href":"https:\/\/sneeboer.com\/de-ch\/wp-json\/wp\/v2\/product"}],"about":[{"href":"https:\/\/sneeboer.com\/de-ch\/wp-json\/wp\/v2\/types\/product"}],"replies":[{"embeddable":true,"href":"https:\/\/sneeboer.com\/de-ch\/wp-json\/wp\/v2\/comments?post=64609"}],"wp:featuredmedia":[{"embeddable":true,"href":"https:\/\/sneeboer.com\/de-ch\/wp-json\/wp\/v2\/media\/64603"}],"wp:attachment":[{"href":"https:\/\/sneeboer.com\/de-ch\/wp-json\/wp\/v2\/media?parent=64609"}],"wp:term":[{"taxonomy":"product_brand","embeddable":true,"href":"https:\/\/sneeboer.com\/de-ch\/wp-json\/wp\/v2\/product_brand?post=64609"},{"taxonomy":"product_cat","embeddable":true,"href":"https:\/\/sneeboer.com\/de-ch\/wp-json\/wp\/v2\/product_cat?post=64609"},{"taxonomy":"product_tag","embeddable":true,"href":"https:\/\/sneeboer.com\/de-ch\/wp-json\/wp\/v2\/product_tag?post=64609"},{"taxonomy":"weeds","embeddable":true,"href":"https:\/\/sneeboer.com\/de-ch\/wp-json\/wp\/v2\/weeds?post=64609"},{"taxonomy":"soil_types","embeddable":true,"href":"https:\/\/sneeboer.com\/de-ch\/wp-json\/wp\/v2\/soil_types?post=64609"}],"curies":[{"name":"wp","href":"https:\/\/api.w.org\/{rel}","templated":true}]}}