{"id":61576,"date":"2025-11-03T13:52:14","date_gmt":"2025-11-03T12:52:14","guid":{"rendered":"https:\/\/sneeboer.com\/handgesmeed-tuingereedschap\/kinder-rechen"},"modified":"2025-11-03T14:03:52","modified_gmt":"2025-11-03T13:03:52","slug":"kinder-rechen-2","status":"publish","type":"product","link":"https:\/\/sneeboer.com\/de-ch\/handgeschmiedete-gartengeraete\/kinder-rechen-2","title":{"rendered":"Kinder Rechen"},"content":{"rendered":"\n<p>Wie der Vater, so der Sohn, wie die Mutter, so die Tochter. Kinder ahmen gerne ihre Eltern nach, wenn sie sehen, dass diese Spa\u00df an dem haben, was sie tun. Das gilt auch f\u00fcr die Gartenarbeit. Da Kinder genau wie Sie keine Lust auf verbogene oder kaputte Werkzeuge haben, hat Sneeboer eine spezielle Werkzeugserie f\u00fcr Kinder entwickelt. Diese Kinderserie wird nach derselben Methode und in derselben Qualit\u00e4t hergestellt wie die Werkzeuge, die Sie von uns gewohnt sind. Kinder ab 6 Jahren k\u00f6nnen diese Werkzeuge unter Aufsicht eines Erwachsenen benutzen.<\/p>\n\n\n\n<p>Im Vergleich zu unseren anderen Kinderwerkzeugen ist das Design dieser Kinderwerkzeuge robuster, wodurch sie etwas schwerer sind. Dadurch sind die Werkzeuge auch stabiler und halten den Belastungen besser stand, wenn das Kind gr\u00f6\u00dfer wird. Dar\u00fcber hinaus werden diese Werkzeuge auch von \u00e4lteren Menschen mit Gelenkproblemen verwendet, da sie sich aufgrund ihrer geringeren Gr\u00f6\u00dfe und ihres geringeren Gewichts im Vergleich zu unseren regul\u00e4ren Werkzeugen hervorragend f\u00fcr leichte Gartenarbeiten durch Erwachsene eignen.<\/p>\n\n\n\n<p>Durch ihr geringes Gewicht sind die Werkzeuge auch f\u00fcr kleinere G\u00e4rtner besonders handlich, wobei hochwertiger rostfreier Stahl f\u00fcr echte Qualit\u00e4t sorgt. Was man in jungen Jahren lernt, bleibt einem ein Leben lang in Erinnerung, und diese Werkzeuge werden ihnen immer in Erinnerung bleiben.<\/p>\n","protected":false},"excerpt":{"rendered":"<p>Von klein auf mit sicheren, kindgerechten Werkzeugen im Garten zu arbeiten, ist eine Erfahrung, die Ihre Lieben nie vergessen werden.<\/p>\n","protected":false},"featured_media":61615,"comment_status":"closed","ping_status":"closed","template":"","meta":{"inline_featured_image":false,"product_video_url":"","product_360_url":""},"product_brand":[],"product_cat":[424],"product_tag":[1343],"weeds":[],"soil_types":[],"class_list":{"0":"post-61576","1":"product","2":"type-product","3":"status-publish","4":"has-post-thumbnail","6":"product_cat-rechen-de-ch","7":"product_tag-kinderen-de-ch","8":"post","10":"first","11":"instock","12":"taxable","13":"shipping-taxable","14":"purchasable","15":"product-type-simple"},"exclude_global_add_ons":false,"addons":[{"name":"Gravur","type":"custom_text","position":0,"required":false,"title_format":"heading","default":"","description_enable":true,"description":"Geben Sie bis zu 50 Zeichen ein.","placeholder_enable":false,"placeholder":"","display":"select","restrictions_type":"any_text","adjust_price":true,"price":"4.92","price_type":"quantity_based","restrictions":true,"min":"1","max":"50","options":[],"id":1684165753}],"_links":{"self":[{"href":"https:\/\/sneeboer.com\/de-ch\/wp-json\/wp\/v2\/product\/61576","targetHints":{"allow":["GET"]}}],"collection":[{"href":"https:\/\/sneeboer.com\/de-ch\/wp-json\/wp\/v2\/product"}],"about":[{"href":"https:\/\/sneeboer.com\/de-ch\/wp-json\/wp\/v2\/types\/product"}],"replies":[{"embeddable":true,"href":"https:\/\/sneeboer.com\/de-ch\/wp-json\/wp\/v2\/comments?post=61576"}],"wp:featuredmedia":[{"embeddable":true,"href":"https:\/\/sneeboer.com\/de-ch\/wp-json\/wp\/v2\/media\/61615"}],"wp:attachment":[{"href":"https:\/\/sneeboer.com\/de-ch\/wp-json\/wp\/v2\/media?parent=61576"}],"wp:term":[{"taxonomy":"product_brand","embeddable":true,"href":"https:\/\/sneeboer.com\/de-ch\/wp-json\/wp\/v2\/product_brand?post=61576"},{"taxonomy":"product_cat","embeddable":true,"href":"https:\/\/sneeboer.com\/de-ch\/wp-json\/wp\/v2\/product_cat?post=61576"},{"taxonomy":"product_tag","embeddable":true,"href":"https:\/\/sneeboer.com\/de-ch\/wp-json\/wp\/v2\/product_tag?post=61576"},{"taxonomy":"weeds","embeddable":true,"href":"https:\/\/sneeboer.com\/de-ch\/wp-json\/wp\/v2\/weeds?post=61576"},{"taxonomy":"soil_types","embeddable":true,"href":"https:\/\/sneeboer.com\/de-ch\/wp-json\/wp\/v2\/soil_types?post=61576"}],"curies":[{"name":"wp","href":"https:\/\/api.w.org\/{rel}","templated":true}]}}