{"id":53735,"date":"2023-08-04T14:21:21","date_gmt":"2023-08-04T12:21:21","guid":{"rendered":"https:\/\/sneeboer.com\/handgesmeed-tuingereedschap\/rasenbeluefter"},"modified":"2024-03-05T10:26:39","modified_gmt":"2024-03-05T09:26:39","slug":"rasenbeluefter","status":"publish","type":"product","link":"https:\/\/sneeboer.com\/de-ch\/handgeschmiedete-gartengeraete\/rasenbeluefter","title":{"rendered":"Rasenbel\u00fcfter"},"content":{"rendered":"<p>Der Rasenbel\u00fcfter erzeugt Hohlr\u00e4ume, die f\u00fcr eine optimale Gesundheit des Rasens sorgen, indem sie Sauerstoff an die Graswurzeln gelangen lassen. Statt die Erde in die Wurzelstrukturen zu dr\u00fccken, wird sie aus dem Ger\u00e4t auf den Rasen ausgeworfen. Durch diese Methode wird der Boden aufgelockert und N\u00e4hrstoffe k\u00f6nnen die Wurzeln leichter erreichen. Ein weiterer Vorteil dabei ist, dass die entfernte Erde auf dem Gras verteilt wird und es so mit N\u00e4hrstoffen versorgt. Au\u00dferdem verringern die L\u00f6cher den Wasserabfluss, so dass weniger Bew\u00e4sserung erforderlich ist. Wir empfehlen die Verwendung des Rasenbel\u00fcfters von Mai bis September, vorzugsweise nach einem oder mehreren Regentagen. Denken Sie daran, dass ein Rasen etwa 4 Wochen braucht, um sich vom Vertikutieren zu erholen. Die Bel\u00fcftung des Rasens st\u00e4rkt die Wurzeln \u2013 und kr\u00e4ftige Wurzeln sind gleichbedeutend mit einem \u00fcppigen, gr\u00fcnen Rasen. Dieses Ger\u00e4t ist mit einem 80 cm langen Griff aus Eschenholz erh\u00e4ltlich.<\/p>\n","protected":false},"excerpt":{"rendered":"<p>Der Rasenbel\u00fcfter wurde speziell daf\u00fcr entwickelt, den Rasen optimal zu durchl\u00fcften, damit das Gras gedeihen kann. Dank der konischen Form lassen sich die beiden hohlen Edelstahlzinken mit Leichtigkeit in den Rasen treiben, um L\u00f6cher zu erzeugen. Durch diese L\u00f6cher gelangen Wasser und N\u00e4hrstoffe leichter zu den Wurzeln des Grases, so dass es schneller wachsen kann. Der Rasenbel\u00fcfter verhindert eine zu starke Verdichtung des Bodens und sorgt so f\u00fcr einen gesunden und kr\u00e4ftigen Rasen.<\/p>\n","protected":false},"featured_media":66284,"comment_status":"closed","ping_status":"closed","template":"","meta":{"inline_featured_image":false,"product_video_url":"","product_360_url":"\/wp-content\/uploads\/2026\/03\/8030-140450\/8030_140450.xml"},"product_brand":[],"product_cat":[95,176],"product_tag":[],"weeds":[],"soil_types":[],"class_list":{"0":"post-53735","1":"product","2":"type-product","3":"status-publish","4":"has-post-thumbnail","6":"product_cat-rasenkantenstecher-2","7":"product_cat-spezial-geraete-2","8":"post","10":"first","11":"instock","12":"taxable","13":"shipping-taxable","14":"purchasable","15":"product-type-simple"},"exclude_global_add_ons":false,"addons":[{"name":"Gravur","type":"custom_text","position":0,"required":false,"title_format":"heading","default":"","description_enable":true,"description":"Geben Sie bis zu 50 Zeichen ein.","placeholder_enable":false,"placeholder":"","display":"select","restrictions_type":"any_text","adjust_price":true,"price":"4.92","price_type":"quantity_based","restrictions":true,"min":"1","max":"50","options":[],"id":1684165753}],"_links":{"self":[{"href":"https:\/\/sneeboer.com\/de-ch\/wp-json\/wp\/v2\/product\/53735","targetHints":{"allow":["GET"]}}],"collection":[{"href":"https:\/\/sneeboer.com\/de-ch\/wp-json\/wp\/v2\/product"}],"about":[{"href":"https:\/\/sneeboer.com\/de-ch\/wp-json\/wp\/v2\/types\/product"}],"replies":[{"embeddable":true,"href":"https:\/\/sneeboer.com\/de-ch\/wp-json\/wp\/v2\/comments?post=53735"}],"wp:featuredmedia":[{"embeddable":true,"href":"https:\/\/sneeboer.com\/de-ch\/wp-json\/wp\/v2\/media\/66284"}],"wp:attachment":[{"href":"https:\/\/sneeboer.com\/de-ch\/wp-json\/wp\/v2\/media?parent=53735"}],"wp:term":[{"taxonomy":"product_brand","embeddable":true,"href":"https:\/\/sneeboer.com\/de-ch\/wp-json\/wp\/v2\/product_brand?post=53735"},{"taxonomy":"product_cat","embeddable":true,"href":"https:\/\/sneeboer.com\/de-ch\/wp-json\/wp\/v2\/product_cat?post=53735"},{"taxonomy":"product_tag","embeddable":true,"href":"https:\/\/sneeboer.com\/de-ch\/wp-json\/wp\/v2\/product_tag?post=53735"},{"taxonomy":"weeds","embeddable":true,"href":"https:\/\/sneeboer.com\/de-ch\/wp-json\/wp\/v2\/weeds?post=53735"},{"taxonomy":"soil_types","embeddable":true,"href":"https:\/\/sneeboer.com\/de-ch\/wp-json\/wp\/v2\/soil_types?post=53735"}],"curies":[{"name":"wp","href":"https:\/\/api.w.org\/{rel}","templated":true}]}}