{"id":53579,"date":"2023-05-10T07:12:46","date_gmt":"2023-05-10T05:12:46","guid":{"rendered":"https:\/\/sneeboer.com\/handgesmeed-tuingereedschap\/kartoffelpflanzer"},"modified":"2025-10-14T18:18:32","modified_gmt":"2025-10-14T16:18:32","slug":"kartoffelpflanzer","status":"publish","type":"product","link":"https:\/\/sneeboer.com\/de-ch\/handgeschmiedete-gartengeraete\/kartoffelpflanzer","title":{"rendered":"Kartoffelpflanzer"},"content":{"rendered":"<p>Noch nie war es so einfach, ein Pflanzloch f\u00fcr Kartoffeln oder gro\u00dfe Zwiebeln zu stechen! Zun\u00e4chst wird das Pflanzgef\u00e4\u00df mit den Stiefeln in den Boden gerammt, danach um 45 Grad zur Seite gedreht und schlie\u00dflich aus dem Boden gezogen. Beim Stechen des n\u00e4chsten Lochs wird die Erde aus dem vorigen Loch dann oben aus dem Ger\u00e4t herausgeschleudert. Der Kartoffelpflanzer ist mit einem Ring aus rostfreiem Stahl erh\u00e4ltlich, der das gesamte Ger\u00e4t umschlie\u00dft. Dieser Ring begrenzt die maximale Tiefe des Lochs auf 140 mm bei einer maximalen Breite von 100 mm. Au\u00dferdem bieten wir eine Version dieses Ger\u00e4ts ohne Ring an, daf\u00fcr aber mit einem stabilen Auftritt an der Seite und einem Griff aus Eschenholz.<\/p>\n","protected":false},"excerpt":{"rendered":"<p>Der Kartoffelpflanzer ist ideal zum Pflanzen von Kartoffeln oder gro\u00dfen Blumenzwiebeln. Das Ger\u00e4t ist komplett aus rostfreiem Stahl gefertigt, mit einer konischen Spitze, die sich leicht in den Boden treiben l\u00e4sst und ein Verstopfen verhindert. F\u00fcr mehr Komfort sind die Griffe gummiert.<\/p>\n","protected":false},"featured_media":25529,"comment_status":"closed","ping_status":"closed","template":"","meta":{"inline_featured_image":false,"product_video_url":"","product_360_url":""},"product_brand":[],"product_cat":[130],"product_tag":[494],"weeds":[],"soil_types":[],"class_list":{"0":"post-53579","1":"product","2":"type-product","3":"status-publish","4":"has-post-thumbnail","6":"product_cat-pflanzer-2","7":"product_tag-bepflanzung-de-ch","8":"post","10":"first","11":"instock","12":"taxable","13":"shipping-taxable","14":"purchasable","15":"product-type-simple"},"exclude_global_add_ons":[],"addons":[],"_links":{"self":[{"href":"https:\/\/sneeboer.com\/de-ch\/wp-json\/wp\/v2\/product\/53579","targetHints":{"allow":["GET"]}}],"collection":[{"href":"https:\/\/sneeboer.com\/de-ch\/wp-json\/wp\/v2\/product"}],"about":[{"href":"https:\/\/sneeboer.com\/de-ch\/wp-json\/wp\/v2\/types\/product"}],"replies":[{"embeddable":true,"href":"https:\/\/sneeboer.com\/de-ch\/wp-json\/wp\/v2\/comments?post=53579"}],"wp:featuredmedia":[{"embeddable":true,"href":"https:\/\/sneeboer.com\/de-ch\/wp-json\/wp\/v2\/media\/25529"}],"wp:attachment":[{"href":"https:\/\/sneeboer.com\/de-ch\/wp-json\/wp\/v2\/media?parent=53579"}],"wp:term":[{"taxonomy":"product_brand","embeddable":true,"href":"https:\/\/sneeboer.com\/de-ch\/wp-json\/wp\/v2\/product_brand?post=53579"},{"taxonomy":"product_cat","embeddable":true,"href":"https:\/\/sneeboer.com\/de-ch\/wp-json\/wp\/v2\/product_cat?post=53579"},{"taxonomy":"product_tag","embeddable":true,"href":"https:\/\/sneeboer.com\/de-ch\/wp-json\/wp\/v2\/product_tag?post=53579"},{"taxonomy":"weeds","embeddable":true,"href":"https:\/\/sneeboer.com\/de-ch\/wp-json\/wp\/v2\/weeds?post=53579"},{"taxonomy":"soil_types","embeddable":true,"href":"https:\/\/sneeboer.com\/de-ch\/wp-json\/wp\/v2\/soil_types?post=53579"}],"curies":[{"name":"wp","href":"https:\/\/api.w.org\/{rel}","templated":true}]}}