{"id":53471,"date":"2023-05-10T07:06:42","date_gmt":"2023-05-10T05:06:42","guid":{"rendered":"https:\/\/sneeboer.com\/handgesmeed-tuingereedschap\/flasche-pflegeoel-leinsaat"},"modified":"2023-08-28T15:32:13","modified_gmt":"2023-08-28T13:32:13","slug":"flasche-pflegeoel-leinsaat","status":"publish","type":"product","link":"https:\/\/sneeboer.com\/de-ch\/handgeschmiedete-gartengeraete\/flasche-pflegeoel-leinsaat","title":{"rendered":"Flasche Pflege\u00f6l Leinsaat"},"content":{"rendered":"","protected":false},"excerpt":{"rendered":"<p>Um Ihre Sneeboer-Gartenger\u00e4te perfekt in Schuss zu halten, empfehlen wir, Holzstiele und Bl\u00e4tter mit gekochtem Lein\u00f6l zu behandeln. Das \u00d6l sch\u00fctzt Ihre Werkzeuge vor Witterungseinfl\u00fcssen und sorgt daf\u00fcr, dass Sie Ihnen jahrelang erhalten bleiben. Wir empfehlen, die Stiele mindestens zweimal im Jahr zu behandeln, um sie Wind und Wetter zu sch\u00fctzen.<\/p>\n","protected":false},"featured_media":25499,"comment_status":"closed","ping_status":"closed","template":"","meta":{"inline_featured_image":false,"product_video_url":"","product_360_url":""},"product_brand":[],"product_cat":[285],"product_tag":[486],"weeds":[],"soil_types":[],"class_list":{"0":"post-53471","1":"product","2":"type-product","3":"status-publish","4":"has-post-thumbnail","6":"product_cat-geraetepflege-2","7":"product_tag-wartung-de-ch","8":"post","10":"first","11":"instock","12":"taxable","13":"shipping-taxable","14":"purchasable","15":"product-type-simple"},"exclude_global_add_ons":[],"addons":[],"_links":{"self":[{"href":"https:\/\/sneeboer.com\/de-ch\/wp-json\/wp\/v2\/product\/53471","targetHints":{"allow":["GET"]}}],"collection":[{"href":"https:\/\/sneeboer.com\/de-ch\/wp-json\/wp\/v2\/product"}],"about":[{"href":"https:\/\/sneeboer.com\/de-ch\/wp-json\/wp\/v2\/types\/product"}],"replies":[{"embeddable":true,"href":"https:\/\/sneeboer.com\/de-ch\/wp-json\/wp\/v2\/comments?post=53471"}],"wp:featuredmedia":[{"embeddable":true,"href":"https:\/\/sneeboer.com\/de-ch\/wp-json\/wp\/v2\/media\/25499"}],"wp:attachment":[{"href":"https:\/\/sneeboer.com\/de-ch\/wp-json\/wp\/v2\/media?parent=53471"}],"wp:term":[{"taxonomy":"product_brand","embeddable":true,"href":"https:\/\/sneeboer.com\/de-ch\/wp-json\/wp\/v2\/product_brand?post=53471"},{"taxonomy":"product_cat","embeddable":true,"href":"https:\/\/sneeboer.com\/de-ch\/wp-json\/wp\/v2\/product_cat?post=53471"},{"taxonomy":"product_tag","embeddable":true,"href":"https:\/\/sneeboer.com\/de-ch\/wp-json\/wp\/v2\/product_tag?post=53471"},{"taxonomy":"weeds","embeddable":true,"href":"https:\/\/sneeboer.com\/de-ch\/wp-json\/wp\/v2\/weeds?post=53471"},{"taxonomy":"soil_types","embeddable":true,"href":"https:\/\/sneeboer.com\/de-ch\/wp-json\/wp\/v2\/soil_types?post=53471"}],"curies":[{"name":"wp","href":"https:\/\/api.w.org\/{rel}","templated":true}]}}