{"id":53255,"date":"2023-05-09T21:36:25","date_gmt":"2023-05-09T19:36:25","guid":{"rendered":"https:\/\/sneeboer.com\/handgesmeed-tuingereedschap\/spitzen-schuffel-20-cm"},"modified":"2023-08-28T15:33:10","modified_gmt":"2023-08-28T13:33:10","slug":"spitzen-schuffel-20-cm","status":"publish","type":"product","link":"https:\/\/sneeboer.com\/de-ch\/handgeschmiedete-gartengeraete\/spitzen-schuffel-20-cm","title":{"rendered":"Spitzen-Schuffel 20 cm"},"content":{"rendered":"<p>Mit der Spitzen-Schuffel l\u00e4sst sich in Trockenperioden zu Beginn des Jahres Unkraut um die Pflanzen herum leicht in Schach halten, da es in dieser Zeit eine geringere Chance hat, nachzuwachsen. Unkraut hat es schwerer, im Schatten der Pflanzen nachzuwachsen, was sich mit dieser Schuffel effektiv f\u00f6rdern l\u00e4sst. Die Spitzen-Schuffel wird mit einer 20 cm breiten Klinge und einem 155 cm langen Eschenholzstiel mit Knauf geliefert.<\/p>\n","protected":false},"excerpt":{"rendered":"<p>Mit der Spitzen-Schuffel l\u00e4sst sich aufgrund des ergonomischen Designs Unkraut auch bei aufrechter Haltung leicht bek\u00e4mpfen. Dank des besonderen Design mit einer 20 cm breiten, spitz zulaufende Klinge beseitigt diese Schuffel m\u00fchelos bereits gewachsenes sowie aufkeimendes Unkraut. Die vier Seiten der Spitzen-Schuffel sind handgeschmiedet und an allen Kanten gesch\u00e4rft. Das macht sie zum perfekten Gartenger\u00e4t f\u00fcr die einfache und fachm\u00e4nnische Entfernung von Unkraut, ohne dabei Pflanzen und Gem\u00fcse zu besch\u00e4digen<\/p>\n","protected":false},"featured_media":25665,"comment_status":"closed","ping_status":"closed","template":"","meta":{"inline_featured_image":false,"product_video_url":"","product_360_url":""},"product_brand":[],"product_cat":[144],"product_tag":[472,532],"weeds":[],"soil_types":[],"class_list":{"0":"post-53255","1":"product","2":"type-product","3":"status-publish","4":"has-post-thumbnail","6":"product_cat-schuffel-und-hacken-2","7":"product_tag-furchung-de-ch","8":"product_tag-unkraut-entfernen-de-ch","9":"post","11":"first","12":"instock","13":"taxable","14":"shipping-taxable","15":"purchasable","16":"product-type-simple"},"exclude_global_add_ons":false,"addons":[{"name":"Gravur","type":"custom_text","position":0,"required":false,"title_format":"heading","default":"","description_enable":true,"description":"Geben Sie bis zu 50 Zeichen ein.","placeholder_enable":false,"placeholder":"","display":"select","restrictions_type":"any_text","adjust_price":true,"price":"4.92","price_type":"quantity_based","restrictions":true,"min":"1","max":"50","options":[],"id":1684165753}],"_links":{"self":[{"href":"https:\/\/sneeboer.com\/de-ch\/wp-json\/wp\/v2\/product\/53255","targetHints":{"allow":["GET"]}}],"collection":[{"href":"https:\/\/sneeboer.com\/de-ch\/wp-json\/wp\/v2\/product"}],"about":[{"href":"https:\/\/sneeboer.com\/de-ch\/wp-json\/wp\/v2\/types\/product"}],"replies":[{"embeddable":true,"href":"https:\/\/sneeboer.com\/de-ch\/wp-json\/wp\/v2\/comments?post=53255"}],"wp:featuredmedia":[{"embeddable":true,"href":"https:\/\/sneeboer.com\/de-ch\/wp-json\/wp\/v2\/media\/25665"}],"wp:attachment":[{"href":"https:\/\/sneeboer.com\/de-ch\/wp-json\/wp\/v2\/media?parent=53255"}],"wp:term":[{"taxonomy":"product_brand","embeddable":true,"href":"https:\/\/sneeboer.com\/de-ch\/wp-json\/wp\/v2\/product_brand?post=53255"},{"taxonomy":"product_cat","embeddable":true,"href":"https:\/\/sneeboer.com\/de-ch\/wp-json\/wp\/v2\/product_cat?post=53255"},{"taxonomy":"product_tag","embeddable":true,"href":"https:\/\/sneeboer.com\/de-ch\/wp-json\/wp\/v2\/product_tag?post=53255"},{"taxonomy":"weeds","embeddable":true,"href":"https:\/\/sneeboer.com\/de-ch\/wp-json\/wp\/v2\/weeds?post=53255"},{"taxonomy":"soil_types","embeddable":true,"href":"https:\/\/sneeboer.com\/de-ch\/wp-json\/wp\/v2\/soil_types?post=53255"}],"curies":[{"name":"wp","href":"https:\/\/api.w.org\/{rel}","templated":true}]}}