{"id":53246,"date":"2023-05-09T21:35:50","date_gmt":"2023-05-09T19:35:50","guid":{"rendered":"https:\/\/sneeboer.com\/handgesmeed-tuingereedschap\/rauten-schuffel-16-cm"},"modified":"2023-08-28T15:33:13","modified_gmt":"2023-08-28T13:33:13","slug":"rauten-schuffel-16-cm","status":"publish","type":"product","link":"https:\/\/sneeboer.com\/de-ch\/handgeschmiedete-gartengeraete\/rauten-schuffel-16-cm","title":{"rendered":"Rauten-Schuffel 16 cm"},"content":{"rendered":"<p>Mit der Rauten-Schuffel l\u00e4sst sich in Trockenperioden zu Beginn des Jahres Unkraut um die Pflanzen herum leicht in Schach halten, da es in dieser Zeit eine geringere Chance hat, nachzuwachsen. Unkraut hat es schwerer, im Schatten der Pflanzen nachzuwachsen, was sich mit dieser Schuffel effektiv f\u00f6rdern l\u00e4sst. Die Rauten-Schuffel wird mit einer 16 cm breiten Klinge und einem 155 cm langen Eschenholzstiel mit Knauf geliefert.<\/p>\n","protected":false},"excerpt":{"rendered":"<p>Mit der Rauten-Schuffel l\u00e4sst sich aufgrund des ergonomischen Designs Unkraut auch bei aufrechter Haltung leicht bek\u00e4mpfen. Dank des einzigartigen Designs mit einer 16 cm breiten, rautenf\u00f6rmigen Klinge beseitigt diese Schuffel bereits gewachsenes sowie aufkeimendes Unkraut mit \u00e4u\u00dferster Pr\u00e4zision. Die vier Seiten der Rauten-Schuffel sind handgeschmiedet und an allen Kanten gesch\u00e4rft. Das macht sie zum perfekten Gartenger\u00e4t f\u00fcr die einfache und fachm\u00e4nnische Entfernung von Unkraut, ohne dabei Pflanzen und Gem\u00fcse zu besch\u00e4digen.<\/p>\n","protected":false},"featured_media":25663,"comment_status":"closed","ping_status":"closed","template":"","meta":{"inline_featured_image":false,"product_video_url":"","product_360_url":""},"product_brand":[],"product_cat":[144],"product_tag":[532],"weeds":[],"soil_types":[],"class_list":{"0":"post-53246","1":"product","2":"type-product","3":"status-publish","4":"has-post-thumbnail","6":"product_cat-schuffel-und-hacken-2","7":"product_tag-unkraut-entfernen-de-ch","8":"post","10":"first","11":"instock","12":"taxable","13":"shipping-taxable","14":"purchasable","15":"product-type-simple"},"exclude_global_add_ons":false,"addons":[{"name":"Gravur","type":"custom_text","position":0,"required":false,"title_format":"heading","default":"","description_enable":true,"description":"Geben Sie bis zu 50 Zeichen ein.","placeholder_enable":false,"placeholder":"","display":"select","restrictions_type":"any_text","adjust_price":true,"price":"4.92","price_type":"quantity_based","restrictions":true,"min":"1","max":"50","options":[],"id":1684165753}],"_links":{"self":[{"href":"https:\/\/sneeboer.com\/de-ch\/wp-json\/wp\/v2\/product\/53246","targetHints":{"allow":["GET"]}}],"collection":[{"href":"https:\/\/sneeboer.com\/de-ch\/wp-json\/wp\/v2\/product"}],"about":[{"href":"https:\/\/sneeboer.com\/de-ch\/wp-json\/wp\/v2\/types\/product"}],"replies":[{"embeddable":true,"href":"https:\/\/sneeboer.com\/de-ch\/wp-json\/wp\/v2\/comments?post=53246"}],"wp:featuredmedia":[{"embeddable":true,"href":"https:\/\/sneeboer.com\/de-ch\/wp-json\/wp\/v2\/media\/25663"}],"wp:attachment":[{"href":"https:\/\/sneeboer.com\/de-ch\/wp-json\/wp\/v2\/media?parent=53246"}],"wp:term":[{"taxonomy":"product_brand","embeddable":true,"href":"https:\/\/sneeboer.com\/de-ch\/wp-json\/wp\/v2\/product_brand?post=53246"},{"taxonomy":"product_cat","embeddable":true,"href":"https:\/\/sneeboer.com\/de-ch\/wp-json\/wp\/v2\/product_cat?post=53246"},{"taxonomy":"product_tag","embeddable":true,"href":"https:\/\/sneeboer.com\/de-ch\/wp-json\/wp\/v2\/product_tag?post=53246"},{"taxonomy":"weeds","embeddable":true,"href":"https:\/\/sneeboer.com\/de-ch\/wp-json\/wp\/v2\/weeds?post=53246"},{"taxonomy":"soil_types","embeddable":true,"href":"https:\/\/sneeboer.com\/de-ch\/wp-json\/wp\/v2\/soil_types?post=53246"}],"curies":[{"name":"wp","href":"https:\/\/api.w.org\/{rel}","templated":true}]}}